{"id":88381,"date":"2025-11-27T08:44:32","date_gmt":"2025-11-27T01:44:32","guid":{"rendered":"https:\/\/trading.hhg.vn\/product\/van-goc-voi-dau-ra-bo-loc-sieu-nho-g-3-8\/"},"modified":"2025-12-17T08:08:25","modified_gmt":"2025-12-17T01:08:25","slug":"van-goc-voi-dau-ra-bo-loc-sieu-nho-g-3-8","status":"publish","type":"product","link":"https:\/\/trading.hhg.vn\/en\/s\u1ea3n-ph\u1ea9m\/van-goc-voi-dau-ra-bo-loc-sieu-nho-g-3-8\/","title":{"rendered":"Van g\u00f3c v\u1edbi \u0111\u1ea7u ra b\u1ed9 l\u1ecdc si\u00eau nh\u1ecf G 3\/8"},"content":{"rendered":"","protected":false},"excerpt":{"rendered":"<p>Van g\u00f3c v\u1edbi \u0111\u1ea7u ra b\u1ed9 l\u1ecdc si\u00eau nh\u1ecf G 3\/8 l\u00e0 gi\u1ea3i ph\u00e1p ho\u00e0n h\u1ea3o cho h\u1ec7 th\u1ed1ng n\u01b0\u1edbc c\u1ee7a b\u1ea1n. V\u1edbi thi\u1ebft k\u1ebf tinh t\u1ebf, van mang \u0111\u1ebfn v\u1ebb \u0111\u1eb9p hi\u1ec7n \u0111\u1ea1i v\u00e0 sang tr\u1ecdng cho kh\u00f4ng gian. C\u00f4ng n\u0103ng v\u01b0\u1ee3t tr\u1ed9i c\u1ee7a b\u1ed9 l\u1ecdc si\u00eau nh\u1ecf gi\u00fap lo\u1ea1i b\u1ecf t\u1ea1p ch\u1ea5t hi\u1ec7u qu\u1ea3, \u0111\u1ea3m b\u1ea3o ngu\u1ed3n n\u01b0\u1edbc s\u1ea1ch tinh khi\u1ebft cho m\u1ecdi nhu c\u1ea7u. Tr\u1ea3i nghi\u1ec7m s\u1eed d\u1ee5ng \u00eam \u00e1i, d\u1ec5 d\u00e0ng \u0111i\u1ec1u ch\u1ec9nh, mang l\u1ea1i s\u1ef1 ti\u1ec7n l\u1ee3i v\u00e0 an t\u00e2m tuy\u1ec7t \u0111\u1ed1i. S\u1ea3n ph\u1ea9m l\u00e0 s\u1ef1 k\u1ebft h\u1ee3p ho\u00e0n h\u1ea3o gi\u1eefa th\u1ea9m m\u1ef9 v\u00e0 hi\u1ec7u su\u1ea5t, n\u00e2ng t\u1ea7m ch\u1ea5t l\u01b0\u1ee3ng cu\u1ed9c s\u1ed1ng.<\/p>\n","protected":false},"featured_media":44391,"comment_status":"open","ping_status":"closed","template":"","meta":{"_acf_changed":false},"product_cat":[859],"product_tag":[],"class_list":{"0":"post-88381","1":"product","2":"type-product","3":"status-publish","4":"has-post-thumbnail","6":"product_cat-van-goc","7":"pa_mau-sac-chrome","9":"first","10":"instock","11":"shipping-taxable","12":"purchasable","13":"product-type-simple"},"acf":[],"featured_media_urls":{"thumbnail":["https:\/\/trading.hhg.vn\/wp-content\/uploads\/2025\/11\/154__hpa00620_tif-150x150.png",150,150,true],"medium":["https:\/\/trading.hhg.vn\/wp-content\/uploads\/2025\/11\/154__hpa00620_tif-262x300.png",262,300,true],"medium_large":["https:\/\/trading.hhg.vn\/wp-content\/uploads\/2025\/11\/154__hpa00620_tif-768x878.png",768,878,true],"large":["https:\/\/trading.hhg.vn\/wp-content\/uploads\/2025\/11\/154__hpa00620_tif-896x1024.png",896,1024,true],"1536x1536":["https:\/\/trading.hhg.vn\/wp-content\/uploads\/2025\/11\/154__hpa00620_tif-1344x1536.png",1344,1536,true],"2048x2048":["https:\/\/trading.hhg.vn\/wp-content\/uploads\/2025\/11\/154__hpa00620_tif.png",1440,1646,false],"woocommerce_thumbnail":["https:\/\/trading.hhg.vn\/wp-content\/uploads\/2025\/11\/154__hpa00620_tif-600x600.png",600,600,true],"woocommerce_single":["https:\/\/trading.hhg.vn\/wp-content\/uploads\/2025\/11\/154__hpa00620_tif-1200x1372.png",1200,1372,true],"woocommerce_gallery_thumbnail":["https:\/\/trading.hhg.vn\/wp-content\/uploads\/2025\/11\/154__hpa00620_tif-150x171.png",150,171,true],"portfolio_item-thumbnail":["https:\/\/trading.hhg.vn\/wp-content\/uploads\/2025\/11\/154__hpa00620_tif.png",350,400,false],"portfolio_item-thumbnail@2x":["https:\/\/trading.hhg.vn\/wp-content\/uploads\/2025\/11\/154__hpa00620_tif.png",700,800,false],"portfolio_item-masonry":["https:\/\/trading.hhg.vn\/wp-content\/uploads\/2025\/11\/154__hpa00620_tif.png",600,686,false],"portfolio_item-masonry@2x":["https:\/\/trading.hhg.vn\/wp-content\/uploads\/2025\/11\/154__hpa00620_tif.png",1200,1372,false],"portfolio_item-thumbnail_cinema":["https:\/\/trading.hhg.vn\/wp-content\/uploads\/2025\/11\/154__hpa00620_tif.png",293,335,false],"portfolio_item-thumbnail_portrait":["https:\/\/trading.hhg.vn\/wp-content\/uploads\/2025\/11\/154__hpa00620_tif.png",600,686,false],"portfolio_item-thumbnail_portrait@2x":["https:\/\/trading.hhg.vn\/wp-content\/uploads\/2025\/11\/154__hpa00620_tif.png",1200,1372,false],"portfolio_item-thumbnail_square":["https:\/\/trading.hhg.vn\/wp-content\/uploads\/2025\/11\/154__hpa00620_tif.png",700,800,false]},"_links":{"self":[{"href":"https:\/\/trading.hhg.vn\/en\/wp-json\/wp\/v2\/product\/88381","targetHints":{"allow":["GET"]}}],"collection":[{"href":"https:\/\/trading.hhg.vn\/en\/wp-json\/wp\/v2\/product"}],"about":[{"href":"https:\/\/trading.hhg.vn\/en\/wp-json\/wp\/v2\/types\/product"}],"replies":[{"embeddable":true,"href":"https:\/\/trading.hhg.vn\/en\/wp-json\/wp\/v2\/comments?post=88381"}],"version-history":[{"count":0,"href":"https:\/\/trading.hhg.vn\/en\/wp-json\/wp\/v2\/product\/88381\/revisions"}],"wp:featuredmedia":[{"embeddable":true,"href":"https:\/\/trading.hhg.vn\/en\/wp-json\/wp\/v2\/media\/44391"}],"wp:attachment":[{"href":"https:\/\/trading.hhg.vn\/en\/wp-json\/wp\/v2\/media?parent=88381"}],"wp:term":[{"taxonomy":"product_cat","embeddable":true,"href":"https:\/\/trading.hhg.vn\/en\/wp-json\/wp\/v2\/product_cat?post=88381"},{"taxonomy":"product_tag","embeddable":true,"href":"https:\/\/trading.hhg.vn\/en\/wp-json\/wp\/v2\/product_tag?post=88381"}],"curies":[{"name":"wp","href":"https:\/\/api.w.org\/{rel}","templated":true}]}}