{"id":88384,"date":"2025-11-27T08:44:40","date_gmt":"2025-11-27T01:44:40","guid":{"rendered":"https:\/\/trading.hhg.vn\/product\/sen-tran-460-3-duong-nuoc-kem-sen-tay-rainmaker-select\/"},"modified":"2026-01-28T07:40:06","modified_gmt":"2026-01-28T00:40:06","slug":"sen-tran-460-3-duong-nuoc-kem-sen-tay-rainmaker-select","status":"publish","type":"product","link":"https:\/\/trading.hhg.vn\/en\/s\u1ea3n-ph\u1ea9m\/sen-tran-460-3-duong-nuoc-kem-sen-tay-rainmaker-select\/","title":{"rendered":"Sen tr\u1ea7n 460 3 \u0111\u01b0\u1eddng n\u01b0\u1edbc k\u00e8m sen tay Rainmaker Select"},"content":{"rendered":"<p><img fetchpriority=\"high\" decoding=\"async\" class=\"alignnone wp-image-7559 aligncenter\" src=\"https:\/\/trading.hhg.vn\/wp-content\/uploads\/2025\/11\/rainmaker-1.png\" alt=\"\" width=\"606\" height=\"454\" \/>D\u00f2ng s\u1ea3n ph\u1ea9m Hansgrohe Rainmaker l\u00e0 bi\u1ec3u t\u01b0\u1ee3ng c\u1ee7a s\u1ef1 sang tr\u1ecdng v\u00e0 tinh t\u1ebf trong thi\u1ebft k\u1ebf ph\u00f2ng t\u1eafm cao c\u1ea5p. V\u1edbi khung m\u1ea1 cr\u00f4m thanh m\u1ea3nh c\u00f9ng \u0111\u0129a phun th\u1ee7y tinh ch\u1ea5t l\u01b0\u1ee3ng cao m\u00e0u tr\u1eafng ho\u1eb7c \u0111en, Rainmaker mang \u0111\u1ebfn v\u1ebb \u0111\u1eb9p hi\u1ec7n \u0111\u1ea1i, t\u1ed1i gi\u1ea3n nh\u01b0ng \u0111\u1ea7y \u1ea5n t\u01b0\u1ee3ng.<\/p>\n<p>Ng\u01b0\u1eddi d\u00f9ng c\u00f3 th\u1ec3 l\u1ef1a ch\u1ecdn phi\u00ean b\u1ea3n 580 \u2013 l\u1eafp tr\u1ef1c ti\u1ebfp l\u00ean t\u01b0\u1eddng, ho\u1eb7c phi\u00ean b\u1ea3n 460 \u2013 g\u1eafn tr\u1ea7n ho\u1eb7c t\u01b0\u1eddng th\u00f4ng qua tay sen, t\u00f9y theo s\u1edf th\u00edch v\u00e0 phong c\u00e1ch ki\u1ebfn tr\u00fac. \u0110\u1ea7u sen c\u1ee1 XXL mang l\u1ea1i tr\u1ea3i nghi\u1ec7m t\u1eafm \u0111\u1eafm ch\u00ecm nh\u01b0 \u0111ang \u0111\u1ee9ng gi\u1eefa c\u01a1n m\u01b0a t\u1ef1 nhi\u00ean, v\u1edbi c\u00e1c ch\u1ebf \u0111\u1ed9 phun Rain, RainFlow v\u00e0 WhirlAir\/Massage cho c\u1ea3m gi\u00e1c th\u01b0 gi\u00e3n t\u1ed1i \u0111a.<\/p>\n<p>Rainmaker c\u00f2n \u0111\u01b0\u1ee3c thi\u1ebft k\u1ebf ti\u1ec7n l\u1ee3i cho vi\u1ec7c b\u1ea3o d\u01b0\u1ee1ng: c\u00e1c \u0111\u0129a phun c\u00f3 th\u1ec3 th\u00e1o r\u1eddi d\u1ec5 d\u00e0ng, v\u00e0 v\u1edbi c\u00f4ng ngh\u1ec7 QuickClean, ng\u01b0\u1eddi d\u00f9ng c\u00f3 th\u1ec3 lo\u1ea1i b\u1ecf c\u1eb7n v\u00f4i nhanh ch\u00f3ng \u2013 gi\u1eef cho v\u00f2i sen lu\u00f4n s\u00e1ng b\u00f3ng, ho\u1ea1t \u0111\u1ed9ng b\u1ec1n b\u1ec9 v\u00e0 mang l\u1ea1i tr\u1ea3i nghi\u1ec7m ho\u00e0n h\u1ea3o m\u1ed7i ng\u00e0y.<\/p>\n","protected":false},"excerpt":{"rendered":"<p>Sen tr\u1ea7n 460 v\u1edbi thi\u1ebft k\u1ebf Rainmaker Select tinh t\u1ebf, mang \u0111\u1ebfn tr\u1ea3i nghi\u1ec7m t\u1eafm th\u01b0 gi\u00e3n tuy\u1ec7t \u0111\u1ec9nh. Ba ch\u1ebf \u0111\u1ed9 phun m\u1ea1nh m\u1ebd c\u00f9ng sen tay ti\u1ec7n l\u1ee3i, t\u1ea5t c\u1ea3 g\u00f3i g\u1ecdn trong m\u1ed9t s\u1ea3n ph\u1ea9m \u0111\u1ed9t ph\u00e1, n\u00e2ng t\u1ea7m kh\u00f4ng gian ph\u00f2ng t\u1eafm c\u1ee7a b\u1ea1n l\u00ean m\u1ed9t \u0111\u1eb3ng c\u1ea5p sang tr\u1ecdng m\u1edbi.<\/p>\n","protected":false},"featured_media":88382,"comment_status":"open","ping_status":"closed","template":"","meta":{"_acf_changed":false},"product_cat":[843],"product_tag":[],"class_list":{"0":"post-88384","1":"product","2":"type-product","3":"status-publish","4":"has-post-thumbnail","6":"product_cat-bat-sen-tran","7":"pa_mau-sac-trang","9":"first","10":"instock","11":"shipping-taxable","12":"purchasable","13":"product-type-simple"},"acf":[],"featured_media_urls":{"thumbnail":["https:\/\/trading.hhg.vn\/wp-content\/uploads\/2025\/11\/154__hpa01691_tif-150x150.png",150,150,true],"medium":["https:\/\/trading.hhg.vn\/wp-content\/uploads\/2025\/11\/154__hpa01691_tif-262x300.png",262,300,true],"medium_large":["https:\/\/trading.hhg.vn\/wp-content\/uploads\/2025\/11\/154__hpa01691_tif-768x878.png",768,878,true],"large":["https:\/\/trading.hhg.vn\/wp-content\/uploads\/2025\/11\/154__hpa01691_tif-896x1024.png",896,1024,true],"1536x1536":["https:\/\/trading.hhg.vn\/wp-content\/uploads\/2025\/11\/154__hpa01691_tif-1344x1536.png",1344,1536,true],"2048x2048":["https:\/\/trading.hhg.vn\/wp-content\/uploads\/2025\/11\/154__hpa01691_tif.png",1440,1646,false],"woocommerce_thumbnail":["https:\/\/trading.hhg.vn\/wp-content\/uploads\/2025\/11\/154__hpa01691_tif-600x600.png",600,600,true],"woocommerce_single":["https:\/\/trading.hhg.vn\/wp-content\/uploads\/2025\/11\/154__hpa01691_tif-1200x1372.png",1200,1372,true],"woocommerce_gallery_thumbnail":["https:\/\/trading.hhg.vn\/wp-content\/uploads\/2025\/11\/154__hpa01691_tif-150x171.png",150,171,true],"portfolio_item-thumbnail":["https:\/\/trading.hhg.vn\/wp-content\/uploads\/2025\/11\/154__hpa01691_tif.png",350,400,false],"portfolio_item-thumbnail@2x":["https:\/\/trading.hhg.vn\/wp-content\/uploads\/2025\/11\/154__hpa01691_tif.png",700,800,false],"portfolio_item-masonry":["https:\/\/trading.hhg.vn\/wp-content\/uploads\/2025\/11\/154__hpa01691_tif.png",600,686,false],"portfolio_item-masonry@2x":["https:\/\/trading.hhg.vn\/wp-content\/uploads\/2025\/11\/154__hpa01691_tif.png",1200,1372,false],"portfolio_item-thumbnail_cinema":["https:\/\/trading.hhg.vn\/wp-content\/uploads\/2025\/11\/154__hpa01691_tif.png",293,335,false],"portfolio_item-thumbnail_portrait":["https:\/\/trading.hhg.vn\/wp-content\/uploads\/2025\/11\/154__hpa01691_tif.png",600,686,false],"portfolio_item-thumbnail_portrait@2x":["https:\/\/trading.hhg.vn\/wp-content\/uploads\/2025\/11\/154__hpa01691_tif.png",1200,1372,false],"portfolio_item-thumbnail_square":["https:\/\/trading.hhg.vn\/wp-content\/uploads\/2025\/11\/154__hpa01691_tif.png",700,800,false]},"_links":{"self":[{"href":"https:\/\/trading.hhg.vn\/en\/wp-json\/wp\/v2\/product\/88384","targetHints":{"allow":["GET"]}}],"collection":[{"href":"https:\/\/trading.hhg.vn\/en\/wp-json\/wp\/v2\/product"}],"about":[{"href":"https:\/\/trading.hhg.vn\/en\/wp-json\/wp\/v2\/types\/product"}],"replies":[{"embeddable":true,"href":"https:\/\/trading.hhg.vn\/en\/wp-json\/wp\/v2\/comments?post=88384"}],"version-history":[{"count":1,"href":"https:\/\/trading.hhg.vn\/en\/wp-json\/wp\/v2\/product\/88384\/revisions"}],"predecessor-version":[{"id":118440,"href":"https:\/\/trading.hhg.vn\/en\/wp-json\/wp\/v2\/product\/88384\/revisions\/118440"}],"wp:featuredmedia":[{"embeddable":true,"href":"https:\/\/trading.hhg.vn\/en\/wp-json\/wp\/v2\/media\/88382"}],"wp:attachment":[{"href":"https:\/\/trading.hhg.vn\/en\/wp-json\/wp\/v2\/media?parent=88384"}],"wp:term":[{"taxonomy":"product_cat","embeddable":true,"href":"https:\/\/trading.hhg.vn\/en\/wp-json\/wp\/v2\/product_cat?post=88384"},{"taxonomy":"product_tag","embeddable":true,"href":"https:\/\/trading.hhg.vn\/en\/wp-json\/wp\/v2\/product_tag?post=88384"}],"curies":[{"name":"wp","href":"https:\/\/api.w.org\/{rel}","templated":true}]}}