{"id":88612,"date":"2025-11-27T08:53:57","date_gmt":"2025-11-27T01:53:57","guid":{"rendered":"https:\/\/trading.hhg.vn\/?post_type=product&#038;p=88612"},"modified":"2026-01-28T07:42:58","modified_gmt":"2026-01-28T00:42:58","slug":"bo-dieu-nhiet-3-chuc-nang-showerselect-comfort","status":"publish","type":"product","link":"https:\/\/trading.hhg.vn\/en\/s\u1ea3n-ph\u1ea9m\/bo-dieu-nhiet-3-chuc-nang-showerselect-comfort\/","title":{"rendered":"B\u1ed9 \u0111i\u1ec1u nhi\u1ec7t 3 ch\u1ee9c n\u0103ng ShowerSelect Comfort"},"content":{"rendered":"<p><img fetchpriority=\"high\" decoding=\"async\" class=\"alignnone wp-image-7559 aligncenter\" src=\"https:\/\/trading.hhg.vn\/wp-content\/uploads\/2025\/11\/showerselect-comfort.png\" alt=\"\" width=\"606\" height=\"454\" \/>D\u00f2ng s\u1ea3n ph\u1ea9m Hansgrohe\u202fShowerSelect\u202fComfort mang l\u1ea1i tr\u1ea3i nghi\u1ec7m t\u1eafm hi\u1ec7n \u0111\u1ea1i v\u00e0 ti\u1ec7n nghi v\u1edbi thi\u1ebft k\u1ebf \u1ea9n t\u01b0\u1eddng tinh t\u1ebf. Ch\u1ec9 v\u1edbi m\u1ed9t n\u00fat b\u1ea5m Select, ng\u01b0\u1eddi d\u00f9ng c\u00f3 th\u1ec3 b\u1eadt\/t\u1eaft n\u01b0\u1edbc, chuy\u1ec3n \u0111\u1ed5i gi\u1eefa sen tr\u1ea7n v\u00e0 sen tay ho\u1eb7c thay \u0111\u1ed5i ch\u1ebf \u0111\u1ed9 phun m\u1ed9t c\u00e1ch d\u1ec5 d\u00e0ng. <\/p>\n<p>H\u1ec7 th\u1ed1ng t\u00edch h\u1ee3p van \u0111i\u1ec1u nhi\u1ec7t th\u00f4ng minh, gi\u00fap gi\u1eef nhi\u1ec7t \u0111\u1ed9 n\u01b0\u1edbc lu\u00f4n \u1ed5n \u0111\u1ecbnh d\u00f9 \u00e1p l\u1ef1c thay \u0111\u1ed5i, \u0111\u1ea3m b\u1ea3o an to\u00e0n v\u1edbi t\u00ednh n\u0103ng SafetyStop \u1edf 40\u00b0C. B\u00ean c\u1ea1nh \u0111\u00f3, ng\u01b0\u1eddi d\u00f9ng c\u00f3 th\u1ec3 \u0111i\u1ec1u ch\u1ec9nh l\u01b0u l\u01b0\u1ee3ng n\u01b0\u1edbc m\u1ed9t c\u00e1ch ch\u00ednh x\u00e1c qua n\u00fam \u0111i\u1ec1u khi\u1ec3n, g\u00f3p ph\u1ea7n ti\u1ebft ki\u1ec7m n\u01b0\u1edbc h\u00e0ng ng\u00e0y. <\/p>\n<p>V\u1ec1 m\u1eb7t thi\u1ebft k\u1ebf, Comfort c\u00f3 nhi\u1ec1u h\u00ecnh d\u1ea1ng v\u00e0 finsh l\u1ef1a ch\u1ecdn: m\u1eabu E (vu\u00f4ng), S (tr\u00f2n) v\u00e0 Q (m\u1ec1m vu\u00f4ng), v\u1edbi c\u00e1c b\u1ec1 m\u1eb7t cao c\u1ea5p nh\u01b0 Chrome, \u0110en m\u1edd (Matte Black), Tr\u1eafng m\u1edd (Matte White), Brushed Black Chrome hay Brushed Bronze \u2014 cho b\u1ea1n t\u00f9y ch\u1ecdn h\u00e0i h\u00f2a v\u1edbi n\u1ed9i th\u1ea5t ph\u00f2ng t\u1eafm.<\/p>\n","protected":false},"excerpt":{"rendered":"<p>ShowerSelect Comfort kh\u00f4ng ch\u1ec9 l\u00e0 b\u1ed9 \u0111i\u1ec1u nhi\u1ec7t 3 ch\u1ee9c n\u0103ng, m\u00e0 l\u00e0 tuy\u00ean ng\u00f4n cho tr\u1ea3i nghi\u1ec7m t\u1eafm th\u01b0\u1ee3ng h\u1ea1ng. V\u1edbi thi\u1ebft k\u1ebf t\u1ed1i gi\u1ea3n, tinh t\u1ebf h\u00f2a quy\u1ec7n m\u1ecdi kh\u00f4ng gian, c\u00f9ng c\u00f4ng ngh\u1ec7 \u0111i\u1ec1u khi\u1ec3n nhi\u1ec7t \u0111\u1ed9 v\u00e0 l\u01b0u l\u01b0\u1ee3ng n\u01b0\u1edbc ch\u00ednh x\u00e1c tuy\u1ec7t \u0111\u1ed1i, ShowerSelect Comfort mang \u0111\u1ebfn s\u1ef1 tho\u1ea3i m\u00e1i, th\u01b0 gi\u00e3n ch\u01b0a t\u1eebng c\u00f3. Ch\u1ec9 v\u1edbi m\u1ed9t ch\u1ea1m, b\u1ea1n \u0111\u00e3 c\u00f3 th\u1ec3 chuy\u1ec3n \u0111\u1ed5i linh ho\u1ea1t gi\u1eefa c\u00e1c ch\u1ebf \u0111\u1ed9 t\u1eafm, t\u1eadn h\u01b0\u1edfng d\u00f2ng n\u01b0\u1edbc \u1ea5m \u00e1p \u00f4m tr\u1ecdn c\u01a1 th\u1ec3, hay lu\u1ed3ng n\u01b0\u1edbc m\u1ea1nh m\u1ebd \u0111\u00e1nh th\u1ee9c m\u1ecdi gi\u00e1c quan. M\u1ed7i kho\u1ea3nh kh\u1eafc d\u01b0\u1edbi v\u00f2i sen nay s\u1ebd l\u00e0 kh\u00fac ca c\u1ee7a s\u1ef1 nu\u00f4ng chi\u1ec1u v\u00e0 c\u1ea3m h\u1ee9ng b\u1ea5t t\u1eadn.<\/p>\n","protected":false},"featured_media":88653,"comment_status":"open","ping_status":"closed","template":"","meta":{"_acf_changed":false},"product_cat":[852],"product_tag":[],"class_list":{"0":"post-88612","1":"product","2":"type-product","3":"status-publish","4":"has-post-thumbnail","6":"product_cat-bo-dieu-nhiet-bon-tam","7":"pa_mau-sac-chrome","8":"pa_mau-sac-chrome-den-xuoc","9":"pa_mau-sac-den-mo","10":"pa_mau-sac-dong-xuoc","11":"pa_mau-sac-trang-mo","13":"first","14":"instock","15":"shipping-taxable","16":"purchasable","17":"product-type-variable"},"acf":[],"featured_media_urls":{"thumbnail":["https:\/\/trading.hhg.vn\/wp-content\/uploads\/2025\/11\/154__hpr05474_tif-150x150.png",150,150,true],"medium":["https:\/\/trading.hhg.vn\/wp-content\/uploads\/2025\/11\/154__hpr05474_tif-262x300.png",262,300,true],"medium_large":["https:\/\/trading.hhg.vn\/wp-content\/uploads\/2025\/11\/154__hpr05474_tif-768x878.png",768,878,true],"large":["https:\/\/trading.hhg.vn\/wp-content\/uploads\/2025\/11\/154__hpr05474_tif-896x1024.png",896,1024,true],"1536x1536":["https:\/\/trading.hhg.vn\/wp-content\/uploads\/2025\/11\/154__hpr05474_tif.png",1308,1495,false],"2048x2048":["https:\/\/trading.hhg.vn\/wp-content\/uploads\/2025\/11\/154__hpr05474_tif.png",1308,1495,false],"woocommerce_thumbnail":["https:\/\/trading.hhg.vn\/wp-content\/uploads\/2025\/11\/154__hpr05474_tif-600x600.png",600,600,true],"woocommerce_single":["https:\/\/trading.hhg.vn\/wp-content\/uploads\/2025\/11\/154__hpr05474_tif-1200x1372.png",1200,1372,true],"woocommerce_gallery_thumbnail":["https:\/\/trading.hhg.vn\/wp-content\/uploads\/2025\/11\/154__hpr05474_tif-150x171.png",150,171,true],"portfolio_item-thumbnail":["https:\/\/trading.hhg.vn\/wp-content\/uploads\/2025\/11\/154__hpr05474_tif.png",350,400,false],"portfolio_item-thumbnail@2x":["https:\/\/trading.hhg.vn\/wp-content\/uploads\/2025\/11\/154__hpr05474_tif.png",700,800,false],"portfolio_item-masonry":["https:\/\/trading.hhg.vn\/wp-content\/uploads\/2025\/11\/154__hpr05474_tif.png",600,686,false],"portfolio_item-masonry@2x":["https:\/\/trading.hhg.vn\/wp-content\/uploads\/2025\/11\/154__hpr05474_tif.png",1200,1372,false],"portfolio_item-thumbnail_cinema":["https:\/\/trading.hhg.vn\/wp-content\/uploads\/2025\/11\/154__hpr05474_tif.png",293,335,false],"portfolio_item-thumbnail_portrait":["https:\/\/trading.hhg.vn\/wp-content\/uploads\/2025\/11\/154__hpr05474_tif.png",600,686,false],"portfolio_item-thumbnail_portrait@2x":["https:\/\/trading.hhg.vn\/wp-content\/uploads\/2025\/11\/154__hpr05474_tif.png",1200,1372,false],"portfolio_item-thumbnail_square":["https:\/\/trading.hhg.vn\/wp-content\/uploads\/2025\/11\/154__hpr05474_tif.png",700,800,false]},"_links":{"self":[{"href":"https:\/\/trading.hhg.vn\/en\/wp-json\/wp\/v2\/product\/88612","targetHints":{"allow":["GET"]}}],"collection":[{"href":"https:\/\/trading.hhg.vn\/en\/wp-json\/wp\/v2\/product"}],"about":[{"href":"https:\/\/trading.hhg.vn\/en\/wp-json\/wp\/v2\/types\/product"}],"replies":[{"embeddable":true,"href":"https:\/\/trading.hhg.vn\/en\/wp-json\/wp\/v2\/comments?post=88612"}],"version-history":[{"count":1,"href":"https:\/\/trading.hhg.vn\/en\/wp-json\/wp\/v2\/product\/88612\/revisions"}],"predecessor-version":[{"id":88655,"href":"https:\/\/trading.hhg.vn\/en\/wp-json\/wp\/v2\/product\/88612\/revisions\/88655"}],"wp:featuredmedia":[{"embeddable":true,"href":"https:\/\/trading.hhg.vn\/en\/wp-json\/wp\/v2\/media\/88653"}],"wp:attachment":[{"href":"https:\/\/trading.hhg.vn\/en\/wp-json\/wp\/v2\/media?parent=88612"}],"wp:term":[{"taxonomy":"product_cat","embeddable":true,"href":"https:\/\/trading.hhg.vn\/en\/wp-json\/wp\/v2\/product_cat?post=88612"},{"taxonomy":"product_tag","embeddable":true,"href":"https:\/\/trading.hhg.vn\/en\/wp-json\/wp\/v2\/product_tag?post=88612"}],"curies":[{"name":"wp","href":"https:\/\/api.w.org\/{rel}","templated":true}]}}