{"id":89142,"date":"2025-11-27T10:16:06","date_gmt":"2025-11-27T03:16:06","guid":{"rendered":"https:\/\/trading.hhg.vn\/?post_type=product&#038;p=89142"},"modified":"2026-01-28T07:49:58","modified_gmt":"2026-01-28T00:49:58","slug":"sen-tran-220-1-duong-nuoc-axor-showersolutions","status":"publish","type":"product","link":"https:\/\/trading.hhg.vn\/en\/s\u1ea3n-ph\u1ea9m\/sen-tran-220-1-duong-nuoc-axor-showersolutions\/","title":{"rendered":"Sen tr\u1ea7n 220 1 \u0111\u01b0\u1eddng n\u01b0\u1edbc AXOR ShowerSolutions"},"content":{"rendered":"<p><img fetchpriority=\"high\" decoding=\"async\" class=\"alignnone wp-image-7559 aligncenter\" src=\"https:\/\/trading.hhg.vn\/wp-content\/uploads\/2025\/11\/AXOR-Shower-1.jpg\" alt=\"\" width=\"606\" height=\"454\" \/>AXOR Showers mang ng\u00f4n ng\u1eef thi\u1ebft k\u1ebf t\u1ed1i gi\u1ea3n v\u00e0 ch\u00ednh x\u00e1c, n\u01a1i h\u00ecnh kh\u1ed1i thu\u1ea7n khi\u1ebft v\u00e0 t\u1ef7 l\u1ec7 ho\u00e0n h\u1ea3o t\u00f4n vinh v\u1ebb \u0111\u1eb9p c\u1ee7a n\u01b0\u1edbc. T\u1eebng chi ti\u1ebft \u2013 t\u1eeb \u0111\u1ea7u sen, tay sen \u0111\u1ebfn b\u1ea3ng \u0111i\u1ec1u khi\u1ec3n \u2013 \u0111\u1ec1u \u0111\u01b0\u1ee3c \u0111\u1ed3ng b\u1ed9 h\u00f3a, t\u1ea1o n\u00ean s\u1ef1 li\u1ec1n m\u1ea1ch v\u00e0 sang tr\u1ecdng trong kh\u00f4ng gian t\u1eafm hi\u1ec7n \u0111\u1ea1i.<\/p>\n<p>S\u1ea3n ph\u1ea9m \u0111\u01b0\u1ee3c ch\u1ebf t\u00e1c t\u1eeb \u0111\u1ed3ng thau ho\u1eb7c th\u00e9p kh\u00f4ng g\u1ec9 cao c\u1ea5p, gia c\u00f4ng CNC ch\u00ednh x\u00e1c v\u00e0 ho\u00e0n thi\u1ec7n b\u1eb1ng AXOR FinishPlus cho \u0111\u1ed9 b\u1ec1n, ch\u1ed1ng tr\u1ea7y x\u01b0\u1edbc v\u00e0 b\u1ec1n m\u00e0u v\u01b0\u1ee3t tr\u1ed9i. V\u1edbi c\u00f4ng ngh\u1ec7 AirPower v\u00e0 QuickClean, d\u00f2ng n\u01b0\u1edbc tr\u1edf n\u00ean \u00eam d\u1ecbu, ti\u1ebft ki\u1ec7m v\u00e0 d\u1ec5 v\u1ec7 sinh. AXOR Showers l\u00e0 s\u1ef1 h\u00f2a quy\u1ec7n gi\u1eefa th\u1ea9m m\u1ef9, c\u00f4ng ngh\u1ec7 v\u00e0 tr\u1ea3i nghi\u1ec7m, n\u00e2ng t\u1eafm r\u1eeda th\u00e0nh nghi th\u1ee9c c\u1ee7a s\u1ef1 tinh t\u1ebf v\u00e0 th\u01b0 gi\u00e3n.<\/p>\n","protected":false},"excerpt":{"rendered":"<p>Ch\u00e0o m\u1eebng b\u1ea1n \u0111\u1ebfn v\u1edbi tr\u1ea3i nghi\u1ec7m t\u1eafm \u0111\u1eb3ng c\u1ea5p c\u00f9ng sen tr\u1ea7n AXOR ShowerSolutions 220, m\u1ed9t tuy\u1ec7t t\u00e1c \u0111\u1ebfn t\u1eeb th\u01b0\u01a1ng hi\u1ec7u danh ti\u1ebfng. V\u1edbi thi\u1ebft k\u1ebf t\u1ed1i gi\u1ea3n, tinh t\u1ebf, sen tr\u1ea7n n\u00e0y kh\u00f4ng ch\u1ec9 l\u00e0 m\u1ed9t ph\u1ee5 ki\u1ec7n ph\u00f2ng t\u1eafm m\u00e0 c\u00f2n l\u00e0 \u0111i\u1ec3m nh\u1ea5n sang tr\u1ecdng, n\u00e2ng t\u1ea7m kh\u00f4ng gian s\u1ed1ng c\u1ee7a b\u1ea1n. B\u1ec1 m\u1eb7t m\u1ea1 crom s\u00e1ng b\u00f3ng c\u00f9ng \u0111\u01b0\u1eddng n\u00e9t m\u1ea1nh m\u1ebd, d\u1ee9t kho\u00e1t th\u1ec3 hi\u1ec7n phong c\u00e1ch \u0111\u01b0\u01a1ng \u0111\u1ea1i v\u00e0 \u0111\u1eb3ng c\u1ea5p.<\/p>\n<p>Kh\u00f4ng ch\u1ec9 \u1ea5n t\u01b0\u1ee3ng v\u1ec1 m\u1eb7t th\u1ea9m m\u1ef9, sen tr\u1ea7n AXOR ShowerSolutions 220 c\u00f2n mang \u0111\u1ebfn tr\u1ea3i nghi\u1ec7m t\u1eafm th\u01b0 gi\u00e3n tuy\u1ec7t v\u1eddi. V\u1edbi \u0111\u01b0\u1eddng n\u01b0\u1edbc duy nh\u1ea5t \u0111\u01b0\u1ee3c t\u1ed1i \u01b0u h\u00f3a, b\u1ea1n s\u1ebd \u0111\u01b0\u1ee3c t\u1eadn h\u01b0\u1edfng d\u00f2ng ch\u1ea3y m\u1ea1nh m\u1ebd, \u0111\u1ec1u \u0111\u1eb7n, \u00f4m tr\u1ecdn c\u01a1 th\u1ec3, gi\u00fap g\u1ed9t r\u1eeda m\u1ecdi c\u0103ng th\u1eb3ng sau m\u1ed9t ng\u00e0y d\u00e0i. C\u00f4ng ngh\u1ec7 ti\u00ean ti\u1ebfn c\u1ee7a AXOR \u0111\u1ea3m b\u1ea3o l\u01b0\u1ee3ng n\u01b0\u1edbc v\u1eeba \u0111\u1ee7, ti\u1ebft ki\u1ec7m nh\u01b0ng v\u1eabn \u0111\u1ea3m b\u1ea3o \u00e1p l\u1ef1c n\u01b0\u1edbc ho\u00e0n h\u1ea3o, cho b\u1ea1n c\u1ea3m gi\u00e1c s\u1ea3ng kho\u00e1i v\u00e0 tr\u00e0n \u0111\u1ea7y n\u0103ng l\u01b0\u1ee3ng. H\u00e3y \u0111\u1eafm m\u00ecnh v\u00e0o l\u00e0n n\u01b0\u1edbc \u1ea5m \u00e1p, c\u1ea3m nh\u1eadn s\u1ef1 m\u1ec1m m\u1ea1i c\u1ee7a t\u1eebng gi\u1ecdt n\u01b0\u1edbc ch\u1ea1m nh\u1eb9 v\u00e0o da, v\u00e0 \u0111\u1ec3 sen tr\u1ea7n AXOR ShowerSolutions 220 \u0111\u01b0a b\u1ea1n \u0111\u1ebfn m\u1ed9t th\u1ebf gi\u1edbi th\u01b0 gi\u00e3n tuy\u1ec7t \u0111\u1ed1i. \u0110\u00e2y kh\u00f4ng ch\u1ec9 l\u00e0 m\u1ed9t chi\u1ebfc sen t\u1eafm, m\u00e0 l\u00e0 m\u1ed9t tr\u1ea3i nghi\u1ec7m s\u1ed1ng \u0111\u1eb3ng c\u1ea5p, m\u1ed9t \u0111i\u1ec3m nh\u1ea5n ho\u00e0n h\u1ea3o cho kh\u00f4ng gian ph\u00f2ng t\u1eafm hi\u1ec7n \u0111\u1ea1i c\u1ee7a b\u1ea1n.<\/p>\n","protected":false},"featured_media":17183,"comment_status":"open","ping_status":"closed","template":"","meta":{"_acf_changed":false},"product_cat":[843],"product_tag":[],"class_list":{"0":"post-89142","1":"product","2":"type-product","3":"status-publish","4":"has-post-thumbnail","6":"product_cat-bat-sen-tran","7":"pa_mau-sac-chrome","8":"pa_mau-sac-chrome-den-xuoc","9":"pa_mau-sac-den-mo","10":"pa_mau-sac-dong-thau-xuoc","11":"pa_mau-sac-dong-xuoc","12":"pa_mau-sac-niken-xuoc","13":"pa_mau-sac-thep-khong-gi","14":"pa_mau-sac-vang-bong","15":"pa_mau-sac-vang-hong-bong","16":"pa_mau-sac-vang-hong-xuoc","17":"pa_mau-sac-vang-xuoc","18":"pa_mau-sac-chrome-den-bong-en","20":"first","21":"instock","22":"shipping-taxable","23":"purchasable","24":"product-type-variable"},"acf":[],"featured_media_urls":{"thumbnail":["https:\/\/trading.hhg.vn\/wp-content\/uploads\/2025\/11\/154__apr09182_tif-150x150.png",150,150,true],"medium":["https:\/\/trading.hhg.vn\/wp-content\/uploads\/2025\/11\/154__apr09182_tif-262x300.png",262,300,true],"medium_large":["https:\/\/trading.hhg.vn\/wp-content\/uploads\/2025\/11\/154__apr09182_tif-768x878.png",768,878,true],"large":["https:\/\/trading.hhg.vn\/wp-content\/uploads\/2025\/11\/154__apr09182_tif-896x1024.png",896,1024,true],"1536x1536":["https:\/\/trading.hhg.vn\/wp-content\/uploads\/2025\/11\/154__apr09182_tif-1344x1536.png",1344,1536,true],"2048x2048":["https:\/\/trading.hhg.vn\/wp-content\/uploads\/2025\/11\/154__apr09182_tif.png",1440,1646,false],"woocommerce_thumbnail":["https:\/\/trading.hhg.vn\/wp-content\/uploads\/2025\/11\/154__apr09182_tif-600x600.png",600,600,true],"woocommerce_single":["https:\/\/trading.hhg.vn\/wp-content\/uploads\/2025\/11\/154__apr09182_tif-1200x1372.png",1200,1372,true],"woocommerce_gallery_thumbnail":["https:\/\/trading.hhg.vn\/wp-content\/uploads\/2025\/11\/154__apr09182_tif-150x171.png",150,171,true],"portfolio_item-thumbnail":["https:\/\/trading.hhg.vn\/wp-content\/uploads\/2025\/11\/154__apr09182_tif.png",350,400,false],"portfolio_item-thumbnail@2x":["https:\/\/trading.hhg.vn\/wp-content\/uploads\/2025\/11\/154__apr09182_tif.png",700,800,false],"portfolio_item-masonry":["https:\/\/trading.hhg.vn\/wp-content\/uploads\/2025\/11\/154__apr09182_tif.png",600,686,false],"portfolio_item-masonry@2x":["https:\/\/trading.hhg.vn\/wp-content\/uploads\/2025\/11\/154__apr09182_tif.png",1200,1372,false],"portfolio_item-thumbnail_cinema":["https:\/\/trading.hhg.vn\/wp-content\/uploads\/2025\/11\/154__apr09182_tif.png",293,335,false],"portfolio_item-thumbnail_portrait":["https:\/\/trading.hhg.vn\/wp-content\/uploads\/2025\/11\/154__apr09182_tif.png",600,686,false],"portfolio_item-thumbnail_portrait@2x":["https:\/\/trading.hhg.vn\/wp-content\/uploads\/2025\/11\/154__apr09182_tif.png",1200,1372,false],"portfolio_item-thumbnail_square":["https:\/\/trading.hhg.vn\/wp-content\/uploads\/2025\/11\/154__apr09182_tif.png",700,800,false]},"_links":{"self":[{"href":"https:\/\/trading.hhg.vn\/en\/wp-json\/wp\/v2\/product\/89142","targetHints":{"allow":["GET"]}}],"collection":[{"href":"https:\/\/trading.hhg.vn\/en\/wp-json\/wp\/v2\/product"}],"about":[{"href":"https:\/\/trading.hhg.vn\/en\/wp-json\/wp\/v2\/types\/product"}],"replies":[{"embeddable":true,"href":"https:\/\/trading.hhg.vn\/en\/wp-json\/wp\/v2\/comments?post=89142"}],"version-history":[{"count":2,"href":"https:\/\/trading.hhg.vn\/en\/wp-json\/wp\/v2\/product\/89142\/revisions"}],"predecessor-version":[{"id":118499,"href":"https:\/\/trading.hhg.vn\/en\/wp-json\/wp\/v2\/product\/89142\/revisions\/118499"}],"wp:featuredmedia":[{"embeddable":true,"href":"https:\/\/trading.hhg.vn\/en\/wp-json\/wp\/v2\/media\/17183"}],"wp:attachment":[{"href":"https:\/\/trading.hhg.vn\/en\/wp-json\/wp\/v2\/media?parent=89142"}],"wp:term":[{"taxonomy":"product_cat","embeddable":true,"href":"https:\/\/trading.hhg.vn\/en\/wp-json\/wp\/v2\/product_cat?post=89142"},{"taxonomy":"product_tag","embeddable":true,"href":"https:\/\/trading.hhg.vn\/en\/wp-json\/wp\/v2\/product_tag?post=89142"}],"curies":[{"name":"wp","href":"https:\/\/api.w.org\/{rel}","templated":true}]}}