{"id":89143,"date":"2025-11-27T10:16:06","date_gmt":"2025-11-27T03:16:06","guid":{"rendered":"https:\/\/trading.hhg.vn\/?post_type=product&#038;p=89143"},"modified":"2026-01-28T07:43:04","modified_gmt":"2026-01-28T00:43:04","slug":"sen-tay-ve-sinh-1-duong-nuoc-s-ecosmart-dung-cho-nuoc-am-kem-gia-do-va-day-sen-125-cm-bidette","status":"publish","type":"product","link":"https:\/\/trading.hhg.vn\/en\/s\u1ea3n-ph\u1ea9m\/sen-tay-ve-sinh-1-duong-nuoc-s-ecosmart-dung-cho-nuoc-am-kem-gia-do-va-day-sen-125-cm-bidette\/","title":{"rendered":"Sen tay v\u1ec7 sinh 1 \u0111\u01b0\u1eddng n\u01b0\u1edbc S EcoSmart d\u00f9ng cho n\u01b0\u1edbc \u1ea5m k\u00e8m gi\u00e1 \u0111\u1ee1 v\u00e0 d\u00e2y sen 125 cm Bidette"},"content":{"rendered":"","protected":false},"excerpt":{"rendered":"<p>Sen tay Bidette EcoSmart kh\u00f4ng ch\u1ec9 l\u00e0 ph\u1ee5 ki\u1ec7n, m\u00e0 l\u00e0 tuy\u00ean ng\u00f4n cho tr\u1ea3i nghi\u1ec7m v\u1ec7 sinh c\u00e1 nh\u00e2n \u0111\u1eb3ng c\u1ea5p. Thi\u1ebft k\u1ebf tinh x\u1ea3o, t\u1ed1i gi\u1ea3n h\u00f2a quy\u1ec7n ho\u00e0n h\u1ea3o trong m\u1ecdi kh\u00f4ng gian n\u1ed9i th\u1ea5t hi\u1ec7n \u0111\u1ea1i. V\u1edbi m\u1ed9t \u0111\u01b0\u1eddng n\u01b0\u1edbc \u1ea5m duy nh\u1ea5t, b\u1ea1n s\u1ebd c\u1ea3m nh\u1eadn s\u1ef1 th\u01b0 th\u00e1i lan t\u1ecfa. D\u00e2y sen 125 cm c\u00f9ng gi\u00e1 \u0111\u1ee1 ti\u1ec7n l\u1ee3i mang \u0111\u1ebfn s\u1ef1 linh ho\u1ea1t t\u1ed1i \u0111a, bi\u1ebfn m\u1ed7i kho\u1ea3nh kh\u1eafc s\u1eed d\u1ee5ng th\u00e0nh m\u1ed9t nghi th\u1ee9c ch\u0103m s\u00f3c b\u1ea3n th\u00e2n tinh t\u1ebf, n\u00e2ng t\u1ea7m chu\u1ea9n m\u1ef1c ti\u1ec7n nghi v\u00e0 phong c\u00e1ch s\u1ed1ng.<\/p>\n","protected":false},"featured_media":89311,"comment_status":"open","ping_status":"closed","template":"","meta":{"_acf_changed":false},"product_cat":[870],"product_tag":[],"class_list":{"0":"post-89143","1":"product","2":"type-product","3":"status-publish","4":"has-post-thumbnail","6":"product_cat-tieu-nu","7":"pa_mau-sac-chrome","8":"pa_mau-sac-chrome-den-xuoc","9":"pa_mau-sac-den-mo","10":"pa_mau-sac-dong-xuoc","11":"pa_mau-sac-trang-mo","12":"pa_mau-sac-vang-bong","14":"first","15":"instock","16":"shipping-taxable","17":"purchasable","18":"product-type-variable"},"acf":[],"featured_media_urls":{"thumbnail":["https:\/\/trading.hhg.vn\/wp-content\/uploads\/2025\/11\/154__hpr04543_tif-150x150.png",150,150,true],"medium":["https:\/\/trading.hhg.vn\/wp-content\/uploads\/2025\/11\/154__hpr04543_tif-263x300.png",263,300,true],"medium_large":["https:\/\/trading.hhg.vn\/wp-content\/uploads\/2025\/11\/154__hpr04543_tif-768x878.png",768,878,true],"large":["https:\/\/trading.hhg.vn\/wp-content\/uploads\/2025\/11\/154__hpr04543_tif-896x1024.png",896,1024,true],"1536x1536":["https:\/\/trading.hhg.vn\/wp-content\/uploads\/2025\/11\/154__hpr04543_tif.png",1260,1440,false],"2048x2048":["https:\/\/trading.hhg.vn\/wp-content\/uploads\/2025\/11\/154__hpr04543_tif.png",1260,1440,false],"woocommerce_thumbnail":["https:\/\/trading.hhg.vn\/wp-content\/uploads\/2025\/11\/154__hpr04543_tif-600x600.png",600,600,true],"woocommerce_single":["https:\/\/trading.hhg.vn\/wp-content\/uploads\/2025\/11\/154__hpr04543_tif-1200x1371.png",1200,1371,true],"woocommerce_gallery_thumbnail":["https:\/\/trading.hhg.vn\/wp-content\/uploads\/2025\/11\/154__hpr04543_tif-150x171.png",150,171,true],"portfolio_item-thumbnail":["https:\/\/trading.hhg.vn\/wp-content\/uploads\/2025\/11\/154__hpr04543_tif.png",350,400,false],"portfolio_item-thumbnail@2x":["https:\/\/trading.hhg.vn\/wp-content\/uploads\/2025\/11\/154__hpr04543_tif.png",700,800,false],"portfolio_item-masonry":["https:\/\/trading.hhg.vn\/wp-content\/uploads\/2025\/11\/154__hpr04543_tif.png",600,686,false],"portfolio_item-masonry@2x":["https:\/\/trading.hhg.vn\/wp-content\/uploads\/2025\/11\/154__hpr04543_tif.png",1200,1371,false],"portfolio_item-thumbnail_cinema":["https:\/\/trading.hhg.vn\/wp-content\/uploads\/2025\/11\/154__hpr04543_tif.png",293,335,false],"portfolio_item-thumbnail_portrait":["https:\/\/trading.hhg.vn\/wp-content\/uploads\/2025\/11\/154__hpr04543_tif.png",600,686,false],"portfolio_item-thumbnail_portrait@2x":["https:\/\/trading.hhg.vn\/wp-content\/uploads\/2025\/11\/154__hpr04543_tif.png",1200,1371,false],"portfolio_item-thumbnail_square":["https:\/\/trading.hhg.vn\/wp-content\/uploads\/2025\/11\/154__hpr04543_tif.png",700,800,false]},"_links":{"self":[{"href":"https:\/\/trading.hhg.vn\/en\/wp-json\/wp\/v2\/product\/89143","targetHints":{"allow":["GET"]}}],"collection":[{"href":"https:\/\/trading.hhg.vn\/en\/wp-json\/wp\/v2\/product"}],"about":[{"href":"https:\/\/trading.hhg.vn\/en\/wp-json\/wp\/v2\/types\/product"}],"replies":[{"embeddable":true,"href":"https:\/\/trading.hhg.vn\/en\/wp-json\/wp\/v2\/comments?post=89143"}],"version-history":[{"count":1,"href":"https:\/\/trading.hhg.vn\/en\/wp-json\/wp\/v2\/product\/89143\/revisions"}],"predecessor-version":[{"id":89313,"href":"https:\/\/trading.hhg.vn\/en\/wp-json\/wp\/v2\/product\/89143\/revisions\/89313"}],"wp:featuredmedia":[{"embeddable":true,"href":"https:\/\/trading.hhg.vn\/en\/wp-json\/wp\/v2\/media\/89311"}],"wp:attachment":[{"href":"https:\/\/trading.hhg.vn\/en\/wp-json\/wp\/v2\/media?parent=89143"}],"wp:term":[{"taxonomy":"product_cat","embeddable":true,"href":"https:\/\/trading.hhg.vn\/en\/wp-json\/wp\/v2\/product_cat?post=89143"},{"taxonomy":"product_tag","embeddable":true,"href":"https:\/\/trading.hhg.vn\/en\/wp-json\/wp\/v2\/product_tag?post=89143"}],"curies":[{"name":"wp","href":"https:\/\/api.w.org\/{rel}","templated":true}]}}