{"id":89655,"date":"2025-11-27T10:47:51","date_gmt":"2025-11-27T03:47:51","guid":{"rendered":"https:\/\/trading.hhg.vn\/?post_type=product&#038;p=89655"},"modified":"2026-01-28T07:49:01","modified_gmt":"2026-01-28T00:49:01","slug":"thanh-phan-mo-rong-hansgrohe","status":"publish","type":"product","link":"https:\/\/trading.hhg.vn\/en\/s\u1ea3n-ph\u1ea9m\/thanh-phan-mo-rong-hansgrohe\/","title":{"rendered":"Th\u00e0nh ph\u1ea7n m\u1edf r\u1ed9ng hansgrohe"},"content":{"rendered":"","protected":false},"excerpt":{"rendered":"<p>N\u00e2ng t\u1ea7m kh\u00f4ng gian s\u1ed1ng v\u1edbi th\u00e0nh ph\u1ea7n m\u1edf r\u1ed9ng Hansgrohe, n\u01a1i thi\u1ebft k\u1ebf tinh x\u1ea3o h\u00f2a quy\u1ec7n c\u00f9ng c\u00f4ng n\u0103ng v\u01b0\u1ee3t tr\u1ed9i. M\u1ed7i \u0111\u01b0\u1eddng n\u00e9t \u0111\u1ec1u \u0111\u01b0\u1ee3c chau chu\u1ed1t t\u1ec9 m\u1ec9, t\u1ea1o n\u00ean v\u1ebb \u0111\u1eb9p sang tr\u1ecdng v\u00e0 hi\u1ec7n \u0111\u1ea1i, d\u1ec5 d\u00e0ng t\u00edch h\u1ee3p v\u00e0o m\u1ecdi phong c\u00e1ch n\u1ed9i th\u1ea5t. Tr\u1ea3i nghi\u1ec7m s\u1ef1 ti\u1ec7n nghi t\u1ed1i \u01b0u, t\u1eeb nh\u1eefng thao t\u00e1c ch\u1ea1m nh\u1eb9 \u0111\u1ebfn d\u00f2ng ch\u1ea3y \u00eam \u00e1i, mang l\u1ea1i c\u1ea3m gi\u00e1c th\u01b0 th\u00e1i v\u00e0 \u0111\u1eb3ng c\u1ea5p trong t\u1eebng kho\u1ea3nh kh\u1eafc s\u1eed d\u1ee5ng. Hansgrohe kh\u00f4ng ch\u1ec9 l\u00e0 thi\u1ebft b\u1ecb, m\u00e0 c\u00f2n l\u00e0 tuy\u00ean ng\u00f4n phong c\u00e1ch v\u00e0 ch\u1ea5t l\u01b0\u1ee3ng s\u1ed1ng.<\/p>\n","protected":false},"featured_media":89739,"comment_status":"open","ping_status":"closed","template":"","meta":{"_acf_changed":false},"product_cat":[714],"product_tag":[],"class_list":{"0":"post-89655","1":"product","2":"type-product","3":"status-publish","4":"has-post-thumbnail","6":"product_cat-phu-kien-lap-dat","7":"pa_mau-sac-chrome-den-xuoc","8":"pa_mau-sac-den-mo","9":"pa_mau-sac-dong-xuoc","10":"pa_mau-sac-trang-mo","12":"first","13":"instock","14":"shipping-taxable","15":"product-type-variable"},"acf":[],"featured_media_urls":{"thumbnail":["https:\/\/trading.hhg.vn\/wp-content\/uploads\/2025\/11\/154__hpr04295_tif-150x150.png",150,150,true],"medium":["https:\/\/trading.hhg.vn\/wp-content\/uploads\/2025\/11\/154__hpr04295_tif-262x300.png",262,300,true],"medium_large":["https:\/\/trading.hhg.vn\/wp-content\/uploads\/2025\/11\/154__hpr04295_tif-768x878.png",768,878,true],"large":["https:\/\/trading.hhg.vn\/wp-content\/uploads\/2025\/11\/154__hpr04295_tif-896x1024.png",896,1024,true],"1536x1536":["https:\/\/trading.hhg.vn\/wp-content\/uploads\/2025\/11\/154__hpr04295_tif.png",1328,1518,false],"2048x2048":["https:\/\/trading.hhg.vn\/wp-content\/uploads\/2025\/11\/154__hpr04295_tif.png",1328,1518,false],"woocommerce_thumbnail":["https:\/\/trading.hhg.vn\/wp-content\/uploads\/2025\/11\/154__hpr04295_tif-600x600.png",600,600,true],"woocommerce_single":["https:\/\/trading.hhg.vn\/wp-content\/uploads\/2025\/11\/154__hpr04295_tif-1200x1372.png",1200,1372,true],"woocommerce_gallery_thumbnail":["https:\/\/trading.hhg.vn\/wp-content\/uploads\/2025\/11\/154__hpr04295_tif-150x171.png",150,171,true],"portfolio_item-thumbnail":["https:\/\/trading.hhg.vn\/wp-content\/uploads\/2025\/11\/154__hpr04295_tif.png",350,400,false],"portfolio_item-thumbnail@2x":["https:\/\/trading.hhg.vn\/wp-content\/uploads\/2025\/11\/154__hpr04295_tif.png",700,800,false],"portfolio_item-masonry":["https:\/\/trading.hhg.vn\/wp-content\/uploads\/2025\/11\/154__hpr04295_tif.png",600,686,false],"portfolio_item-masonry@2x":["https:\/\/trading.hhg.vn\/wp-content\/uploads\/2025\/11\/154__hpr04295_tif.png",1200,1372,false],"portfolio_item-thumbnail_cinema":["https:\/\/trading.hhg.vn\/wp-content\/uploads\/2025\/11\/154__hpr04295_tif.png",293,335,false],"portfolio_item-thumbnail_portrait":["https:\/\/trading.hhg.vn\/wp-content\/uploads\/2025\/11\/154__hpr04295_tif.png",600,686,false],"portfolio_item-thumbnail_portrait@2x":["https:\/\/trading.hhg.vn\/wp-content\/uploads\/2025\/11\/154__hpr04295_tif.png",1200,1372,false],"portfolio_item-thumbnail_square":["https:\/\/trading.hhg.vn\/wp-content\/uploads\/2025\/11\/154__hpr04295_tif.png",700,800,false]},"_links":{"self":[{"href":"https:\/\/trading.hhg.vn\/en\/wp-json\/wp\/v2\/product\/89655","targetHints":{"allow":["GET"]}}],"collection":[{"href":"https:\/\/trading.hhg.vn\/en\/wp-json\/wp\/v2\/product"}],"about":[{"href":"https:\/\/trading.hhg.vn\/en\/wp-json\/wp\/v2\/types\/product"}],"replies":[{"embeddable":true,"href":"https:\/\/trading.hhg.vn\/en\/wp-json\/wp\/v2\/comments?post=89655"}],"version-history":[{"count":1,"href":"https:\/\/trading.hhg.vn\/en\/wp-json\/wp\/v2\/product\/89655\/revisions"}],"predecessor-version":[{"id":89741,"href":"https:\/\/trading.hhg.vn\/en\/wp-json\/wp\/v2\/product\/89655\/revisions\/89741"}],"wp:featuredmedia":[{"embeddable":true,"href":"https:\/\/trading.hhg.vn\/en\/wp-json\/wp\/v2\/media\/89739"}],"wp:attachment":[{"href":"https:\/\/trading.hhg.vn\/en\/wp-json\/wp\/v2\/media?parent=89655"}],"wp:term":[{"taxonomy":"product_cat","embeddable":true,"href":"https:\/\/trading.hhg.vn\/en\/wp-json\/wp\/v2\/product_cat?post=89655"},{"taxonomy":"product_tag","embeddable":true,"href":"https:\/\/trading.hhg.vn\/en\/wp-json\/wp\/v2\/product_tag?post=89655"}],"curies":[{"name":"wp","href":"https:\/\/api.w.org\/{rel}","templated":true}]}}