{"id":91440,"date":"2025-11-28T00:31:22","date_gmt":"2025-11-27T17:31:22","guid":{"rendered":"https:\/\/trading.hhg.vn\/?post_type=product&#038;p=91440"},"modified":"2026-01-28T07:45:48","modified_gmt":"2026-01-28T00:45:48","slug":"sen-tay-3-che-do-130-ecosmart-rainfinity","status":"publish","type":"product","link":"https:\/\/trading.hhg.vn\/en\/s\u1ea3n-ph\u1ea9m\/sen-tay-3-che-do-130-ecosmart-rainfinity\/","title":{"rendered":"Sen tay 3 ch\u1ebf \u0111\u1ed9 130 EcoSmart Rainfinity"},"content":{"rendered":"<p><img fetchpriority=\"high\" decoding=\"async\" class=\"alignnone wp-image-7559 aligncenter\" src=\"https:\/\/trading.hhg.vn\/wp-content\/uploads\/2025\/11\/rainfinity-1.png\" alt=\"\" width=\"606\" height=\"454\" \/>D\u00f2ng s\u1ea3n ph\u1ea9m Hansgrohe\u202fRainfinity &#8211; \u0111\u01b0\u1ee3c KOL Giang \u01a0i l\u1ef1a ch\u1ecdn, l\u00e0 bi\u1ec3u t\u01b0\u1ee3ng c\u1ee7a tr\u1ea3i nghi\u1ec7m t\u1eafm cao c\u1ea5p, n\u01a1i thi\u1ebft k\u1ebf v\u00e0 c\u00f4ng ngh\u1ec7 h\u00f2a quy\u1ec7n \u0111\u1ec3 n\u00e2ng t\u1ea7m t\u1eebng kho\u1ea3nh kh\u1eafc th\u01b0 gi\u00e3n. V\u1edbi ch\u1ebf \u0111\u1ed9 phun PowderRain l\u00e0 \u0111i\u1ec3m nh\u1ea5n ch\u00ednh \u2014 h\u00e0ng ngh\u00ecn gi\u1ecdt n\u01b0\u1edbc si\u00eau nh\u1ecf \u00f4m tr\u1ecdn c\u01a1 th\u1ec3, mang l\u1ea1i c\u1ea3m gi\u00e1c nh\u1eb9 nh\u00e0ng nh\u01b0 \u0111ang \u0111\u1ee9ng d\u01b0\u1edbi c\u01a1n m\u01b0a m\u1ec1m m\u1ea1i.<\/p>\n<p>Thi\u1ebft b\u1ecb c\u00f2n t\u00edch h\u1ee3p c\u00e1c ch\u1ebf \u0111\u1ed9 phun kh\u00e1c nh\u01b0 Intense PowderRain, MonoRain v\u00e0 RainStream, gi\u00fap ng\u01b0\u1eddi d\u00f9ng linh ho\u1ea1t l\u1ef1a ch\u1ecdn tr\u1ea3i nghi\u1ec7m ph\u00f9 h\u1ee3p. C\u00f4ng ngh\u1ec7 ti\u1ec7n \u00edch nh\u01b0 EcoSmart gi\u00fap ti\u1ebft ki\u1ec7m n\u01b0\u1edbc hi\u1ec7u qu\u1ea3 v\u00e0 QuickClean gi\u00fap lo\u1ea1i b\u1ecf c\u1eb7n v\u00f4i ch\u1ec9 b\u1eb1ng thao t\u00e1c \u0111\u01a1n gi\u1ea3n b\u1eb1ng ng\u00f3n tay.<\/p>\n<p>V\u1ec1 m\u1eb7t thi\u1ebft k\u1ebf, Rainfinity n\u1ed5i b\u1eadt v\u1edbi c\u1ee1 l\u1edbn, y\u1ebfu t\u1ed1 th\u1ea9m m\u1ef9 hi\u1ec7n \u0111\u1ea1i v\u00e0 kh\u1ea3 n\u0103ng t\u01b0\u01a1ng th\u00edch v\u1edbi nhi\u1ec1u t\u00f4ng m\u00e0u nh\u01b0 Chrome, Matte White, Matte Black, Brushed Bronze\u2026 t\u1ea1o n\u00ean t\u1ed5ng th\u1ec3 ph\u00f2ng t\u1eafm mang phong c\u00e1ch spa ri\u00eang.<\/p>\n","protected":false},"excerpt":{"rendered":"<p>\u0110\u1eafm m\u00ecnh v\u00e0o tr\u1ea3i nghi\u1ec7m th\u01b0 gi\u00e3n \u0111\u1ec9nh cao v\u1edbi sen tay Rainfinity. Ba ch\u1ebf \u0111\u1ed9 phun EcoSmart tinh x\u1ea3o, t\u1eeb l\u00e0n m\u01b0a m\u1ec1m m\u1ea1i \u0111\u1ebfn d\u00f2ng ch\u1ea3y m\u1ea1nh m\u1ebd, \u0111\u01b0\u1ee3c thi\u1ebft k\u1ebf \u0111\u1ec3 n\u00e2ng niu gi\u00e1c quan v\u00e0 t\u1ed1i \u01b0u h\u00f3a l\u01b0\u1ee3ng n\u01b0\u1edbc. V\u1edbi thi\u1ebft k\u1ebf t\u1ed1i gi\u1ea3n, sang tr\u1ecdng, Rainfinity kh\u00f4ng ch\u1ec9 l\u00e0 m\u1ed9t thi\u1ebft b\u1ecb m\u00e0 c\u00f2n l\u00e0 \u0111i\u1ec3m nh\u1ea5n tinh t\u1ebf, h\u00f2a quy\u1ec7n ho\u00e0n h\u1ea3o v\u00e0o kh\u00f4ng gian ph\u00f2ng t\u1eafm hi\u1ec7n \u0111\u1ea1i, mang \u0111\u1ebfn s\u1ef1 ti\u1ec7n nghi v\u01b0\u1ee3t tr\u1ed9i v\u00e0 nh\u1eefng kho\u1ea3nh kh\u1eafc th\u01b0 th\u00e1i \u0111\u00edch th\u1ef1c m\u1ed7i ng\u00e0y.<\/p>\n","protected":false},"featured_media":57659,"comment_status":"open","ping_status":"closed","template":"","meta":{"_acf_changed":false},"product_cat":[890,842],"product_tag":[],"class_list":{"0":"post-91440","1":"product","2":"type-product","3":"status-publish","4":"has-post-thumbnail","6":"product_cat-tay-sen","7":"product_cat-tay-sen-tam","8":"pa_mau-sac-chrome","9":"pa_mau-sac-chrome-den-xuoc","10":"pa_mau-sac-den-mo","11":"pa_mau-sac-dong-xuoc","12":"pa_mau-sac-trang-mo","13":"pa_mau-sac-vang-bong","15":"first","16":"instock","17":"shipping-taxable","18":"purchasable","19":"product-type-variable"},"acf":[],"featured_media_urls":{"thumbnail":["https:\/\/trading.hhg.vn\/wp-content\/uploads\/2025\/11\/154__hpr01926_tif-150x150.png",150,150,true],"medium":["https:\/\/trading.hhg.vn\/wp-content\/uploads\/2025\/11\/154__hpr01926_tif-263x300.png",263,300,true],"medium_large":["https:\/\/trading.hhg.vn\/wp-content\/uploads\/2025\/11\/154__hpr01926_tif-768x878.png",768,878,true],"large":["https:\/\/trading.hhg.vn\/wp-content\/uploads\/2025\/11\/154__hpr01926_tif-896x1024.png",896,1024,true],"1536x1536":["https:\/\/trading.hhg.vn\/wp-content\/uploads\/2025\/11\/154__hpr01926_tif.png",1260,1440,false],"2048x2048":["https:\/\/trading.hhg.vn\/wp-content\/uploads\/2025\/11\/154__hpr01926_tif.png",1260,1440,false],"woocommerce_thumbnail":["https:\/\/trading.hhg.vn\/wp-content\/uploads\/2025\/11\/154__hpr01926_tif-600x600.png",600,600,true],"woocommerce_single":["https:\/\/trading.hhg.vn\/wp-content\/uploads\/2025\/11\/154__hpr01926_tif-1200x1371.png",1200,1371,true],"woocommerce_gallery_thumbnail":["https:\/\/trading.hhg.vn\/wp-content\/uploads\/2025\/11\/154__hpr01926_tif-150x171.png",150,171,true],"portfolio_item-thumbnail":["https:\/\/trading.hhg.vn\/wp-content\/uploads\/2025\/11\/154__hpr01926_tif.png",350,400,false],"portfolio_item-thumbnail@2x":["https:\/\/trading.hhg.vn\/wp-content\/uploads\/2025\/11\/154__hpr01926_tif.png",700,800,false],"portfolio_item-masonry":["https:\/\/trading.hhg.vn\/wp-content\/uploads\/2025\/11\/154__hpr01926_tif.png",600,686,false],"portfolio_item-masonry@2x":["https:\/\/trading.hhg.vn\/wp-content\/uploads\/2025\/11\/154__hpr01926_tif.png",1200,1371,false],"portfolio_item-thumbnail_cinema":["https:\/\/trading.hhg.vn\/wp-content\/uploads\/2025\/11\/154__hpr01926_tif.png",293,335,false],"portfolio_item-thumbnail_portrait":["https:\/\/trading.hhg.vn\/wp-content\/uploads\/2025\/11\/154__hpr01926_tif.png",600,686,false],"portfolio_item-thumbnail_portrait@2x":["https:\/\/trading.hhg.vn\/wp-content\/uploads\/2025\/11\/154__hpr01926_tif.png",1200,1371,false],"portfolio_item-thumbnail_square":["https:\/\/trading.hhg.vn\/wp-content\/uploads\/2025\/11\/154__hpr01926_tif.png",700,800,false]},"_links":{"self":[{"href":"https:\/\/trading.hhg.vn\/en\/wp-json\/wp\/v2\/product\/91440","targetHints":{"allow":["GET"]}}],"collection":[{"href":"https:\/\/trading.hhg.vn\/en\/wp-json\/wp\/v2\/product"}],"about":[{"href":"https:\/\/trading.hhg.vn\/en\/wp-json\/wp\/v2\/types\/product"}],"replies":[{"embeddable":true,"href":"https:\/\/trading.hhg.vn\/en\/wp-json\/wp\/v2\/comments?post=91440"}],"version-history":[{"count":2,"href":"https:\/\/trading.hhg.vn\/en\/wp-json\/wp\/v2\/product\/91440\/revisions"}],"predecessor-version":[{"id":118512,"href":"https:\/\/trading.hhg.vn\/en\/wp-json\/wp\/v2\/product\/91440\/revisions\/118512"}],"wp:featuredmedia":[{"embeddable":true,"href":"https:\/\/trading.hhg.vn\/en\/wp-json\/wp\/v2\/media\/57659"}],"wp:attachment":[{"href":"https:\/\/trading.hhg.vn\/en\/wp-json\/wp\/v2\/media?parent=91440"}],"wp:term":[{"taxonomy":"product_cat","embeddable":true,"href":"https:\/\/trading.hhg.vn\/en\/wp-json\/wp\/v2\/product_cat?post=91440"},{"taxonomy":"product_tag","embeddable":true,"href":"https:\/\/trading.hhg.vn\/en\/wp-json\/wp\/v2\/product_tag?post=91440"}],"curies":[{"name":"wp","href":"https:\/\/api.w.org\/{rel}","templated":true}]}}