{"id":91532,"date":"2025-11-28T00:57:37","date_gmt":"2025-11-27T17:57:37","guid":{"rendered":"https:\/\/trading.hhg.vn\/?post_type=product&#038;p=91532"},"modified":"2025-11-28T00:57:59","modified_gmt":"2025-11-27T17:57:59","slug":"tu-chau-780-550-co-2-ngan-keo-cho-ban-he-co-khoet-lo-giua-xilesa-e","status":"publish","type":"product","link":"https:\/\/trading.hhg.vn\/en\/s\u1ea3n-ph\u1ea9m\/tu-chau-780-550-co-2-ngan-keo-cho-ban-he-co-khoet-lo-giua-xilesa-e\/","title":{"rendered":"T\u1ee7 ch\u1eadu 780\/550 c\u00f3 2 ng\u0103n k\u00e9o cho b\u00e0n h\u1ec7 c\u00f3 kho\u00e9t l\u1ed7 gi\u1eefa Xilesa E"},"content":{"rendered":"<p><img fetchpriority=\"high\" decoding=\"async\" class=\"alignnone wp-image-7559 aligncenter\" src=\"https:\/\/trading.hhg.vn\/wp-content\/uploads\/2025\/11\/xilesa-1.png\" alt=\"\" width=\"606\" height=\"454\" \/>D\u00f2ng s\u1ea3n ph\u1ea9m Hansgrohe\u202fXilesa l\u00e0 b\u1ed9 s\u01b0u t\u1eadp n\u1ed9i th\u1ea5t ph\u00f2ng t\u1eafm hi\u1ec7n \u0111\u1ea1i, k\u1ebft h\u1ee3p gi\u1eefa v\u1ebb \u0111\u1eb9p tinh gi\u1ea3n v\u00e0 kh\u1ea3 n\u0103ng t\u00f9y bi\u1ebfn linh ho\u1ea1t. \u0110\u01b0\u1ee3c ph\u00e1t tri\u1ec3n nh\u1eb1m \u0111\u00e1p \u1ee9ng nhi\u1ec1u phong c\u00e1ch kh\u00f4ng gian, Xilesa E \u2013 phi\u00ean b\u1ea3n ph\u1ed5 bi\u1ebfn nh\u1ea5t \u2013 c\u00f3 \u0111\u1ebfn 11 k\u00edch th\u01b0\u1edbc kh\u00e1c nhau t\u1eeb 340 mm \u0111\u1ebfn 1 375 mm v\u00e0 4 l\u1ef1a ch\u1ecdn m\u00e0u ho\u00e0n thi\u1ec7n g\u1ed3m Matt White, Sand Matt Beige, Slate Matt Gray v\u00e0 Cashmere Oak. <\/p>\n<p>Thi\u1ebft k\u1ebf \u201ckh\u00f4ng tay c\u1ea7m\u201d (handle-free), c\u00f9ng c\u00f4ng ngh\u1ec7 SoftClose gi\u00fap ng\u0103n k\u00e9o \u0111\u00f3ng nh\u1eb9 nh\u00e0ng v\u00e0 \u00eam \u00e1i, mang l\u1ea1i tr\u1ea3i nghi\u1ec7m s\u1eed d\u1ee5ng cao c\u1ea5p. B\u00ean c\u1ea1nh \u0111\u00f3, Xilesa E c\u00f2n t\u01b0\u01a1ng th\u00edch r\u1ed9ng r\u00e3i v\u1edbi c\u00e1c ch\u1eadu r\u1eeda c\u1ee7a Hansgrohe nh\u01b0 Xelu, Xevolos, v\u00e0 Xanuia, cho ph\u00e9p ph\u1ed1i h\u1ee3p linh ho\u1ea1t \u0111\u1ec3 t\u1ea1o n\u00ean kh\u00f4ng gian ph\u00f2ng t\u1eafm \u0111\u1ed3ng b\u1ed9 v\u00e0 h\u00e0i h\u00f2a. <\/p>\n<p>T\u00f3m l\u1ea1i, Hansgrohe Xilesa l\u00e0 l\u1ef1a ch\u1ecdn l\u00fd t\u01b0\u1edfng cho nh\u1eefng ai t\u00ecm ki\u1ebfm n\u1ed9i th\u1ea5t ph\u00f2ng t\u1eafm kh\u00f4ng ch\u1ec9 \u0111\u1eb9p m\u1eaft, m\u00e0 c\u00f2n linh ho\u1ea1t v\u1ec1 k\u00edch th\u01b0\u1edbc, phong c\u00e1ch.<\/p>\n","protected":false},"excerpt":{"rendered":"<p>T\u1ee7 ch\u1eadu Xilesa E, k\u00edch th\u01b0\u1edbc 780\/550, l\u00e0 \u0111i\u1ec3m nh\u1ea5n tinh t\u1ebf cho kh\u00f4ng gian ph\u00f2ng t\u1eafm hi\u1ec7n \u0111\u1ea1i. V\u1edbi thi\u1ebft k\u1ebf 2 ng\u0103n k\u00e9o \u1ea9n m\u00ecnh m\u01b0\u1ee3t m\u00e0, t\u1ee7 kh\u00f4ng ch\u1ec9 t\u1ed1i \u01b0u h\u00f3a c\u00f4ng n\u0103ng l\u01b0u tr\u1eef m\u00e0 c\u00f2n ki\u1ebfn t\u1ea1o m\u1ed9t t\u1ed5ng th\u1ec3 g\u1ecdn g\u00e0ng, thanh l\u1ecbch. Kho\u00e9t l\u1ed7 gi\u1eefa \u0111\u01b0\u1ee3c t\u00ednh to\u00e1n t\u1ec9 m\u1ec9, \u0111\u1ea3m b\u1ea3o s\u1ef1 h\u00f2a h\u1ee3p tuy\u1ec7t \u0111\u1ed1i v\u1edbi h\u1ec7 b\u00e0n, mang \u0111\u1ebfn tr\u1ea3i nghi\u1ec7m s\u1eed d\u1ee5ng ti\u1ec7n nghi v\u00e0 n\u00e2ng t\u1ea7m \u0111\u1eb3ng c\u1ea5p th\u1ea9m m\u1ef9 cho kh\u00f4ng gian s\u1ed1ng c\u1ee7a b\u1ea1n.<\/p>\n","protected":false},"featured_media":88781,"comment_status":"open","ping_status":"closed","template":"","meta":{"_acf_changed":false},"product_cat":[876],"product_tag":[],"class_list":{"0":"post-91532","1":"product","2":"type-product","3":"status-publish","4":"has-post-thumbnail","6":"product_cat-tu-lavabo-2","7":"pa_mau-sac-trang-mo","8":"pa_mau-sac-be","9":"pa_mau-sac-go-soi-cashmere","10":"pa_mau-sac-xam-da-phien","12":"first","13":"instock","14":"shipping-taxable","15":"product-type-variable"},"acf":[],"featured_media_urls":{"thumbnail":["https:\/\/trading.hhg.vn\/wp-content\/uploads\/2025\/11\/154__hpr08028_tif-150x150.png",150,150,true],"medium":["https:\/\/trading.hhg.vn\/wp-content\/uploads\/2025\/11\/154__hpr08028_tif-262x300.png",262,300,true],"medium_large":["https:\/\/trading.hhg.vn\/wp-content\/uploads\/2025\/11\/154__hpr08028_tif-768x878.png",768,878,true],"large":["https:\/\/trading.hhg.vn\/wp-content\/uploads\/2025\/11\/154__hpr08028_tif-896x1024.png",896,1024,true],"1536x1536":["https:\/\/trading.hhg.vn\/wp-content\/uploads\/2025\/11\/154__hpr08028_tif-1344x1536.png",1344,1536,true],"2048x2048":["https:\/\/trading.hhg.vn\/wp-content\/uploads\/2025\/11\/154__hpr08028_tif.png",1440,1646,false],"woocommerce_thumbnail":["https:\/\/trading.hhg.vn\/wp-content\/uploads\/2025\/11\/154__hpr08028_tif-600x600.png",600,600,true],"woocommerce_single":["https:\/\/trading.hhg.vn\/wp-content\/uploads\/2025\/11\/154__hpr08028_tif-1200x1372.png",1200,1372,true],"woocommerce_gallery_thumbnail":["https:\/\/trading.hhg.vn\/wp-content\/uploads\/2025\/11\/154__hpr08028_tif-150x171.png",150,171,true],"portfolio_item-thumbnail":["https:\/\/trading.hhg.vn\/wp-content\/uploads\/2025\/11\/154__hpr08028_tif.png",350,400,false],"portfolio_item-thumbnail@2x":["https:\/\/trading.hhg.vn\/wp-content\/uploads\/2025\/11\/154__hpr08028_tif.png",700,800,false],"portfolio_item-masonry":["https:\/\/trading.hhg.vn\/wp-content\/uploads\/2025\/11\/154__hpr08028_tif.png",600,686,false],"portfolio_item-masonry@2x":["https:\/\/trading.hhg.vn\/wp-content\/uploads\/2025\/11\/154__hpr08028_tif.png",1200,1372,false],"portfolio_item-thumbnail_cinema":["https:\/\/trading.hhg.vn\/wp-content\/uploads\/2025\/11\/154__hpr08028_tif.png",293,335,false],"portfolio_item-thumbnail_portrait":["https:\/\/trading.hhg.vn\/wp-content\/uploads\/2025\/11\/154__hpr08028_tif.png",600,686,false],"portfolio_item-thumbnail_portrait@2x":["https:\/\/trading.hhg.vn\/wp-content\/uploads\/2025\/11\/154__hpr08028_tif.png",1200,1372,false],"portfolio_item-thumbnail_square":["https:\/\/trading.hhg.vn\/wp-content\/uploads\/2025\/11\/154__hpr08028_tif.png",700,800,false]},"_links":{"self":[{"href":"https:\/\/trading.hhg.vn\/en\/wp-json\/wp\/v2\/product\/91532","targetHints":{"allow":["GET"]}}],"collection":[{"href":"https:\/\/trading.hhg.vn\/en\/wp-json\/wp\/v2\/product"}],"about":[{"href":"https:\/\/trading.hhg.vn\/en\/wp-json\/wp\/v2\/types\/product"}],"replies":[{"embeddable":true,"href":"https:\/\/trading.hhg.vn\/en\/wp-json\/wp\/v2\/comments?post=91532"}],"version-history":[{"count":1,"href":"https:\/\/trading.hhg.vn\/en\/wp-json\/wp\/v2\/product\/91532\/revisions"}],"predecessor-version":[{"id":91536,"href":"https:\/\/trading.hhg.vn\/en\/wp-json\/wp\/v2\/product\/91532\/revisions\/91536"}],"wp:featuredmedia":[{"embeddable":true,"href":"https:\/\/trading.hhg.vn\/en\/wp-json\/wp\/v2\/media\/88781"}],"wp:attachment":[{"href":"https:\/\/trading.hhg.vn\/en\/wp-json\/wp\/v2\/media?parent=91532"}],"wp:term":[{"taxonomy":"product_cat","embeddable":true,"href":"https:\/\/trading.hhg.vn\/en\/wp-json\/wp\/v2\/product_cat?post=91532"},{"taxonomy":"product_tag","embeddable":true,"href":"https:\/\/trading.hhg.vn\/en\/wp-json\/wp\/v2\/product_tag?post=91532"}],"curies":[{"name":"wp","href":"https:\/\/api.w.org\/{rel}","templated":true}]}}