{"id":91534,"date":"2025-11-28T00:57:38","date_gmt":"2025-11-27T17:57:38","guid":{"rendered":"https:\/\/trading.hhg.vn\/?post_type=product&#038;p=91534"},"modified":"2026-01-28T07:49:51","modified_gmt":"2026-01-28T00:49:51","slug":"bo-choi-co-ve-sinh-gan-tuong-axor-universal-rectangular","status":"publish","type":"product","link":"https:\/\/trading.hhg.vn\/en\/s\u1ea3n-ph\u1ea9m\/bo-choi-co-ve-sinh-gan-tuong-axor-universal-rectangular\/","title":{"rendered":"B\u1ed9 ch\u1ed5i c\u1ecd v\u1ec7 sinh g\u1eafn t\u01b0\u1eddng AXOR Universal Rectangular"},"content":{"rendered":"<p><img fetchpriority=\"high\" decoding=\"async\" class=\"alignnone wp-image-7559 aligncenter\" src=\"https:\/\/trading.hhg.vn\/wp-content\/uploads\/2025\/11\/AXOR-Universal.jpg\" alt=\"\" width=\"606\" height=\"454\" \/>AXOR Universal l\u00e0 d\u00f2ng ph\u1ee5 ki\u1ec7n ph\u00f2ng t\u1eafm mang thi\u1ebft k\u1ebf h\u00ecnh kh\u1ed1i vu\u00f4ng m\u1ec1m m\u1ea1i, k\u1ebft h\u1ee3p gi\u1eefa \u0111\u01b0\u1eddng th\u1eb3ng m\u1ea1nh m\u1ebd v\u00e0 g\u00f3c bo tinh t\u1ebf. B\u1ed9 s\u01b0u t\u1eadp bao g\u1ed3m gi\u00e1 treo kh\u0103n, k\u1ec7 \u0111\u1ec3 \u0111\u1ed3, g\u01b0\u01a1ng, m\u00f3c \u00e1o v\u00e0 gi\u00e1 gi\u1ea5y v\u1ec7 sinh ph\u00f9 h\u1ee3p v\u1edbi m\u1ecdi kh\u00f4ng gian ph\u00f2ng t\u1eafm hi\u1ec7n \u0111\u1ea1i.<\/p>\n<p>C\u00e1c s\u1ea3n ph\u1ea9m \u0111\u01b0\u1ee3c ch\u1ebf t\u00e1c t\u1eeb kim lo\u1ea1i nguy\u00ean kh\u1ed1i, ho\u00e0n thi\u1ec7n b\u1eb1ng l\u1edbp m\u1ea1 PVD ho\u1eb7c chrome cao c\u1ea5p, mang l\u1ea1i \u0111\u1ed9 b\u1ec1n v\u01b0\u1ee3t tr\u1ed9i, kh\u1ea3 n\u0103ng ch\u1ed1ng tr\u1ea7y x\u01b0\u1edbc v\u00e0 ch\u1ed1ng \u0103n m\u00f2n t\u1ed1i \u0111a.<\/p>\n","protected":false},"excerpt":{"rendered":"<p>B\u1ed9 ch\u1ed5i c\u1ecd v\u1ec7 sinh AXOR Universal Rectangular n\u00e2ng t\u1ea7m kh\u00f4ng gian ph\u00f2ng t\u1eafm v\u1edbi thi\u1ebft k\u1ebf g\u1eafn t\u01b0\u1eddng t\u1ed1i gi\u1ea3n, t\u1ea1o \u0111i\u1ec3m nh\u1ea5n sang tr\u1ecdng v\u00e0 tinh t\u1ebf. S\u1ea3n ph\u1ea9m t\u00edch h\u1ee3p c\u00f4ng n\u0103ng v\u01b0\u1ee3t tr\u1ed9i, mang l\u1ea1i tr\u1ea3i nghi\u1ec7m v\u1ec7 sinh ti\u1ec7n l\u1ee3i, s\u1ea1ch s\u1ebd tuy\u1ec7t \u0111\u1ed1i. Ch\u1ea5t li\u1ec7u cao c\u1ea5p c\u00f9ng \u0111\u01b0\u1eddng n\u00e9t vu\u00f4ng v\u1eafn, m\u1ea1nh m\u1ebd kh\u00f4ng ch\u1ec9 \u0111\u1ea3m b\u1ea3o \u0111\u1ed9 b\u1ec1n b\u1ec9 m\u00e0 c\u00f2n ki\u1ebfn t\u1ea1o m\u1ed9t kh\u00f4ng gian s\u1ed1ng \u0111\u1eb3ng c\u1ea5p, ph\u1ea3n \u00e1nh gu th\u1ea9m m\u1ef9 tinh t\u1ebf c\u1ee7a gia ch\u1ee7.<\/p>\n","protected":false},"featured_media":91548,"comment_status":"open","ping_status":"closed","template":"","meta":{"_acf_changed":false},"product_cat":[862,77],"product_tag":[],"class_list":{"0":"post-91534","1":"product","2":"type-product","3":"status-publish","4":"has-post-thumbnail","6":"product_cat-phu-kien-bon-cau","7":"product_cat-phu-kien-phong-tam","8":"pa_mau-sac-chrome","9":"pa_mau-sac-chrome-den-xuoc","10":"pa_mau-sac-den-mo","11":"pa_mau-sac-dong-thau-xuoc","12":"pa_mau-sac-dong-xuoc","13":"pa_mau-sac-niken-xuoc","14":"pa_mau-sac-thep-khong-gi","15":"pa_mau-sac-vang-bong","16":"pa_mau-sac-vang-hong-bong","17":"pa_mau-sac-vang-hong-xuoc","18":"pa_mau-sac-vang-xuoc","19":"pa_mau-sac-chrome-den-bong-en","21":"first","22":"instock","23":"shipping-taxable","24":"purchasable","25":"product-type-variable"},"acf":[],"featured_media_urls":{"thumbnail":["https:\/\/trading.hhg.vn\/wp-content\/uploads\/2025\/11\/154__apr09208_tif-150x150.png",150,150,true],"medium":["https:\/\/trading.hhg.vn\/wp-content\/uploads\/2025\/11\/154__apr09208_tif-263x300.png",263,300,true],"medium_large":["https:\/\/trading.hhg.vn\/wp-content\/uploads\/2025\/11\/154__apr09208_tif-768x878.png",768,878,true],"large":["https:\/\/trading.hhg.vn\/wp-content\/uploads\/2025\/11\/154__apr09208_tif-896x1024.png",896,1024,true],"1536x1536":["https:\/\/trading.hhg.vn\/wp-content\/uploads\/2025\/11\/154__apr09208_tif.png",1260,1440,false],"2048x2048":["https:\/\/trading.hhg.vn\/wp-content\/uploads\/2025\/11\/154__apr09208_tif.png",1260,1440,false],"woocommerce_thumbnail":["https:\/\/trading.hhg.vn\/wp-content\/uploads\/2025\/11\/154__apr09208_tif-600x600.png",600,600,true],"woocommerce_single":["https:\/\/trading.hhg.vn\/wp-content\/uploads\/2025\/11\/154__apr09208_tif-1200x1371.png",1200,1371,true],"woocommerce_gallery_thumbnail":["https:\/\/trading.hhg.vn\/wp-content\/uploads\/2025\/11\/154__apr09208_tif-150x171.png",150,171,true],"portfolio_item-thumbnail":["https:\/\/trading.hhg.vn\/wp-content\/uploads\/2025\/11\/154__apr09208_tif.png",350,400,false],"portfolio_item-thumbnail@2x":["https:\/\/trading.hhg.vn\/wp-content\/uploads\/2025\/11\/154__apr09208_tif.png",700,800,false],"portfolio_item-masonry":["https:\/\/trading.hhg.vn\/wp-content\/uploads\/2025\/11\/154__apr09208_tif.png",600,686,false],"portfolio_item-masonry@2x":["https:\/\/trading.hhg.vn\/wp-content\/uploads\/2025\/11\/154__apr09208_tif.png",1200,1371,false],"portfolio_item-thumbnail_cinema":["https:\/\/trading.hhg.vn\/wp-content\/uploads\/2025\/11\/154__apr09208_tif.png",293,335,false],"portfolio_item-thumbnail_portrait":["https:\/\/trading.hhg.vn\/wp-content\/uploads\/2025\/11\/154__apr09208_tif.png",600,686,false],"portfolio_item-thumbnail_portrait@2x":["https:\/\/trading.hhg.vn\/wp-content\/uploads\/2025\/11\/154__apr09208_tif.png",1200,1371,false],"portfolio_item-thumbnail_square":["https:\/\/trading.hhg.vn\/wp-content\/uploads\/2025\/11\/154__apr09208_tif.png",700,800,false]},"_links":{"self":[{"href":"https:\/\/trading.hhg.vn\/en\/wp-json\/wp\/v2\/product\/91534","targetHints":{"allow":["GET"]}}],"collection":[{"href":"https:\/\/trading.hhg.vn\/en\/wp-json\/wp\/v2\/product"}],"about":[{"href":"https:\/\/trading.hhg.vn\/en\/wp-json\/wp\/v2\/types\/product"}],"replies":[{"embeddable":true,"href":"https:\/\/trading.hhg.vn\/en\/wp-json\/wp\/v2\/comments?post=91534"}],"version-history":[{"count":1,"href":"https:\/\/trading.hhg.vn\/en\/wp-json\/wp\/v2\/product\/91534\/revisions"}],"predecessor-version":[{"id":91550,"href":"https:\/\/trading.hhg.vn\/en\/wp-json\/wp\/v2\/product\/91534\/revisions\/91550"}],"wp:featuredmedia":[{"embeddable":true,"href":"https:\/\/trading.hhg.vn\/en\/wp-json\/wp\/v2\/media\/91548"}],"wp:attachment":[{"href":"https:\/\/trading.hhg.vn\/en\/wp-json\/wp\/v2\/media?parent=91534"}],"wp:term":[{"taxonomy":"product_cat","embeddable":true,"href":"https:\/\/trading.hhg.vn\/en\/wp-json\/wp\/v2\/product_cat?post=91534"},{"taxonomy":"product_tag","embeddable":true,"href":"https:\/\/trading.hhg.vn\/en\/wp-json\/wp\/v2\/product_tag?post=91534"}],"curies":[{"name":"wp","href":"https:\/\/api.w.org\/{rel}","templated":true}]}}