{"id":92408,"date":"2025-11-28T01:33:05","date_gmt":"2025-11-27T18:33:05","guid":{"rendered":"https:\/\/trading.hhg.vn\/?post_type=product&#038;p=92408"},"modified":"2026-01-28T07:42:20","modified_gmt":"2026-01-28T00:42:20","slug":"sen-tam-thiet-ke-210-340-1-duong-nuoc-kem-bo-dieu-nhiet-va-bo-co-ban-ibox-universal-2-raindance-alive-q","status":"publish","type":"product","link":"https:\/\/trading.hhg.vn\/en\/s\u1ea3n-ph\u1ea9m\/sen-tam-thiet-ke-210-340-1-duong-nuoc-kem-bo-dieu-nhiet-va-bo-co-ban-ibox-universal-2-raindance-alive-q\/","title":{"rendered":"Sen t\u1eafm thi\u1ebft k\u1ebf 210\/340 1 \u0111\u01b0\u1eddng n\u01b0\u1edbc k\u00e8m b\u1ed9 \u0111i\u1ec1u nhi\u1ec7t v\u00e0 b\u1ed9 c\u01a1 b\u1ea3n iBox universal 2 Raindance Alive Q"},"content":{"rendered":"<p><img fetchpriority=\"high\" decoding=\"async\" class=\"alignnone wp-image-7559 aligncenter\" src=\"https:\/\/trading.hhg.vn\/wp-content\/uploads\/2025\/11\/raindance-alive.png\" alt=\"\" width=\"606\" height=\"454\" \/>D\u00f2ng s\u1ea3n ph\u1ea9m Hansgrohe\u202fRaindance\u202fAlive &#8211; s\u1ea3n ph\u1ea9m \u0111\u01b0\u1ee3c MC Ng\u00f4 Mai Ph\u01b0\u01a1ng tin t\u01b0\u1edfng l\u1ef1a ch\u1ecdn, \u0111\u01b0\u1ee3c thi\u1ebft k\u1ebf \u0111\u1ec3 bi\u1ebfn m\u1ed7i l\u1ea7n t\u1eafm th\u00e0nh m\u1ed9t tr\u1ea3i nghi\u1ec7m th\u01b0 gi\u00e3n tr\u1ecdn v\u1eb9n. V\u1edbi ba ch\u1ebf \u0111\u1ed9 phun \u0111\u1eb7c bi\u1ec7t\u2014RainAir, PowderRain v\u00e0 Massage\u2014d\u00f2ng s\u1ea3n ph\u1ea9m mang \u0111\u1ebfn t\u1eeb c\u1ea3m gi\u00e1c nh\u01b0 \u0111ang \u0111\u1eafm m\u00ecnh trong c\u01a1n m\u01b0a nhi\u1ec7t \u0111\u1edbi nh\u1eb9 nh\u00e0ng \u0111\u1ebfn nh\u1eefng tia n\u01b0\u1edbc nh\u1ecf li ti \u00f4m l\u1ea5y c\u01a1 th\u1ec3. <\/p>\n<p>Thi\u1ebft k\u1ebf c\u1ee7a Raindance Alive n\u1ed5i b\u1eadt v\u1edbi m\u1eb7t ph\u1ee7 l\u01b0\u1edbi \u201cmesh-effect\u201d tinh t\u1ebf che gi\u1ea5u c\u00e1c \u0111\u1ea7u phun, t\u1ea1o n\u00ean b\u1ec1 m\u1eb7t ph\u1eb3ng, thanh tho\u00e1t v\u00e0 mang l\u1ea1i c\u1ea3m gi\u00e1c \u1ea5m c\u00fang cho ph\u00f2ng t\u1eafm.<br \/>\nhansgrohe-group.com<\/p>\n<p>H\u1ec7 th\u1ed1ng \u0111\u01b0\u1ee3c trang b\u1ecb c\u00f4ng ngh\u1ec7 EcoSmart gi\u00fap ti\u1ebft ki\u1ec7m n\u01b0\u1edbc\u2014\u0111\u1ea7u tay sen ch\u1ec9 ti\u00eau th\u1ee5 kho\u1ea3ng 8 l\u00edt\/ph\u00fat, v\u00e0 phi\u00ean b\u1ea3n ti\u1ebft ki\u1ec7m c\u00f2n th\u1ea5p h\u01a1n t\u1edbi 6 l\u00edt\/ph\u00fat\u2014gi\u00fap gi\u1ea3m chi ph\u00ed v\u00e0 th\u00e2n thi\u1ec7n v\u1edbi m\u00f4i tr\u01b0\u1eddng.<\/p>\n","protected":false},"excerpt":{"rendered":"<p>T\u1eadn h\u01b0\u1edfng kho\u1ea3nh kh\u1eafc th\u01b0 gi\u00e3n \u0111\u1ec9nh cao v\u1edbi Sen t\u1eafm Raindance Alive Q, n\u01a1i thi\u1ebft k\u1ebf 210\/340 \u0111\u1ea7y tinh t\u1ebf h\u00f2a quy\u1ec7n c\u00f9ng c\u00f4ng ngh\u1ec7 v\u01b0\u1ee3t tr\u1ed9i. B\u1ed9 \u0111i\u1ec1u nhi\u1ec7t ti\u00ean ti\u1ebfn \u0111\u1ea3m b\u1ea3o d\u00f2ng n\u01b0\u1edbc \u1ed5n \u0111\u1ecbnh, chu\u1ea9n x\u00e1c \u0111\u1ebfn t\u1eebng \u0111\u1ed9 C, mang \u0111\u1ebfn tr\u1ea3i nghi\u1ec7m s\u1ea3ng kho\u00e1i b\u1ea5t t\u1eadn. \u0110i k\u00e8m v\u1edbi b\u1ed9 c\u01a1 b\u1ea3n iBox universal 2, vi\u1ec7c l\u1eafp \u0111\u1eb7t tr\u1edf n\u00ean d\u1ec5 d\u00e0ng h\u01a1n bao gi\u1edd h\u1ebft, t\u1ea1o n\u00ean kh\u00f4ng gian t\u1eafm \u0111\u1eb3ng c\u1ea5p, ti\u1ec7n nghi v\u00e0 sang tr\u1ecdng, n\u00e2ng t\u1ea7m phong c\u00e1ch s\u1ed1ng c\u1ee7a b\u1ea1n.<\/p>\n","protected":false},"featured_media":92500,"comment_status":"open","ping_status":"closed","template":"","meta":{"_acf_changed":false},"product_cat":[841],"product_tag":[],"class_list":{"0":"post-92408","1":"product","2":"type-product","3":"status-publish","4":"has-post-thumbnail","6":"product_cat-bo-sen","7":"pa_mau-sac-chrome","8":"pa_mau-sac-den-mo","10":"first","11":"instock","12":"shipping-taxable","13":"product-type-variable"},"acf":[],"featured_media_urls":{"thumbnail":["https:\/\/trading.hhg.vn\/wp-content\/uploads\/2025\/11\/154__hpr08707_tif-150x150.png",150,150,true],"medium":["https:\/\/trading.hhg.vn\/wp-content\/uploads\/2025\/11\/154__hpr08707_tif-263x300.png",263,300,true],"medium_large":["https:\/\/trading.hhg.vn\/wp-content\/uploads\/2025\/11\/154__hpr08707_tif-768x878.png",768,878,true],"large":["https:\/\/trading.hhg.vn\/wp-content\/uploads\/2025\/11\/154__hpr08707_tif-896x1024.png",896,1024,true],"1536x1536":["https:\/\/trading.hhg.vn\/wp-content\/uploads\/2025\/11\/154__hpr08707_tif.png",1317,1505,false],"2048x2048":["https:\/\/trading.hhg.vn\/wp-content\/uploads\/2025\/11\/154__hpr08707_tif.png",1317,1505,false],"woocommerce_thumbnail":["https:\/\/trading.hhg.vn\/wp-content\/uploads\/2025\/11\/154__hpr08707_tif-600x600.png",600,600,true],"woocommerce_single":["https:\/\/trading.hhg.vn\/wp-content\/uploads\/2025\/11\/154__hpr08707_tif-1200x1371.png",1200,1371,true],"woocommerce_gallery_thumbnail":["https:\/\/trading.hhg.vn\/wp-content\/uploads\/2025\/11\/154__hpr08707_tif-150x171.png",150,171,true],"portfolio_item-thumbnail":["https:\/\/trading.hhg.vn\/wp-content\/uploads\/2025\/11\/154__hpr08707_tif.png",350,400,false],"portfolio_item-thumbnail@2x":["https:\/\/trading.hhg.vn\/wp-content\/uploads\/2025\/11\/154__hpr08707_tif.png",700,800,false],"portfolio_item-masonry":["https:\/\/trading.hhg.vn\/wp-content\/uploads\/2025\/11\/154__hpr08707_tif.png",600,686,false],"portfolio_item-masonry@2x":["https:\/\/trading.hhg.vn\/wp-content\/uploads\/2025\/11\/154__hpr08707_tif.png",1200,1371,false],"portfolio_item-thumbnail_cinema":["https:\/\/trading.hhg.vn\/wp-content\/uploads\/2025\/11\/154__hpr08707_tif.png",293,335,false],"portfolio_item-thumbnail_portrait":["https:\/\/trading.hhg.vn\/wp-content\/uploads\/2025\/11\/154__hpr08707_tif.png",600,686,false],"portfolio_item-thumbnail_portrait@2x":["https:\/\/trading.hhg.vn\/wp-content\/uploads\/2025\/11\/154__hpr08707_tif.png",1200,1371,false],"portfolio_item-thumbnail_square":["https:\/\/trading.hhg.vn\/wp-content\/uploads\/2025\/11\/154__hpr08707_tif.png",700,800,false]},"_links":{"self":[{"href":"https:\/\/trading.hhg.vn\/en\/wp-json\/wp\/v2\/product\/92408","targetHints":{"allow":["GET"]}}],"collection":[{"href":"https:\/\/trading.hhg.vn\/en\/wp-json\/wp\/v2\/product"}],"about":[{"href":"https:\/\/trading.hhg.vn\/en\/wp-json\/wp\/v2\/types\/product"}],"replies":[{"embeddable":true,"href":"https:\/\/trading.hhg.vn\/en\/wp-json\/wp\/v2\/comments?post=92408"}],"version-history":[{"count":1,"href":"https:\/\/trading.hhg.vn\/en\/wp-json\/wp\/v2\/product\/92408\/revisions"}],"predecessor-version":[{"id":92502,"href":"https:\/\/trading.hhg.vn\/en\/wp-json\/wp\/v2\/product\/92408\/revisions\/92502"}],"wp:featuredmedia":[{"embeddable":true,"href":"https:\/\/trading.hhg.vn\/en\/wp-json\/wp\/v2\/media\/92500"}],"wp:attachment":[{"href":"https:\/\/trading.hhg.vn\/en\/wp-json\/wp\/v2\/media?parent=92408"}],"wp:term":[{"taxonomy":"product_cat","embeddable":true,"href":"https:\/\/trading.hhg.vn\/en\/wp-json\/wp\/v2\/product_cat?post=92408"},{"taxonomy":"product_tag","embeddable":true,"href":"https:\/\/trading.hhg.vn\/en\/wp-json\/wp\/v2\/product_tag?post=92408"}],"curies":[{"name":"wp","href":"https:\/\/api.w.org\/{rel}","templated":true}]}}