{"id":93578,"date":"2025-11-28T02:54:19","date_gmt":"2025-11-27T19:54:19","guid":{"rendered":"https:\/\/trading.hhg.vn\/product\/bo-xa-va-cap-tran-flexaplus-ma-chrome\/"},"modified":"2025-12-05T11:10:32","modified_gmt":"2025-12-05T04:10:32","slug":"bo-xa-va-cap-tran-flexaplus-ma-chrome","status":"publish","type":"product","link":"https:\/\/trading.hhg.vn\/en\/s\u1ea3n-ph\u1ea9m\/bo-xa-va-cap-tran-flexaplus-ma-chrome\/","title":{"rendered":"B\u1ed9 x\u1ea3 v\u00e0 c\u1ea5p tr\u00e0n Flexaplus m\u1ea1 Chrome"},"content":{"rendered":"","protected":false},"excerpt":{"rendered":"<p>Flexaplus m\u1ea1 Chrome l\u00e0 bi\u1ec3u t\u01b0\u1ee3ng c\u1ee7a s\u1ef1 tinh t\u1ebf v\u00e0 ti\u1ec7n nghi trong kh\u00f4ng gian ph\u00f2ng t\u1eafm hi\u1ec7n \u0111\u1ea1i. V\u1edbi thi\u1ebft k\u1ebf t\u1ed1i gi\u1ea3n nh\u01b0ng \u0111\u1ea7y cu\u1ed1n h\u00fat, t\u1eebng \u0111\u01b0\u1eddng n\u00e9t \u0111\u01b0\u1ee3c ch\u1ebf t\u00e1c t\u1ec9 m\u1ec9, mang \u0111\u1ebfn v\u1ebb sang tr\u1ecdng v\u01b0\u1ee3t th\u1eddi gian. Kh\u00f4ng ch\u1ec9 \u0111\u1eb9p m\u1eaft, Flexaplus c\u00f2n t\u1ed1i \u01b0u h\u00f3a c\u00f4ng n\u0103ng c\u1ea5p v\u00e0 tho\u00e1t n\u01b0\u1edbc, \u0111\u1ea3m b\u1ea3o d\u00f2ng ch\u1ea3y \u00eam \u00e1i v\u00e0 hi\u1ec7u qu\u1ea3, cho tr\u1ea3i nghi\u1ec7m th\u01b0 gi\u00e3n tuy\u1ec7t \u0111\u1ed1i. T\u1eeb nay, m\u1ed7i kho\u1ea3nh kh\u1eafc trong ph\u00f2ng t\u1eafm s\u1ebd l\u00e0 m\u1ed9t tr\u1ea3i nghi\u1ec7m \u0111\u1eb3ng c\u1ea5p, n\u01a1i s\u1ef1 ti\u1ec7n l\u1ee3i h\u00f2a quy\u1ec7n c\u00f9ng v\u1ebb \u0111\u1eb9p ho\u00e0n m\u1ef9.<\/p>\n","protected":false},"featured_media":93576,"comment_status":"open","ping_status":"closed","template":"","meta":{"_acf_changed":false},"product_cat":[855],"product_tag":[],"class_list":{"0":"post-93578","1":"product","2":"type-product","3":"status-publish","4":"has-post-thumbnail","6":"product_cat-bo-xa-bon-tam","8":"first","9":"instock","10":"shipping-taxable","11":"product-type-simple"},"acf":[],"featured_media_urls":{"thumbnail":["https:\/\/trading.hhg.vn\/wp-content\/uploads\/2025\/11\/154__hpr08079_tif-150x150.png",150,150,true],"medium":["https:\/\/trading.hhg.vn\/wp-content\/uploads\/2025\/11\/154__hpr08079_tif-263x300.png",263,300,true],"medium_large":["https:\/\/trading.hhg.vn\/wp-content\/uploads\/2025\/11\/154__hpr08079_tif-768x878.png",768,878,true],"large":["https:\/\/trading.hhg.vn\/wp-content\/uploads\/2025\/11\/154__hpr08079_tif-896x1024.png",896,1024,true],"1536x1536":["https:\/\/trading.hhg.vn\/wp-content\/uploads\/2025\/11\/154__hpr08079_tif.png",1260,1440,false],"2048x2048":["https:\/\/trading.hhg.vn\/wp-content\/uploads\/2025\/11\/154__hpr08079_tif.png",1260,1440,false],"woocommerce_thumbnail":["https:\/\/trading.hhg.vn\/wp-content\/uploads\/2025\/11\/154__hpr08079_tif-600x600.png",600,600,true],"woocommerce_single":["https:\/\/trading.hhg.vn\/wp-content\/uploads\/2025\/11\/154__hpr08079_tif-1200x1371.png",1200,1371,true],"woocommerce_gallery_thumbnail":["https:\/\/trading.hhg.vn\/wp-content\/uploads\/2025\/11\/154__hpr08079_tif-150x171.png",150,171,true],"portfolio_item-thumbnail":["https:\/\/trading.hhg.vn\/wp-content\/uploads\/2025\/11\/154__hpr08079_tif.png",350,400,false],"portfolio_item-thumbnail@2x":["https:\/\/trading.hhg.vn\/wp-content\/uploads\/2025\/11\/154__hpr08079_tif.png",700,800,false],"portfolio_item-masonry":["https:\/\/trading.hhg.vn\/wp-content\/uploads\/2025\/11\/154__hpr08079_tif.png",600,686,false],"portfolio_item-masonry@2x":["https:\/\/trading.hhg.vn\/wp-content\/uploads\/2025\/11\/154__hpr08079_tif.png",1200,1371,false],"portfolio_item-thumbnail_cinema":["https:\/\/trading.hhg.vn\/wp-content\/uploads\/2025\/11\/154__hpr08079_tif.png",293,335,false],"portfolio_item-thumbnail_portrait":["https:\/\/trading.hhg.vn\/wp-content\/uploads\/2025\/11\/154__hpr08079_tif.png",600,686,false],"portfolio_item-thumbnail_portrait@2x":["https:\/\/trading.hhg.vn\/wp-content\/uploads\/2025\/11\/154__hpr08079_tif.png",1200,1371,false],"portfolio_item-thumbnail_square":["https:\/\/trading.hhg.vn\/wp-content\/uploads\/2025\/11\/154__hpr08079_tif.png",700,800,false]},"_links":{"self":[{"href":"https:\/\/trading.hhg.vn\/en\/wp-json\/wp\/v2\/product\/93578","targetHints":{"allow":["GET"]}}],"collection":[{"href":"https:\/\/trading.hhg.vn\/en\/wp-json\/wp\/v2\/product"}],"about":[{"href":"https:\/\/trading.hhg.vn\/en\/wp-json\/wp\/v2\/types\/product"}],"replies":[{"embeddable":true,"href":"https:\/\/trading.hhg.vn\/en\/wp-json\/wp\/v2\/comments?post=93578"}],"version-history":[{"count":1,"href":"https:\/\/trading.hhg.vn\/en\/wp-json\/wp\/v2\/product\/93578\/revisions"}],"predecessor-version":[{"id":118534,"href":"https:\/\/trading.hhg.vn\/en\/wp-json\/wp\/v2\/product\/93578\/revisions\/118534"}],"wp:featuredmedia":[{"embeddable":true,"href":"https:\/\/trading.hhg.vn\/en\/wp-json\/wp\/v2\/media\/93576"}],"wp:attachment":[{"href":"https:\/\/trading.hhg.vn\/en\/wp-json\/wp\/v2\/media?parent=93578"}],"wp:term":[{"taxonomy":"product_cat","embeddable":true,"href":"https:\/\/trading.hhg.vn\/en\/wp-json\/wp\/v2\/product_cat?post=93578"},{"taxonomy":"product_tag","embeddable":true,"href":"https:\/\/trading.hhg.vn\/en\/wp-json\/wp\/v2\/product_tag?post=93578"}],"curies":[{"name":"wp","href":"https:\/\/api.w.org\/{rel}","templated":true}]}}