{"id":94224,"date":"2025-11-28T03:21:56","date_gmt":"2025-11-27T20:21:56","guid":{"rendered":"https:\/\/trading.hhg.vn\/?post_type=product&#038;p=94224"},"modified":"2026-01-28T07:41:00","modified_gmt":"2026-01-28T00:41:00","slug":"guong-den-led-ngang-360-30-cam-bien-hong-ngoai-xarita-lite-q","status":"publish","type":"product","link":"https:\/\/trading.hhg.vn\/en\/s\u1ea3n-ph\u1ea9m\/guong-den-led-ngang-360-30-cam-bien-hong-ngoai-xarita-lite-q\/","title":{"rendered":"G\u01b0\u01a1ng \u0111\u00e8n LED ngang 360\/30 c\u1ea3m bi\u1ebfn h\u1ed3ng ngo\u1ea1i Xarita Lite Q"},"content":{"rendered":"<p><img fetchpriority=\"high\" decoding=\"async\" class=\"alignnone wp-image-7559 aligncenter\" src=\"https:\/\/trading.hhg.vn\/wp-content\/uploads\/2025\/11\/xarita-lite.png\" alt=\"\" width=\"606\" height=\"454\" \/>D\u00f2ng g\u01b0\u01a1ng Hansgrohe Xarita Lite l\u00e0 l\u1ef1a ch\u1ecdn l\u00fd t\u01b0\u1edfng cho khu v\u1ef1c \u201cwash-place\u201d, mang l\u1ea1i \u00e1nh s\u00e1ng d\u1ecbu nh\u1eb9 v\u00e0 thi\u1ebft k\u1ebf thanh l\u1ecbch v\u1edbi khung nh\u00f4m m\u1ea1 m\u00e0u m\u1edd tr\u1eafng ho\u1eb7c m\u1edd \u0111en d\u1ec5 d\u00e0ng ph\u1ed1i h\u1ee3p v\u1edbi c\u00e1c chi ti\u1ebft n\u1ed9i th\u1ea5t xung quanh.<\/p>\n<p>C\u00f3 hai ki\u1ec3u d\u00e1ng ch\u00ednh: phi\u00ean b\u1ea3n tr\u00f2n (S) v\u00e0 bi\u1ebfn th\u1ec3 tr\u00f2n vu\u00f4ng (Q), ph\u00f9 h\u1ee3p v\u1edbi m\u1ecdi di\u1ec7n t\u00edch t\u1eeb ph\u00f2ng t\u1eafm nh\u1ecf \u0111\u1ebfn kh\u00f4ng gian l\u1edbn h\u01a1n.<\/p>\n<p>G\u01b0\u01a1ng t\u00edch h\u1ee3p \u0111\u00e8n LED ti\u1ebft ki\u1ec7m n\u0103ng l\u01b0\u1ee3ng, tu\u1ed5i th\u1ecd d\u00e0i h\u01a1n 36.000 gi\u1edd, \u0111\u1ea1t chu\u1ea9n IP44 ch\u1ed1ng n\u01b0\u1edbc v\u00e0 c\u00f3 th\u1ec3 v\u1eadn h\u00e0nh qua c\u00f4ng t\u1eafc t\u01b0\u1eddng ho\u1eb7c c\u1ea3m bi\u1ebfn h\u1ed3ng ngo\u1ea1i kh\u00f4ng ch\u1ea1m \u2014 bao g\u1ed3m c\u1ea3 t\u00ednh n\u0103ng ch\u1ed1ng s\u01b0\u01a1ng m\u00f9 v\u00e0 b\u1ed9 nh\u1edb \u00e1nh s\u00e1ng y\u00eau th\u00edch.<\/p>\n<p>Xarita Lite kh\u00f4ng ch\u1ec9 l\u00e0 g\u01b0\u01a1ng m\u00e0 c\u00f2n l\u00e0 \u0111i\u1ec3m nh\u1ea5n s\u00e1ng t\u1ea1o cho ph\u00f2ng t\u1eafm \u2014 hi\u1ec7n \u0111\u1ea1i, ti\u1ec7n nghi v\u00e0 d\u1ec5 nh\u00e2n \u0111\u00f4i phong c\u00e1ch c\u00e1 nh\u00e2n trong kh\u00f4ng gian c\u1ee7a b\u1ea1n.<\/p>\n","protected":false},"excerpt":{"rendered":"<p>Kh\u00e1m ph\u00e1 Xarita Lite Q, chi\u1ebfc g\u01b0\u01a1ng LED c\u1ea3m \u1ee9ng h\u1ed3ng ngo\u1ea1i 360\/30 tinh t\u1ebf, n\u01a1i ngh\u1ec7 thu\u1eadt v\u00e0 c\u00f4ng ngh\u1ec7 giao h\u00f2a. Thi\u1ebft k\u1ebf thanh l\u1ecbch, t\u1ed1i gi\u1ea3n nh\u01b0ng \u0111\u1ea7y quy\u1ec1n n\u0103ng, bi\u1ebfn h\u00f3a kh\u00f4ng gian ph\u00f2ng t\u1eafm c\u1ee7a b\u1ea1n th\u00e0nh m\u1ed9t \u1ed1c \u0111\u1ea3o c\u1ee7a s\u1ef1 th\u01b0 th\u00e1i v\u00e0 ti\u1ec7n nghi. \u0110\u00e8n LED si\u00eau s\u00e1ng, \u0111i\u1ec1u ch\u1ec9nh linh ho\u1ea1t, mang \u0111\u1ebfn \u00e1nh s\u00e1ng ho\u00e0n h\u1ea3o cho m\u1ecdi nhu c\u1ea7u, t\u1eeb trang \u0111i\u1ec3m tinh x\u1ea3o \u0111\u1ebfn c\u1ea1o r\u00e2u t\u1ec9 m\u1ec9. C\u1ea3m bi\u1ebfn h\u1ed3ng ngo\u1ea1i th\u00f4ng minh gi\u00fap b\u1ea1n \u0111i\u1ec1u khi\u1ec3n \u00e1nh s\u00e1ng ch\u1ec9 b\u1eb1ng m\u1ed9t c\u1eed ch\u1ec9 nh\u1eb9 nh\u00e0ng, n\u00e2ng t\u1ea7m tr\u1ea3i nghi\u1ec7m s\u1eed d\u1ee5ng l\u00ean m\u1ed9t t\u1ea7m cao m\u1edbi. Xarita Lite Q kh\u00f4ng ch\u1ec9 l\u00e0 m\u1ed9t chi\u1ebfc g\u01b0\u01a1ng, m\u00e0 l\u00e0 m\u1ed9t tuy\u00ean ng\u00f4n v\u1ec1 phong c\u00e1ch s\u1ed1ng hi\u1ec7n \u0111\u1ea1i v\u00e0 \u0111\u1eb3ng c\u1ea5p.<\/p>\n","protected":false},"featured_media":27819,"comment_status":"open","ping_status":"closed","template":"","meta":{"_acf_changed":false},"product_cat":[857,77],"product_tag":[],"class_list":{"0":"post-94224","1":"product","2":"type-product","3":"status-publish","4":"has-post-thumbnail","6":"product_cat-guong","7":"product_cat-phu-kien-phong-tam","8":"pa_mau-sac-den-mo","9":"pa_mau-sac-trang-mo","11":"first","12":"instock","13":"shipping-taxable","14":"product-type-variable"},"acf":[],"featured_media_urls":{"thumbnail":["https:\/\/trading.hhg.vn\/wp-content\/uploads\/2025\/11\/154__hpr06698_tif-150x150.png",150,150,true],"medium":["https:\/\/trading.hhg.vn\/wp-content\/uploads\/2025\/11\/154__hpr06698_tif-263x300.png",263,300,true],"medium_large":["https:\/\/trading.hhg.vn\/wp-content\/uploads\/2025\/11\/154__hpr06698_tif-768x878.png",768,878,true],"large":["https:\/\/trading.hhg.vn\/wp-content\/uploads\/2025\/11\/154__hpr06698_tif-896x1024.png",896,1024,true],"1536x1536":["https:\/\/trading.hhg.vn\/wp-content\/uploads\/2025\/11\/154__hpr06698_tif.png",1260,1440,false],"2048x2048":["https:\/\/trading.hhg.vn\/wp-content\/uploads\/2025\/11\/154__hpr06698_tif.png",1260,1440,false],"woocommerce_thumbnail":["https:\/\/trading.hhg.vn\/wp-content\/uploads\/2025\/11\/154__hpr06698_tif-600x600.png",600,600,true],"woocommerce_single":["https:\/\/trading.hhg.vn\/wp-content\/uploads\/2025\/11\/154__hpr06698_tif-1200x1371.png",1200,1371,true],"woocommerce_gallery_thumbnail":["https:\/\/trading.hhg.vn\/wp-content\/uploads\/2025\/11\/154__hpr06698_tif-150x171.png",150,171,true],"portfolio_item-thumbnail":["https:\/\/trading.hhg.vn\/wp-content\/uploads\/2025\/11\/154__hpr06698_tif.png",350,400,false],"portfolio_item-thumbnail@2x":["https:\/\/trading.hhg.vn\/wp-content\/uploads\/2025\/11\/154__hpr06698_tif.png",700,800,false],"portfolio_item-masonry":["https:\/\/trading.hhg.vn\/wp-content\/uploads\/2025\/11\/154__hpr06698_tif.png",600,686,false],"portfolio_item-masonry@2x":["https:\/\/trading.hhg.vn\/wp-content\/uploads\/2025\/11\/154__hpr06698_tif.png",1200,1371,false],"portfolio_item-thumbnail_cinema":["https:\/\/trading.hhg.vn\/wp-content\/uploads\/2025\/11\/154__hpr06698_tif.png",293,335,false],"portfolio_item-thumbnail_portrait":["https:\/\/trading.hhg.vn\/wp-content\/uploads\/2025\/11\/154__hpr06698_tif.png",600,686,false],"portfolio_item-thumbnail_portrait@2x":["https:\/\/trading.hhg.vn\/wp-content\/uploads\/2025\/11\/154__hpr06698_tif.png",1200,1371,false],"portfolio_item-thumbnail_square":["https:\/\/trading.hhg.vn\/wp-content\/uploads\/2025\/11\/154__hpr06698_tif.png",700,800,false]},"_links":{"self":[{"href":"https:\/\/trading.hhg.vn\/en\/wp-json\/wp\/v2\/product\/94224","targetHints":{"allow":["GET"]}}],"collection":[{"href":"https:\/\/trading.hhg.vn\/en\/wp-json\/wp\/v2\/product"}],"about":[{"href":"https:\/\/trading.hhg.vn\/en\/wp-json\/wp\/v2\/types\/product"}],"replies":[{"embeddable":true,"href":"https:\/\/trading.hhg.vn\/en\/wp-json\/wp\/v2\/comments?post=94224"}],"version-history":[{"count":2,"href":"https:\/\/trading.hhg.vn\/en\/wp-json\/wp\/v2\/product\/94224\/revisions"}],"predecessor-version":[{"id":117892,"href":"https:\/\/trading.hhg.vn\/en\/wp-json\/wp\/v2\/product\/94224\/revisions\/117892"}],"wp:featuredmedia":[{"embeddable":true,"href":"https:\/\/trading.hhg.vn\/en\/wp-json\/wp\/v2\/media\/27819"}],"wp:attachment":[{"href":"https:\/\/trading.hhg.vn\/en\/wp-json\/wp\/v2\/media?parent=94224"}],"wp:term":[{"taxonomy":"product_cat","embeddable":true,"href":"https:\/\/trading.hhg.vn\/en\/wp-json\/wp\/v2\/product_cat?post=94224"},{"taxonomy":"product_tag","embeddable":true,"href":"https:\/\/trading.hhg.vn\/en\/wp-json\/wp\/v2\/product_tag?post=94224"}],"curies":[{"name":"wp","href":"https:\/\/api.w.org\/{rel}","templated":true}]}}