{"id":94703,"date":"2025-11-28T04:03:24","date_gmt":"2025-11-27T21:03:24","guid":{"rendered":"https:\/\/trading.hhg.vn\/product\/khay-xa-phong-casetta-s\/"},"modified":"2026-01-28T07:49:27","modified_gmt":"2026-01-28T00:49:27","slug":"khay-xa-phong-casetta-s","status":"publish","type":"product","link":"https:\/\/trading.hhg.vn\/en\/s\u1ea3n-ph\u1ea9m\/khay-xa-phong-casetta-s\/","title":{"rendered":"Khay x\u00e0 ph\u00f2ng Casetta S"},"content":{"rendered":"","protected":false},"excerpt":{"rendered":"<p>Casetta S mang v\u1ebb \u0111\u1eb9p tinh gi\u1ea3n v\u01b0\u1ee3t th\u1eddi gian, l\u00e0 \u0111i\u1ec3m nh\u1ea5n sang tr\u1ecdng cho m\u1ecdi kh\u00f4ng gian ph\u00f2ng t\u1eafm. Thi\u1ebft k\u1ebf th\u00f4ng minh v\u1edbi r\u00e3nh tho\u00e1t n\u01b0\u1edbc t\u1ed1i \u01b0u gi\u1eef x\u00e0 ph\u00f2ng lu\u00f4n kh\u00f4 r\u00e1o, s\u1ea1ch s\u1ebd, k\u00e9o d\u00e0i tu\u1ed5i th\u1ecd s\u1ea3n ph\u1ea9m. Tr\u1ea3i nghi\u1ec7m s\u1ef1 ti\u1ec7n nghi v\u00e0 tinh t\u1ebf trong t\u1eebng kho\u1ea3nh kh\u1eafc s\u1eed d\u1ee5ng, n\u00e2ng t\u1ea7m chu\u1ea9n m\u1ef1c s\u1ed1ng c\u1ee7a b\u1ea1n.<\/p>\n","protected":false},"featured_media":94701,"comment_status":"open","ping_status":"closed","template":"","meta":{"_acf_changed":false},"product_cat":[77],"product_tag":[],"class_list":{"0":"post-94703","1":"product","2":"type-product","3":"status-publish","4":"has-post-thumbnail","6":"product_cat-phu-kien-phong-tam","7":"pa_mau-sac-trong-suot","9":"first","10":"instock","11":"shipping-taxable","12":"purchasable","13":"product-type-simple"},"acf":[],"featured_media_urls":{"thumbnail":["https:\/\/trading.hhg.vn\/wp-content\/uploads\/2025\/11\/154__hpb01158_tif-150x150.png",150,150,true],"medium":["https:\/\/trading.hhg.vn\/wp-content\/uploads\/2025\/11\/154__hpb01158_tif-262x300.png",262,300,true],"medium_large":["https:\/\/trading.hhg.vn\/wp-content\/uploads\/2025\/11\/154__hpb01158_tif-768x878.png",768,878,true],"large":["https:\/\/trading.hhg.vn\/wp-content\/uploads\/2025\/11\/154__hpb01158_tif-896x1024.png",896,1024,true],"1536x1536":["https:\/\/trading.hhg.vn\/wp-content\/uploads\/2025\/11\/154__hpb01158_tif-1344x1536.png",1344,1536,true],"2048x2048":["https:\/\/trading.hhg.vn\/wp-content\/uploads\/2025\/11\/154__hpb01158_tif.png",1440,1646,false],"woocommerce_thumbnail":["https:\/\/trading.hhg.vn\/wp-content\/uploads\/2025\/11\/154__hpb01158_tif-600x600.png",600,600,true],"woocommerce_single":["https:\/\/trading.hhg.vn\/wp-content\/uploads\/2025\/11\/154__hpb01158_tif-1200x1372.png",1200,1372,true],"woocommerce_gallery_thumbnail":["https:\/\/trading.hhg.vn\/wp-content\/uploads\/2025\/11\/154__hpb01158_tif-150x171.png",150,171,true],"portfolio_item-thumbnail":["https:\/\/trading.hhg.vn\/wp-content\/uploads\/2025\/11\/154__hpb01158_tif.png",350,400,false],"portfolio_item-thumbnail@2x":["https:\/\/trading.hhg.vn\/wp-content\/uploads\/2025\/11\/154__hpb01158_tif.png",700,800,false],"portfolio_item-masonry":["https:\/\/trading.hhg.vn\/wp-content\/uploads\/2025\/11\/154__hpb01158_tif.png",600,686,false],"portfolio_item-masonry@2x":["https:\/\/trading.hhg.vn\/wp-content\/uploads\/2025\/11\/154__hpb01158_tif.png",1200,1372,false],"portfolio_item-thumbnail_cinema":["https:\/\/trading.hhg.vn\/wp-content\/uploads\/2025\/11\/154__hpb01158_tif.png",293,335,false],"portfolio_item-thumbnail_portrait":["https:\/\/trading.hhg.vn\/wp-content\/uploads\/2025\/11\/154__hpb01158_tif.png",600,686,false],"portfolio_item-thumbnail_portrait@2x":["https:\/\/trading.hhg.vn\/wp-content\/uploads\/2025\/11\/154__hpb01158_tif.png",1200,1372,false],"portfolio_item-thumbnail_square":["https:\/\/trading.hhg.vn\/wp-content\/uploads\/2025\/11\/154__hpb01158_tif.png",700,800,false]},"_links":{"self":[{"href":"https:\/\/trading.hhg.vn\/en\/wp-json\/wp\/v2\/product\/94703","targetHints":{"allow":["GET"]}}],"collection":[{"href":"https:\/\/trading.hhg.vn\/en\/wp-json\/wp\/v2\/product"}],"about":[{"href":"https:\/\/trading.hhg.vn\/en\/wp-json\/wp\/v2\/types\/product"}],"replies":[{"embeddable":true,"href":"https:\/\/trading.hhg.vn\/en\/wp-json\/wp\/v2\/comments?post=94703"}],"version-history":[{"count":0,"href":"https:\/\/trading.hhg.vn\/en\/wp-json\/wp\/v2\/product\/94703\/revisions"}],"wp:featuredmedia":[{"embeddable":true,"href":"https:\/\/trading.hhg.vn\/en\/wp-json\/wp\/v2\/media\/94701"}],"wp:attachment":[{"href":"https:\/\/trading.hhg.vn\/en\/wp-json\/wp\/v2\/media?parent=94703"}],"wp:term":[{"taxonomy":"product_cat","embeddable":true,"href":"https:\/\/trading.hhg.vn\/en\/wp-json\/wp\/v2\/product_cat?post=94703"},{"taxonomy":"product_tag","embeddable":true,"href":"https:\/\/trading.hhg.vn\/en\/wp-json\/wp\/v2\/product_tag?post=94703"}],"curies":[{"name":"wp","href":"https:\/\/api.w.org\/{rel}","templated":true}]}}