{"id":94819,"date":"2025-11-28T04:07:33","date_gmt":"2025-11-27T21:07:33","guid":{"rendered":"https:\/\/trading.hhg.vn\/product\/sen-tran-85-3-duong-nuoc-ecosmart-kem-tay-sen-tran-clubmaster\/"},"modified":"2026-01-28T07:42:53","modified_gmt":"2026-01-28T00:42:53","slug":"sen-tran-85-3-duong-nuoc-ecosmart-kem-tay-sen-tran-clubmaster","status":"publish","type":"product","link":"https:\/\/trading.hhg.vn\/en\/s\u1ea3n-ph\u1ea9m\/sen-tran-85-3-duong-nuoc-ecosmart-kem-tay-sen-tran-clubmaster\/","title":{"rendered":"Sen tr\u1ea7n 85 3 \u0111\u01b0\u1eddng n\u01b0\u1edbc EcoSmart k\u00e8m tay sen tr\u1ea7n Clubmaster"},"content":{"rendered":"","protected":false},"excerpt":{"rendered":"<p>Kh\u00e1m ph\u00e1 v\u1ebb \u0111\u1eb9p tinh gi\u1ea3n v\u00e0 c\u00f4ng n\u0103ng v\u01b0\u1ee3t tr\u1ed9i c\u00f9ng sen tr\u1ea7n 85 3 \u0111\u01b0\u1eddng n\u01b0\u1edbc EcoSmart, k\u1ebft h\u1ee3p tay sen tr\u1ea7n Clubmaster. Thi\u1ebft k\u1ebf \u0111\u1eb3ng c\u1ea5p h\u00f2a quy\u1ec7n ho\u00e0n h\u1ea3o trong m\u1ecdi kh\u00f4ng gian ph\u00f2ng t\u1eafm, mang \u0111\u1ebfn tr\u1ea3i nghi\u1ec7m th\u01b0 gi\u00e3n \u0111\u00edch th\u1ef1c. C\u00f4ng ngh\u1ec7 EcoSmart ti\u00ean ti\u1ebfn t\u1ed1i \u01b0u h\u00f3a l\u01b0\u1ee3ng n\u01b0\u1edbc, th\u00e2n thi\u1ec7n m\u00f4i tr\u01b0\u1eddng, \u0111\u1ed3ng th\u1eddi \u0111\u1ea3m b\u1ea3o d\u00f2ng ch\u1ea3y m\u1ea1nh m\u1ebd, \u00eam \u00e1i. M\u1ed7i l\u1ea7n ch\u1ea1m l\u00e0 m\u1ed9t kho\u1ea3nh kh\u1eafc nu\u00f4ng chi\u1ec1u gi\u00e1c quan, n\u00e2ng t\u1ea7m nghi th\u1ee9c t\u1eafm g\u1ed9i th\u00e0nh li\u1ec7u ph\u00e1p t\u00e1i t\u1ea1o n\u0103ng l\u01b0\u1ee3ng.<\/p>\n","protected":false},"featured_media":18671,"comment_status":"open","ping_status":"closed","template":"","meta":{"_acf_changed":false},"product_cat":[843],"product_tag":[],"class_list":{"0":"post-94819","1":"product","2":"type-product","3":"status-publish","4":"has-post-thumbnail","6":"product_cat-bat-sen-tran","7":"pa_mau-sac-chrome","9":"first","10":"instock","11":"shipping-taxable","12":"purchasable","13":"product-type-simple"},"acf":[],"featured_media_urls":{"thumbnail":["https:\/\/trading.hhg.vn\/wp-content\/uploads\/2025\/11\/154__hpb00939_tif-150x150.png",150,150,true],"medium":["https:\/\/trading.hhg.vn\/wp-content\/uploads\/2025\/11\/154__hpb00939_tif-263x300.png",263,300,true],"medium_large":["https:\/\/trading.hhg.vn\/wp-content\/uploads\/2025\/11\/154__hpb00939_tif-768x878.png",768,878,true],"large":["https:\/\/trading.hhg.vn\/wp-content\/uploads\/2025\/11\/154__hpb00939_tif-896x1024.png",896,1024,true],"1536x1536":["https:\/\/trading.hhg.vn\/wp-content\/uploads\/2025\/11\/154__hpb00939_tif.png",1260,1440,false],"2048x2048":["https:\/\/trading.hhg.vn\/wp-content\/uploads\/2025\/11\/154__hpb00939_tif.png",1260,1440,false],"woocommerce_thumbnail":["https:\/\/trading.hhg.vn\/wp-content\/uploads\/2025\/11\/154__hpb00939_tif-600x600.png",600,600,true],"woocommerce_single":["https:\/\/trading.hhg.vn\/wp-content\/uploads\/2025\/11\/154__hpb00939_tif-1200x1371.png",1200,1371,true],"woocommerce_gallery_thumbnail":["https:\/\/trading.hhg.vn\/wp-content\/uploads\/2025\/11\/154__hpb00939_tif-150x171.png",150,171,true],"portfolio_item-thumbnail":["https:\/\/trading.hhg.vn\/wp-content\/uploads\/2025\/11\/154__hpb00939_tif.png",350,400,false],"portfolio_item-thumbnail@2x":["https:\/\/trading.hhg.vn\/wp-content\/uploads\/2025\/11\/154__hpb00939_tif.png",700,800,false],"portfolio_item-masonry":["https:\/\/trading.hhg.vn\/wp-content\/uploads\/2025\/11\/154__hpb00939_tif.png",600,686,false],"portfolio_item-masonry@2x":["https:\/\/trading.hhg.vn\/wp-content\/uploads\/2025\/11\/154__hpb00939_tif.png",1200,1371,false],"portfolio_item-thumbnail_cinema":["https:\/\/trading.hhg.vn\/wp-content\/uploads\/2025\/11\/154__hpb00939_tif.png",293,335,false],"portfolio_item-thumbnail_portrait":["https:\/\/trading.hhg.vn\/wp-content\/uploads\/2025\/11\/154__hpb00939_tif.png",600,686,false],"portfolio_item-thumbnail_portrait@2x":["https:\/\/trading.hhg.vn\/wp-content\/uploads\/2025\/11\/154__hpb00939_tif.png",1200,1371,false],"portfolio_item-thumbnail_square":["https:\/\/trading.hhg.vn\/wp-content\/uploads\/2025\/11\/154__hpb00939_tif.png",700,800,false]},"_links":{"self":[{"href":"https:\/\/trading.hhg.vn\/en\/wp-json\/wp\/v2\/product\/94819","targetHints":{"allow":["GET"]}}],"collection":[{"href":"https:\/\/trading.hhg.vn\/en\/wp-json\/wp\/v2\/product"}],"about":[{"href":"https:\/\/trading.hhg.vn\/en\/wp-json\/wp\/v2\/types\/product"}],"replies":[{"embeddable":true,"href":"https:\/\/trading.hhg.vn\/en\/wp-json\/wp\/v2\/comments?post=94819"}],"version-history":[{"count":1,"href":"https:\/\/trading.hhg.vn\/en\/wp-json\/wp\/v2\/product\/94819\/revisions"}],"predecessor-version":[{"id":117918,"href":"https:\/\/trading.hhg.vn\/en\/wp-json\/wp\/v2\/product\/94819\/revisions\/117918"}],"wp:featuredmedia":[{"embeddable":true,"href":"https:\/\/trading.hhg.vn\/en\/wp-json\/wp\/v2\/media\/18671"}],"wp:attachment":[{"href":"https:\/\/trading.hhg.vn\/en\/wp-json\/wp\/v2\/media?parent=94819"}],"wp:term":[{"taxonomy":"product_cat","embeddable":true,"href":"https:\/\/trading.hhg.vn\/en\/wp-json\/wp\/v2\/product_cat?post=94819"},{"taxonomy":"product_tag","embeddable":true,"href":"https:\/\/trading.hhg.vn\/en\/wp-json\/wp\/v2\/product_tag?post=94819"}],"curies":[{"name":"wp","href":"https:\/\/api.w.org\/{rel}","templated":true}]}}