{"id":95482,"date":"2025-11-28T04:33:40","date_gmt":"2025-11-27T21:33:40","guid":{"rendered":"https:\/\/trading.hhg.vn\/?post_type=product&#038;p=95482"},"modified":"2026-01-28T07:41:14","modified_gmt":"2026-01-28T00:41:14","slug":"bo-thoat-san-700-dat-tieu-chuan-nong-co-nap-sau-op-gach-raindrain-go","status":"publish","type":"product","link":"https:\/\/trading.hhg.vn\/en\/s\u1ea3n-ph\u1ea9m\/bo-thoat-san-700-dat-tieu-chuan-nong-co-nap-sau-op-gach-raindrain-go\/","title":{"rendered":"B\u1ed9 tho\u00e1t s\u00e0n 700 \u0111\u1eb7t ti\u00eau chu\u1ea9n\/n\u00f4ng c\u00f3 n\u1eafp sau \u1ed1p g\u1ea1ch RainDrain Go"},"content":{"rendered":"<p><img fetchpriority=\"high\" decoding=\"async\" class=\"alignnone wp-image-7559 aligncenter\" src=\"https:\/\/trading.hhg.vn\/wp-content\/uploads\/2025\/11\/raindrain.png\" alt=\"\" width=\"606\" height=\"454\" \/>Tho\u00e1t s\u00e0n RainDrain<br \/>\nm\u00e0u s\u1eafc \u0111\u1ed3ng b\u1ed9 v\u1edbi v\u00f2i sen hay v\u00f2i lavabo n\u1ebfu mu\u1ed1n<br \/>\nC\u00f4ng ngh\u1ec7 tho\u00e1t s\u00e0n s\u1ea3n xu\u1ea5t theo ti\u00eau chu\u1ea9n ch\u1ea5t l\u01b0\u1ee3ng cao c\u1ee7a hansgrohe<br \/>\nC\u00f4ng ngh\u1ec7 xi ph\u00f4ng v\u00e0 tho\u00e1t n\u01b0\u1edbc ch\u1ea5t l\u01b0\u1ee3ng cao \u0111\u1ea3m b\u1ea3o h\u1ec7 th\u1ed1ng tho\u00e1t n\u01b0\u1edbc c\u1ee7a v\u00f2i hoa sen lu\u00f4n an to\u00e0n<br \/>\nThi\u1ebft k\u1ebf t\u1ed1i gi\u1ea3n<br \/>\nk\u00edch th\u01b0\u1edbc, t\u1eeb 70\u2013120 cm, v\u1edbi n\u1eafp thi\u1ebft k\u1ebf c\u00f3 th\u1ec3 \u1ed1p g\u1ea1ch.<\/p>\n","protected":false},"excerpt":{"rendered":"<p>RainDrain Go mang \u0111\u1ebfn gi\u1ea3i ph\u00e1p tho\u00e1t s\u00e0n tinh t\u1ebf cho m\u1ecdi kh\u00f4ng gian. Thi\u1ebft k\u1ebf t\u1ed1i gi\u1ea3n, \u0111\u1eb7t \u00e2m tinh x\u1ea3o c\u00f9ng n\u1eafp \u1ed1p g\u1ea1ch \u0111\u1ed3ng \u0111i\u1ec7u, s\u1ea3n ph\u1ea9m h\u00f2a m\u00ecnh ho\u00e0n h\u1ea3o v\u00e0o ki\u1ebfn tr\u00fac ph\u00f2ng t\u1eafm, g\u1ea7n nh\u01b0 v\u00f4 h\u00ecnh. D\u00f9 l\u00e0 ti\u00eau chu\u1ea9n hay n\u00f4ng, RainDrain Go \u0111\u1ea3m b\u1ea3o d\u00f2ng ch\u1ea3y m\u01b0\u1ee3t m\u00e0, lo\u1ea1i b\u1ecf n\u01b0\u1edbc nhanh ch\u00f3ng, gi\u1eef s\u00e0n lu\u00f4n kh\u00f4 tho\u00e1ng. Tr\u1ea3i nghi\u1ec7m s\u1ef1 thanh l\u1ecbch v\u00e0 hi\u1ec7u qu\u1ea3 t\u1ed1i \u01b0u, n\u00e2ng t\u1ea7m \u0111\u1eb3ng c\u1ea5p kh\u00f4ng gian s\u1ed1ng c\u1ee7a b\u1ea1n.<\/p>\n","protected":false},"featured_media":95498,"comment_status":"open","ping_status":"closed","template":"","meta":{"_acf_changed":false},"product_cat":[848],"product_tag":[],"class_list":{"0":"post-95482","1":"product","2":"type-product","3":"status-publish","4":"has-post-thumbnail","6":"product_cat-thoat-san-2","7":"pa_mau-sac-den-mo","8":"pa_mau-sac-thep-khong-gi-xuoc-mo","10":"first","11":"instock","12":"shipping-taxable","13":"product-type-variable"},"acf":[],"featured_media_urls":{"thumbnail":["https:\/\/trading.hhg.vn\/wp-content\/uploads\/2025\/11\/154__hpr07064_tif-150x150.png",150,150,true],"medium":["https:\/\/trading.hhg.vn\/wp-content\/uploads\/2025\/11\/154__hpr07064_tif-262x300.png",262,300,true],"medium_large":["https:\/\/trading.hhg.vn\/wp-content\/uploads\/2025\/11\/154__hpr07064_tif-768x878.png",768,878,true],"large":["https:\/\/trading.hhg.vn\/wp-content\/uploads\/2025\/11\/154__hpr07064_tif-896x1024.png",896,1024,true],"1536x1536":["https:\/\/trading.hhg.vn\/wp-content\/uploads\/2025\/11\/154__hpr07064_tif-1344x1536.png",1344,1536,true],"2048x2048":["https:\/\/trading.hhg.vn\/wp-content\/uploads\/2025\/11\/154__hpr07064_tif.png",1440,1646,false],"woocommerce_thumbnail":["https:\/\/trading.hhg.vn\/wp-content\/uploads\/2025\/11\/154__hpr07064_tif-600x600.png",600,600,true],"woocommerce_single":["https:\/\/trading.hhg.vn\/wp-content\/uploads\/2025\/11\/154__hpr07064_tif-1200x1372.png",1200,1372,true],"woocommerce_gallery_thumbnail":["https:\/\/trading.hhg.vn\/wp-content\/uploads\/2025\/11\/154__hpr07064_tif-150x171.png",150,171,true],"portfolio_item-thumbnail":["https:\/\/trading.hhg.vn\/wp-content\/uploads\/2025\/11\/154__hpr07064_tif.png",350,400,false],"portfolio_item-thumbnail@2x":["https:\/\/trading.hhg.vn\/wp-content\/uploads\/2025\/11\/154__hpr07064_tif.png",700,800,false],"portfolio_item-masonry":["https:\/\/trading.hhg.vn\/wp-content\/uploads\/2025\/11\/154__hpr07064_tif.png",600,686,false],"portfolio_item-masonry@2x":["https:\/\/trading.hhg.vn\/wp-content\/uploads\/2025\/11\/154__hpr07064_tif.png",1200,1372,false],"portfolio_item-thumbnail_cinema":["https:\/\/trading.hhg.vn\/wp-content\/uploads\/2025\/11\/154__hpr07064_tif.png",293,335,false],"portfolio_item-thumbnail_portrait":["https:\/\/trading.hhg.vn\/wp-content\/uploads\/2025\/11\/154__hpr07064_tif.png",600,686,false],"portfolio_item-thumbnail_portrait@2x":["https:\/\/trading.hhg.vn\/wp-content\/uploads\/2025\/11\/154__hpr07064_tif.png",1200,1372,false],"portfolio_item-thumbnail_square":["https:\/\/trading.hhg.vn\/wp-content\/uploads\/2025\/11\/154__hpr07064_tif.png",700,800,false]},"_links":{"self":[{"href":"https:\/\/trading.hhg.vn\/en\/wp-json\/wp\/v2\/product\/95482","targetHints":{"allow":["GET"]}}],"collection":[{"href":"https:\/\/trading.hhg.vn\/en\/wp-json\/wp\/v2\/product"}],"about":[{"href":"https:\/\/trading.hhg.vn\/en\/wp-json\/wp\/v2\/types\/product"}],"replies":[{"embeddable":true,"href":"https:\/\/trading.hhg.vn\/en\/wp-json\/wp\/v2\/comments?post=95482"}],"version-history":[{"count":2,"href":"https:\/\/trading.hhg.vn\/en\/wp-json\/wp\/v2\/product\/95482\/revisions"}],"predecessor-version":[{"id":117949,"href":"https:\/\/trading.hhg.vn\/en\/wp-json\/wp\/v2\/product\/95482\/revisions\/117949"}],"wp:featuredmedia":[{"embeddable":true,"href":"https:\/\/trading.hhg.vn\/en\/wp-json\/wp\/v2\/media\/95498"}],"wp:attachment":[{"href":"https:\/\/trading.hhg.vn\/en\/wp-json\/wp\/v2\/media?parent=95482"}],"wp:term":[{"taxonomy":"product_cat","embeddable":true,"href":"https:\/\/trading.hhg.vn\/en\/wp-json\/wp\/v2\/product_cat?post=95482"},{"taxonomy":"product_tag","embeddable":true,"href":"https:\/\/trading.hhg.vn\/en\/wp-json\/wp\/v2\/product_tag?post=95482"}],"curies":[{"name":"wp","href":"https:\/\/api.w.org\/{rel}","templated":true}]}}