{"id":95612,"date":"2025-11-28T04:40:24","date_gmt":"2025-11-27T21:40:24","guid":{"rendered":"https:\/\/trading.hhg.vn\/?post_type=product&#038;p=95612"},"modified":"2026-01-28T07:42:33","modified_gmt":"2026-01-28T00:42:33","slug":"phan-mo-rong-17-cm-hansgrohe","status":"publish","type":"product","link":"https:\/\/trading.hhg.vn\/en\/s\u1ea3n-ph\u1ea9m\/phan-mo-rong-17-cm-hansgrohe\/","title":{"rendered":"Ph\u1ea7n m\u1edf r\u1ed9ng 17 cm hansgrohe"},"content":{"rendered":"","protected":false},"excerpt":{"rendered":"<p>Thi\u1ebft k\u1ebf t\u1ed1i gi\u1ea3n v\u00e0 tinh t\u1ebf c\u1ee7a ph\u1ea7n m\u1edf r\u1ed9ng 17cm hansgrohe kh\u00f4ng ch\u1ec9 n\u00e2ng t\u1ea7m kh\u00f4ng gian ph\u00f2ng t\u1eafm m\u00e0 c\u00f2n t\u1ed1i \u01b0u h\u00f3a tr\u1ea3i nghi\u1ec7m s\u1eed d\u1ee5ng. T\u1eebng \u0111\u01b0\u1eddng n\u00e9t \u0111\u01b0\u1ee3c t\u00ednh to\u00e1n k\u1ef9 l\u01b0\u1ee1ng, h\u00f2a quy\u1ec7n c\u00f9ng ch\u1ea5t li\u1ec7u cao c\u1ea5p, mang \u0111\u1ebfn v\u1ebb \u0111\u1eb9p sang tr\u1ecdng v\u00e0 b\u1ec1n b\u1ec9 theo th\u1eddi gian. S\u1ef1 linh ho\u1ea1t trong c\u00f4ng n\u0103ng cho ph\u00e9p b\u1ea1n t\u00f9y ch\u1ec9nh v\u1ecb tr\u00ed sen v\u00f2i m\u1ed9t c\u00e1ch d\u1ec5 d\u00e0ng, \u0111\u1ea3m b\u1ea3o s\u1ef1 tho\u1ea3i m\u00e1i v\u00e0 ti\u1ec7n nghi t\u1ed1i \u0111a, bi\u1ebfn m\u1ed7i kho\u1ea3nh kh\u1eafc trong ph\u00f2ng t\u1eafm th\u00e0nh m\u1ed9t tr\u1ea3i nghi\u1ec7m th\u01b0 gi\u00e3n \u0111\u1eb3ng c\u1ea5p.<\/p>\n","protected":false},"featured_media":95625,"comment_status":"open","ping_status":"closed","template":"","meta":{"_acf_changed":false},"product_cat":[714],"product_tag":[],"class_list":{"0":"post-95612","1":"product","2":"type-product","3":"status-publish","4":"has-post-thumbnail","6":"product_cat-phu-kien-lap-dat","7":"pa_mau-sac-chrome","8":"pa_mau-sac-niken-xuoc","10":"first","11":"instock","12":"shipping-taxable","13":"product-type-variable"},"acf":[],"featured_media_urls":{"thumbnail":["https:\/\/trading.hhg.vn\/wp-content\/uploads\/2025\/11\/154__hpb00730_tif-150x150.png",150,150,true],"medium":["https:\/\/trading.hhg.vn\/wp-content\/uploads\/2025\/11\/154__hpb00730_tif-263x300.png",263,300,true],"medium_large":["https:\/\/trading.hhg.vn\/wp-content\/uploads\/2025\/11\/154__hpb00730_tif-768x878.png",768,878,true],"large":["https:\/\/trading.hhg.vn\/wp-content\/uploads\/2025\/11\/154__hpb00730_tif-896x1024.png",896,1024,true],"1536x1536":["https:\/\/trading.hhg.vn\/wp-content\/uploads\/2025\/11\/154__hpb00730_tif-1344x1536.png",1344,1536,true],"2048x2048":["https:\/\/trading.hhg.vn\/wp-content\/uploads\/2025\/11\/154__hpb00730_tif.png",1387,1585,false],"woocommerce_thumbnail":["https:\/\/trading.hhg.vn\/wp-content\/uploads\/2025\/11\/154__hpb00730_tif-600x600.png",600,600,true],"woocommerce_single":["https:\/\/trading.hhg.vn\/wp-content\/uploads\/2025\/11\/154__hpb00730_tif-1200x1371.png",1200,1371,true],"woocommerce_gallery_thumbnail":["https:\/\/trading.hhg.vn\/wp-content\/uploads\/2025\/11\/154__hpb00730_tif-150x171.png",150,171,true],"portfolio_item-thumbnail":["https:\/\/trading.hhg.vn\/wp-content\/uploads\/2025\/11\/154__hpb00730_tif.png",350,400,false],"portfolio_item-thumbnail@2x":["https:\/\/trading.hhg.vn\/wp-content\/uploads\/2025\/11\/154__hpb00730_tif.png",700,800,false],"portfolio_item-masonry":["https:\/\/trading.hhg.vn\/wp-content\/uploads\/2025\/11\/154__hpb00730_tif.png",600,686,false],"portfolio_item-masonry@2x":["https:\/\/trading.hhg.vn\/wp-content\/uploads\/2025\/11\/154__hpb00730_tif.png",1200,1371,false],"portfolio_item-thumbnail_cinema":["https:\/\/trading.hhg.vn\/wp-content\/uploads\/2025\/11\/154__hpb00730_tif.png",293,335,false],"portfolio_item-thumbnail_portrait":["https:\/\/trading.hhg.vn\/wp-content\/uploads\/2025\/11\/154__hpb00730_tif.png",600,686,false],"portfolio_item-thumbnail_portrait@2x":["https:\/\/trading.hhg.vn\/wp-content\/uploads\/2025\/11\/154__hpb00730_tif.png",1200,1371,false],"portfolio_item-thumbnail_square":["https:\/\/trading.hhg.vn\/wp-content\/uploads\/2025\/11\/154__hpb00730_tif.png",700,800,false]},"_links":{"self":[{"href":"https:\/\/trading.hhg.vn\/en\/wp-json\/wp\/v2\/product\/95612","targetHints":{"allow":["GET"]}}],"collection":[{"href":"https:\/\/trading.hhg.vn\/en\/wp-json\/wp\/v2\/product"}],"about":[{"href":"https:\/\/trading.hhg.vn\/en\/wp-json\/wp\/v2\/types\/product"}],"replies":[{"embeddable":true,"href":"https:\/\/trading.hhg.vn\/en\/wp-json\/wp\/v2\/comments?post=95612"}],"version-history":[{"count":1,"href":"https:\/\/trading.hhg.vn\/en\/wp-json\/wp\/v2\/product\/95612\/revisions"}],"predecessor-version":[{"id":95627,"href":"https:\/\/trading.hhg.vn\/en\/wp-json\/wp\/v2\/product\/95612\/revisions\/95627"}],"wp:featuredmedia":[{"embeddable":true,"href":"https:\/\/trading.hhg.vn\/en\/wp-json\/wp\/v2\/media\/95625"}],"wp:attachment":[{"href":"https:\/\/trading.hhg.vn\/en\/wp-json\/wp\/v2\/media?parent=95612"}],"wp:term":[{"taxonomy":"product_cat","embeddable":true,"href":"https:\/\/trading.hhg.vn\/en\/wp-json\/wp\/v2\/product_cat?post=95612"},{"taxonomy":"product_tag","embeddable":true,"href":"https:\/\/trading.hhg.vn\/en\/wp-json\/wp\/v2\/product_tag?post=95612"}],"curies":[{"name":"wp","href":"https:\/\/api.w.org\/{rel}","templated":true}]}}