{"id":95851,"date":"2025-11-28T04:53:08","date_gmt":"2025-11-27T21:53:08","guid":{"rendered":"https:\/\/trading.hhg.vn\/product\/voi-lavabo-dien-tu-130-co-dieu-khien-nhiet-do-hoat-dong-bang-pin-focus\/"},"modified":"2026-01-28T07:43:29","modified_gmt":"2026-01-28T00:43:29","slug":"voi-lavabo-dien-tu-130-co-dieu-khien-nhiet-do-hoat-dong-bang-pin-focus","status":"publish","type":"product","link":"https:\/\/trading.hhg.vn\/en\/s\u1ea3n-ph\u1ea9m\/voi-lavabo-dien-tu-130-co-dieu-khien-nhiet-do-hoat-dong-bang-pin-focus\/","title":{"rendered":"V\u00f2i lavabo \u0111i\u1ec7n t\u1eed 130 c\u00f3 \u0111i\u1ec1u khi\u1ec3n nhi\u1ec7t \u0111\u1ed9, ho\u1ea1t \u0111\u1ed9ng b\u1eb1ng pin Focus"},"content":{"rendered":"<p><img fetchpriority=\"high\" decoding=\"async\" class=\"alignnone wp-image-7559 aligncenter\" src=\"https:\/\/trading.hhg.vn\/wp-content\/uploads\/2025\/11\/focus.png\" alt=\"\" width=\"606\" height=\"454\" \/>Hansgrohe Focus l\u00e0 d\u00f2ng s\u1ea3n ph\u1ea9m mang tri\u1ebft l\u00fd thi\u1ebft k\u1ebf hi\u1ec7n \u0111\u1ea1i, tinh t\u1ebf v\u00e0 h\u01b0\u1edbng \u0111\u1ebfn tr\u1ea3i nghi\u1ec7m ng\u01b0\u1eddi d\u00f9ng t\u1ed1i \u0111a. V\u1edbi \u0111\u01b0\u1eddng n\u00e9t thanh tho\u00e1t, thi\u1ebft k\u1ebf ph\u1eb3ng \u0111\u1eb7c tr\u01b0ng, b\u1ec1 m\u1eb7t s\u00e1ng b\u00f3ng v\u00e0 t\u1ec9 l\u1ec7 c\u00e2n \u0111\u1ed1i, Focus d\u1ec5 d\u00e0ng h\u00f2a h\u1ee3p v\u1edbi m\u1ecdi phong c\u00e1ch ph\u00f2ng t\u1eafm \u2013 t\u1eeb t\u1ed1i gi\u1ea3n \u0111\u1ebfn sang tr\u1ecdng.<br \/>\n\u0110i\u1ec3m n\u1ed5i b\u1eadt c\u1ee7a Focus n\u1eb1m \u1edf s\u1ef1 ti\u1ec7n nghi v\u00e0 ti\u1ebft ki\u1ec7m n\u01b0\u1edbc nh\u1edd c\u00f4ng ngh\u1ec7 AirPower \u2013 tr\u1ed9n kh\u00ed v\u00e0o d\u00f2ng ch\u1ea3y, mang l\u1ea1i c\u1ea3m gi\u00e1c m\u1ec1m m\u1ea1i, d\u1ec5 ch\u1ecbu tr\u00ean da, \u0111\u1ed3ng th\u1eddi gi\u1ea3m l\u01b0\u1ee3ng n\u01b0\u1edbc ti\u00eau th\u1ee5. C\u00f9ng v\u1edbi \u0111\u00f3, c\u00f4ng ngh\u1ec7 EcoSmart gi\u00fap ti\u1ebft ki\u1ec7m t\u1edbi 60% l\u01b0\u1ee3ng n\u01b0\u1edbc m\u00e0 v\u1eabn duy tr\u00ec \u00e1p l\u1ef1c m\u1ea1nh m\u1ebd, th\u00e2n thi\u1ec7n v\u1edbi m\u00f4i tr\u01b0\u1eddng v\u00e0 ti\u1ebft ki\u1ec7m chi ph\u00ed s\u1eed d\u1ee5ng.<br \/>\nNh\u1edd thi\u1ebft k\u1ebf tay g\u1ea1t m\u01b0\u1ee3t m\u00e0, thao t\u00e1c nh\u1eb9 nh\u00e0ng v\u00e0 van s\u1ee9 b\u1ec1n b\u1ec9, Focus mang \u0111\u1ebfn tr\u1ea3i nghi\u1ec7m s\u1eed d\u1ee5ng tho\u1ea3i m\u00e1i, \u1ed5n \u0111\u1ecbnh trong th\u1eddi gian d\u00e0i. D\u00f2ng s\u1ea3n ph\u1ea9m bao g\u1ed3m nhi\u1ec1u l\u1ef1a ch\u1ecdn nh\u01b0 v\u00f2i lavabo, v\u00f2i b\u1ed3n t\u1eafm, sen t\u1eafm, ph\u00f9 h\u1ee3p cho c\u1ea3 kh\u00f4ng gian gia \u0111\u00ecnh v\u00e0 kh\u00e1ch s\u1ea1n cao c\u1ea5p.<\/p>\n","protected":false},"excerpt":{"rendered":"<p>V\u00f2i lavabo \u0111i\u1ec7n t\u1eed Focus 130 kh\u00f4ng ch\u1ec9 l\u00e0 \u0111i\u1ec3m nh\u1ea5n thanh l\u1ecbch trong kh\u00f4ng gian hi\u1ec7n \u0111\u1ea1i m\u00e0 c\u00f2n m\u1edf ra tr\u1ea3i nghi\u1ec7m tinh t\u1ebf \u0111\u1ebfn b\u1ea5t ng\u1edd. V\u1edbi thi\u1ebft k\u1ebf t\u1ed1i gi\u1ea3n, m\u1ed7i \u0111\u01b0\u1eddng n\u00e9t \u0111\u1ec1u to\u00e1t l\u00ean v\u1ebb sang tr\u1ecdng, tinh t\u1ebf. C\u00f4ng ngh\u1ec7 c\u1ea3m \u1ee9ng th\u00f4ng minh c\u00f9ng kh\u1ea3 n\u0103ng \u0111i\u1ec1u khi\u1ec3n nhi\u1ec7t \u0111\u1ed9 ch\u00ednh x\u00e1c b\u1eb1ng pin mang \u0111\u1ebfn d\u00f2ng n\u01b0\u1edbc l\u00fd t\u01b0\u1edfng ch\u1ec9 trong t\u00edch t\u1eafc, kh\u00f4ng c\u1ea7n ch\u1ea1m, kh\u00f4ng c\u1ea7n ch\u1edd \u0111\u1ee3i. Focus 130 \u2013 n\u01a1i s\u1ef1 ti\u1ec7n nghi \u0111\u1eb3ng c\u1ea5p h\u00f2a quy\u1ec7n c\u00f9ng phong c\u00e1ch s\u1ed1ng \u0111\u1ec9nh cao, bi\u1ebfn m\u1ed7i kho\u1ea3nh kh\u1eafc s\u1eed d\u1ee5ng th\u00e0nh m\u1ed9t ni\u1ec1m vui tr\u1ecdn v\u1eb9n.<\/p>\n","protected":false},"featured_media":95849,"comment_status":"open","ping_status":"closed","template":"","meta":{"_acf_changed":false},"product_cat":[883],"product_tag":[],"class_list":{"0":"post-95851","1":"product","2":"type-product","3":"status-publish","4":"has-post-thumbnail","6":"product_cat-voi-chau-2","7":"pa_mau-sac-chrome","9":"first","10":"instock","11":"shipping-taxable","12":"purchasable","13":"product-type-simple"},"acf":[],"featured_media_urls":{"thumbnail":["https:\/\/trading.hhg.vn\/wp-content\/uploads\/2025\/11\/154__hpa00718_tif-150x150.png",150,150,true],"medium":["https:\/\/trading.hhg.vn\/wp-content\/uploads\/2025\/11\/154__hpa00718_tif-262x300.png",262,300,true],"medium_large":["https:\/\/trading.hhg.vn\/wp-content\/uploads\/2025\/11\/154__hpa00718_tif-768x878.png",768,878,true],"large":["https:\/\/trading.hhg.vn\/wp-content\/uploads\/2025\/11\/154__hpa00718_tif-896x1024.png",896,1024,true],"1536x1536":["https:\/\/trading.hhg.vn\/wp-content\/uploads\/2025\/11\/154__hpa00718_tif-1344x1536.png",1344,1536,true],"2048x2048":["https:\/\/trading.hhg.vn\/wp-content\/uploads\/2025\/11\/154__hpa00718_tif.png",1398,1598,false],"woocommerce_thumbnail":["https:\/\/trading.hhg.vn\/wp-content\/uploads\/2025\/11\/154__hpa00718_tif-600x600.png",600,600,true],"woocommerce_single":["https:\/\/trading.hhg.vn\/wp-content\/uploads\/2025\/11\/154__hpa00718_tif-1200x1372.png",1200,1372,true],"woocommerce_gallery_thumbnail":["https:\/\/trading.hhg.vn\/wp-content\/uploads\/2025\/11\/154__hpa00718_tif-150x171.png",150,171,true],"portfolio_item-thumbnail":["https:\/\/trading.hhg.vn\/wp-content\/uploads\/2025\/11\/154__hpa00718_tif.png",350,400,false],"portfolio_item-thumbnail@2x":["https:\/\/trading.hhg.vn\/wp-content\/uploads\/2025\/11\/154__hpa00718_tif.png",700,800,false],"portfolio_item-masonry":["https:\/\/trading.hhg.vn\/wp-content\/uploads\/2025\/11\/154__hpa00718_tif.png",600,686,false],"portfolio_item-masonry@2x":["https:\/\/trading.hhg.vn\/wp-content\/uploads\/2025\/11\/154__hpa00718_tif.png",1200,1372,false],"portfolio_item-thumbnail_cinema":["https:\/\/trading.hhg.vn\/wp-content\/uploads\/2025\/11\/154__hpa00718_tif.png",293,335,false],"portfolio_item-thumbnail_portrait":["https:\/\/trading.hhg.vn\/wp-content\/uploads\/2025\/11\/154__hpa00718_tif.png",600,686,false],"portfolio_item-thumbnail_portrait@2x":["https:\/\/trading.hhg.vn\/wp-content\/uploads\/2025\/11\/154__hpa00718_tif.png",1200,1372,false],"portfolio_item-thumbnail_square":["https:\/\/trading.hhg.vn\/wp-content\/uploads\/2025\/11\/154__hpa00718_tif.png",700,800,false]},"_links":{"self":[{"href":"https:\/\/trading.hhg.vn\/en\/wp-json\/wp\/v2\/product\/95851","targetHints":{"allow":["GET"]}}],"collection":[{"href":"https:\/\/trading.hhg.vn\/en\/wp-json\/wp\/v2\/product"}],"about":[{"href":"https:\/\/trading.hhg.vn\/en\/wp-json\/wp\/v2\/types\/product"}],"replies":[{"embeddable":true,"href":"https:\/\/trading.hhg.vn\/en\/wp-json\/wp\/v2\/comments?post=95851"}],"version-history":[{"count":1,"href":"https:\/\/trading.hhg.vn\/en\/wp-json\/wp\/v2\/product\/95851\/revisions"}],"predecessor-version":[{"id":117969,"href":"https:\/\/trading.hhg.vn\/en\/wp-json\/wp\/v2\/product\/95851\/revisions\/117969"}],"wp:featuredmedia":[{"embeddable":true,"href":"https:\/\/trading.hhg.vn\/en\/wp-json\/wp\/v2\/media\/95849"}],"wp:attachment":[{"href":"https:\/\/trading.hhg.vn\/en\/wp-json\/wp\/v2\/media?parent=95851"}],"wp:term":[{"taxonomy":"product_cat","embeddable":true,"href":"https:\/\/trading.hhg.vn\/en\/wp-json\/wp\/v2\/product_cat?post=95851"},{"taxonomy":"product_tag","embeddable":true,"href":"https:\/\/trading.hhg.vn\/en\/wp-json\/wp\/v2\/product_tag?post=95851"}],"curies":[{"name":"wp","href":"https:\/\/api.w.org\/{rel}","templated":true}]}}