{"id":96350,"date":"2025-11-28T05:14:38","date_gmt":"2025-11-27T22:14:38","guid":{"rendered":"https:\/\/trading.hhg.vn\/product\/van-goc-e-dau-ra-g-1-2\/"},"modified":"2025-12-17T08:08:22","modified_gmt":"2025-12-17T01:08:22","slug":"van-goc-e-dau-ra-g-1-2","status":"publish","type":"product","link":"https:\/\/trading.hhg.vn\/en\/s\u1ea3n-ph\u1ea9m\/van-goc-e-dau-ra-g-1-2\/","title":{"rendered":"Van g\u00f3c E, \u0111\u1ea7u ra G 1\/2"},"content":{"rendered":"","protected":false},"excerpt":{"rendered":"<p>Kh\u00e1m ph\u00e1 v\u1ebb \u0111\u1eb9p tinh t\u1ebf c\u1ee7a thi\u1ebft b\u1ecb n\u1ed9i th\u1ea5t Van g\u00f3c E, \u0111\u1ea7u ra G 1\/2 \u2013 m\u1ed9t \u0111i\u1ec3m nh\u1ea5n ho\u00e0n h\u1ea3o cho kh\u00f4ng gian s\u1ed1ng hi\u1ec7n \u0111\u1ea1i. V\u1edbi thi\u1ebft k\u1ebf t\u1ed1i gi\u1ea3n nh\u01b0ng \u0111\u1ea7y cu\u1ed1n h\u00fat, s\u1ea3n ph\u1ea9m kh\u00f4ng ch\u1ec9 l\u00e0 m\u1ed9t m\u00f3n \u0111\u1ed3 n\u1ed9i th\u1ea5t m\u00e0 c\u00f2n l\u00e0 bi\u1ec3u t\u01b0\u1ee3ng c\u1ee7a s\u1ef1 sang tr\u1ecdng v\u00e0 phong c\u00e1ch. M\u1ed7i \u0111\u01b0\u1eddng n\u00e9t \u0111\u1ec1u \u0111\u01b0\u1ee3c ch\u0103m ch\u00fat t\u1ec9 m\u1ec9, t\u1eeb ch\u1ea5t li\u1ec7u cao c\u1ea5p \u0111\u1ebfn l\u1edbp ho\u00e0n thi\u1ec7n b\u00f3ng b\u1ea9y, t\u1ea1o n\u00ean m\u1ed9t t\u1ed5ng th\u1ec3 h\u00e0i h\u00f2a v\u00e0 \u0111\u1eb3ng c\u1ea5p.<\/p>\n<p>Van g\u00f3c E, \u0111\u1ea7u ra G 1\/2 kh\u00f4ng ch\u1ec9 n\u1ed5i b\u1eadt v\u1ec1 m\u1eb7t th\u1ea9m m\u1ef9 m\u00e0 c\u00f2n g\u00e2y \u1ea5n t\u01b0\u1ee3ng b\u1edfi c\u00f4ng n\u0103ng v\u01b0\u1ee3t tr\u1ed9i. \u0110\u01b0\u1ee3c ch\u1ebf t\u00e1c t\u1eeb nh\u1eefng v\u1eadt li\u1ec7u b\u1ec1n b\u1ec9 nh\u1ea5t, s\u1ea3n ph\u1ea9m \u0111\u1ea3m b\u1ea3o \u0111\u1ed9 b\u1ec1n v\u01b0\u1ee3t th\u1eddi gian v\u00e0 kh\u1ea3 n\u0103ng ho\u1ea1t \u0111\u1ed9ng \u1ed5n \u0111\u1ecbnh trong m\u1ecdi \u0111i\u1ec1u ki\u1ec7n. C\u00f4ng ngh\u1ec7 ti\u00ean ti\u1ebfn t\u00edch h\u1ee3p b\u00ean trong mang \u0111\u1ebfn tr\u1ea3i nghi\u1ec7m s\u1eed d\u1ee5ng m\u01b0\u1ee3t m\u00e0, ti\u1ec7n l\u1ee3i v\u00e0 an to\u00e0n tuy\u1ec7t \u0111\u1ed1i. D\u00f9 l\u00e0 trong kh\u00f4ng gian b\u1ebfp hay ph\u00f2ng t\u1eafm, Van g\u00f3c E, \u0111\u1ea7u ra G 1\/2 \u0111\u1ec1u th\u1ec3 hi\u1ec7n vai tr\u00f2 c\u1ee7a m\u00ecnh m\u1ed9t c\u00e1ch xu\u1ea5t s\u1eafc, t\u1ed1i \u01b0u h\u00f3a hi\u1ec7u qu\u1ea3 s\u1eed d\u1ee5ng v\u00e0 n\u00e2ng t\u1ea7m ch\u1ea5t l\u01b0\u1ee3ng cu\u1ed9c s\u1ed1ng c\u1ee7a b\u1ea1n.<\/p>\n<p>Ch\u00fang t\u00f4i tin r\u1eb1ng, m\u1ed7i chi ti\u1ebft nh\u1ecf trong ng\u00f4i nh\u00e0 \u0111\u1ec1u g\u00f3p ph\u1ea7n t\u1ea1o n\u00ean m\u1ed9t b\u1ee9c tranh t\u1ed5ng th\u1ec3 ho\u00e0n h\u1ea3o. Van g\u00f3c E, \u0111\u1ea7u ra G 1\/2 ch\u00ednh l\u00e0 m\u1ea3nh gh\u00e9p cu\u1ed1i c\u00f9ng, mang \u0111\u1ebfn s\u1ef1 tinh t\u1ebf, ti\u1ec7n nghi v\u00e0 \u0111\u1eb3ng c\u1ea5p m\u00e0 b\u1ea1n lu\u00f4n t\u00ecm ki\u1ebfm. H\u00e3y \u0111\u1ec3 s\u1ea3n ph\u1ea9m c\u1ee7a ch\u00fang t\u00f4i l\u00e0m b\u1eebng s\u00e1ng kh\u00f4ng gian s\u1ed1ng c\u1ee7a b\u1ea1n, bi\u1ebfn m\u1ed7i kho\u1ea3nh kh\u1eafc th\u01b0\u1eddng ng\u00e0y th\u00e0nh m\u1ed9t tr\u1ea3i nghi\u1ec7m ngh\u1ec7 thu\u1eadt \u0111\u1ea7y c\u1ea3m h\u1ee9ng.<\/p>\n","protected":false},"featured_media":38347,"comment_status":"open","ping_status":"closed","template":"","meta":{"_acf_changed":false},"product_cat":[859],"product_tag":[],"class_list":{"0":"post-96350","1":"product","2":"type-product","3":"status-publish","4":"has-post-thumbnail","6":"product_cat-van-goc","7":"pa_mau-sac-chrome","9":"first","10":"instock","11":"shipping-taxable","12":"purchasable","13":"product-type-simple"},"acf":[],"featured_media_urls":{"thumbnail":["https:\/\/trading.hhg.vn\/wp-content\/uploads\/2025\/11\/154__hpa00520_tif-150x150.png",150,150,true],"medium":["https:\/\/trading.hhg.vn\/wp-content\/uploads\/2025\/11\/154__hpa00520_tif-262x300.png",262,300,true],"medium_large":["https:\/\/trading.hhg.vn\/wp-content\/uploads\/2025\/11\/154__hpa00520_tif-768x878.png",768,878,true],"large":["https:\/\/trading.hhg.vn\/wp-content\/uploads\/2025\/11\/154__hpa00520_tif-896x1024.png",896,1024,true],"1536x1536":["https:\/\/trading.hhg.vn\/wp-content\/uploads\/2025\/11\/154__hpa00520_tif-1344x1536.png",1344,1536,true],"2048x2048":["https:\/\/trading.hhg.vn\/wp-content\/uploads\/2025\/11\/154__hpa00520_tif.png",1440,1646,false],"woocommerce_thumbnail":["https:\/\/trading.hhg.vn\/wp-content\/uploads\/2025\/11\/154__hpa00520_tif-600x600.png",600,600,true],"woocommerce_single":["https:\/\/trading.hhg.vn\/wp-content\/uploads\/2025\/11\/154__hpa00520_tif-1200x1372.png",1200,1372,true],"woocommerce_gallery_thumbnail":["https:\/\/trading.hhg.vn\/wp-content\/uploads\/2025\/11\/154__hpa00520_tif-150x171.png",150,171,true],"portfolio_item-thumbnail":["https:\/\/trading.hhg.vn\/wp-content\/uploads\/2025\/11\/154__hpa00520_tif.png",350,400,false],"portfolio_item-thumbnail@2x":["https:\/\/trading.hhg.vn\/wp-content\/uploads\/2025\/11\/154__hpa00520_tif.png",700,800,false],"portfolio_item-masonry":["https:\/\/trading.hhg.vn\/wp-content\/uploads\/2025\/11\/154__hpa00520_tif.png",600,686,false],"portfolio_item-masonry@2x":["https:\/\/trading.hhg.vn\/wp-content\/uploads\/2025\/11\/154__hpa00520_tif.png",1200,1372,false],"portfolio_item-thumbnail_cinema":["https:\/\/trading.hhg.vn\/wp-content\/uploads\/2025\/11\/154__hpa00520_tif.png",293,335,false],"portfolio_item-thumbnail_portrait":["https:\/\/trading.hhg.vn\/wp-content\/uploads\/2025\/11\/154__hpa00520_tif.png",600,686,false],"portfolio_item-thumbnail_portrait@2x":["https:\/\/trading.hhg.vn\/wp-content\/uploads\/2025\/11\/154__hpa00520_tif.png",1200,1372,false],"portfolio_item-thumbnail_square":["https:\/\/trading.hhg.vn\/wp-content\/uploads\/2025\/11\/154__hpa00520_tif.png",700,800,false]},"_links":{"self":[{"href":"https:\/\/trading.hhg.vn\/en\/wp-json\/wp\/v2\/product\/96350","targetHints":{"allow":["GET"]}}],"collection":[{"href":"https:\/\/trading.hhg.vn\/en\/wp-json\/wp\/v2\/product"}],"about":[{"href":"https:\/\/trading.hhg.vn\/en\/wp-json\/wp\/v2\/types\/product"}],"replies":[{"embeddable":true,"href":"https:\/\/trading.hhg.vn\/en\/wp-json\/wp\/v2\/comments?post=96350"}],"version-history":[{"count":0,"href":"https:\/\/trading.hhg.vn\/en\/wp-json\/wp\/v2\/product\/96350\/revisions"}],"wp:featuredmedia":[{"embeddable":true,"href":"https:\/\/trading.hhg.vn\/en\/wp-json\/wp\/v2\/media\/38347"}],"wp:attachment":[{"href":"https:\/\/trading.hhg.vn\/en\/wp-json\/wp\/v2\/media?parent=96350"}],"wp:term":[{"taxonomy":"product_cat","embeddable":true,"href":"https:\/\/trading.hhg.vn\/en\/wp-json\/wp\/v2\/product_cat?post=96350"},{"taxonomy":"product_tag","embeddable":true,"href":"https:\/\/trading.hhg.vn\/en\/wp-json\/wp\/v2\/product_tag?post=96350"}],"curies":[{"name":"wp","href":"https:\/\/api.w.org\/{rel}","templated":true}]}}