{"id":96440,"date":"2025-11-28T05:18:48","date_gmt":"2025-11-27T22:18:48","guid":{"rendered":"https:\/\/trading.hhg.vn\/product\/bo-am-cho-bo-tron-sen-tam-dieu-nhiet-4-lo-gan-vanh\/"},"modified":"2026-01-28T07:39:47","modified_gmt":"2026-01-28T00:39:47","slug":"bo-am-cho-bo-tron-sen-tam-dieu-nhiet-4-lo-gan-vanh","status":"publish","type":"product","link":"https:\/\/trading.hhg.vn\/en\/s\u1ea3n-ph\u1ea9m\/bo-am-cho-bo-tron-sen-tam-dieu-nhiet-4-lo-gan-vanh\/","title":{"rendered":"B\u1ed9 \u00e2m cho b\u1ed9 tr\u1ed9n sen t\u1eafm \u0111i\u1ec1u nhi\u1ec7t 4 l\u1ed7 g\u1eafn v\u00e0nh"},"content":{"rendered":"","protected":false},"excerpt":{"rendered":"<p>\u0110\u1eafm m\u00ecnh v\u00e0o tr\u1ea3i nghi\u1ec7m th\u01b0 gi\u00e3n \u0111\u1ec9nh cao v\u1edbi b\u1ed9 tr\u1ed9n sen t\u1eafm \u0111i\u1ec1u nhi\u1ec7t 4 l\u1ed7 g\u1eafn v\u00e0nh c\u1ee7a ch\u00fang t\u00f4i. Thi\u1ebft k\u1ebf tinh x\u1ea3o, t\u1ed1i gi\u1ea3n h\u00f2a quy\u1ec7n ho\u00e0n h\u1ea3o v\u00e0o kh\u00f4ng gian ph\u00f2ng t\u1eafm hi\u1ec7n \u0111\u1ea1i, mang \u0111\u1ebfn v\u1ebb \u0111\u1eb9p sang tr\u1ecdng v\u00e0 \u0111\u1eb3ng c\u1ea5p. C\u00f4ng ngh\u1ec7 \u0111i\u1ec1u nhi\u1ec7t ti\u00ean ti\u1ebfn \u0111\u1ea3m b\u1ea3o d\u00f2ng n\u01b0\u1edbc \u1ed5n \u0111\u1ecbnh, chu\u1ea9n x\u00e1c \u0111\u1ebfn t\u1eebng \u0111\u1ed9 C, x\u00f3a tan m\u1ecdi lo \u00e2u v\u1ec1 nhi\u1ec7t \u0111\u1ed9, ch\u1ec9 c\u00f2n l\u1ea1i s\u1ef1 th\u01b0 th\u00e1i tuy\u1ec7t \u0111\u1ed1i. M\u1edf ra m\u1ed9t h\u00e0nh tr\u00ecnh c\u1ea3m x\u00fac m\u1edbi, n\u01a1i m\u1ed7i gi\u1ecdt n\u01b0\u1edbc \u0111\u1ec1u l\u00e0 s\u1ef1 v\u1ed7 v\u1ec1, y\u00eau chi\u1ec1u, \u0111\u00e1nh th\u1ee9c m\u1ecdi gi\u00e1c quan, t\u00e1i t\u1ea1o n\u0103ng l\u01b0\u1ee3ng sau ng\u00e0y d\u00e0i.<\/p>\n","protected":false},"featured_media":96438,"comment_status":"open","ping_status":"closed","template":"","meta":{"_acf_changed":false},"product_cat":[714],"product_tag":[],"class_list":{"0":"post-96440","1":"product","2":"type-product","3":"status-publish","4":"has-post-thumbnail","6":"product_cat-phu-kien-lap-dat","8":"first","9":"instock","10":"shipping-taxable","11":"purchasable","12":"product-type-simple"},"acf":[],"featured_media_urls":{"thumbnail":["https:\/\/trading.hhg.vn\/wp-content\/uploads\/2025\/11\/154__apb01728_tif-150x150.png",150,150,true],"medium":["https:\/\/trading.hhg.vn\/wp-content\/uploads\/2025\/11\/154__apb01728_tif-263x300.png",263,300,true],"medium_large":["https:\/\/trading.hhg.vn\/wp-content\/uploads\/2025\/11\/154__apb01728_tif-768x878.png",768,878,true],"large":["https:\/\/trading.hhg.vn\/wp-content\/uploads\/2025\/11\/154__apb01728_tif-896x1024.png",896,1024,true],"1536x1536":["https:\/\/trading.hhg.vn\/wp-content\/uploads\/2025\/11\/154__apb01728_tif.png",1260,1440,false],"2048x2048":["https:\/\/trading.hhg.vn\/wp-content\/uploads\/2025\/11\/154__apb01728_tif.png",1260,1440,false],"woocommerce_thumbnail":["https:\/\/trading.hhg.vn\/wp-content\/uploads\/2025\/11\/154__apb01728_tif-600x600.png",600,600,true],"woocommerce_single":["https:\/\/trading.hhg.vn\/wp-content\/uploads\/2025\/11\/154__apb01728_tif-1200x1371.png",1200,1371,true],"woocommerce_gallery_thumbnail":["https:\/\/trading.hhg.vn\/wp-content\/uploads\/2025\/11\/154__apb01728_tif-150x171.png",150,171,true],"portfolio_item-thumbnail":["https:\/\/trading.hhg.vn\/wp-content\/uploads\/2025\/11\/154__apb01728_tif.png",350,400,false],"portfolio_item-thumbnail@2x":["https:\/\/trading.hhg.vn\/wp-content\/uploads\/2025\/11\/154__apb01728_tif.png",700,800,false],"portfolio_item-masonry":["https:\/\/trading.hhg.vn\/wp-content\/uploads\/2025\/11\/154__apb01728_tif.png",600,686,false],"portfolio_item-masonry@2x":["https:\/\/trading.hhg.vn\/wp-content\/uploads\/2025\/11\/154__apb01728_tif.png",1200,1371,false],"portfolio_item-thumbnail_cinema":["https:\/\/trading.hhg.vn\/wp-content\/uploads\/2025\/11\/154__apb01728_tif.png",293,335,false],"portfolio_item-thumbnail_portrait":["https:\/\/trading.hhg.vn\/wp-content\/uploads\/2025\/11\/154__apb01728_tif.png",600,686,false],"portfolio_item-thumbnail_portrait@2x":["https:\/\/trading.hhg.vn\/wp-content\/uploads\/2025\/11\/154__apb01728_tif.png",1200,1371,false],"portfolio_item-thumbnail_square":["https:\/\/trading.hhg.vn\/wp-content\/uploads\/2025\/11\/154__apb01728_tif.png",700,800,false]},"_links":{"self":[{"href":"https:\/\/trading.hhg.vn\/en\/wp-json\/wp\/v2\/product\/96440","targetHints":{"allow":["GET"]}}],"collection":[{"href":"https:\/\/trading.hhg.vn\/en\/wp-json\/wp\/v2\/product"}],"about":[{"href":"https:\/\/trading.hhg.vn\/en\/wp-json\/wp\/v2\/types\/product"}],"replies":[{"embeddable":true,"href":"https:\/\/trading.hhg.vn\/en\/wp-json\/wp\/v2\/comments?post=96440"}],"version-history":[{"count":0,"href":"https:\/\/trading.hhg.vn\/en\/wp-json\/wp\/v2\/product\/96440\/revisions"}],"wp:featuredmedia":[{"embeddable":true,"href":"https:\/\/trading.hhg.vn\/en\/wp-json\/wp\/v2\/media\/96438"}],"wp:attachment":[{"href":"https:\/\/trading.hhg.vn\/en\/wp-json\/wp\/v2\/media?parent=96440"}],"wp:term":[{"taxonomy":"product_cat","embeddable":true,"href":"https:\/\/trading.hhg.vn\/en\/wp-json\/wp\/v2\/product_cat?post=96440"},{"taxonomy":"product_tag","embeddable":true,"href":"https:\/\/trading.hhg.vn\/en\/wp-json\/wp\/v2\/product_tag?post=96440"}],"curies":[{"name":"wp","href":"https:\/\/api.w.org\/{rel}","templated":true}]}}