{"id":96452,"date":"2025-11-28T05:20:19","date_gmt":"2025-11-27T22:20:19","guid":{"rendered":"https:\/\/trading.hhg.vn\/?post_type=product&#038;p=96452"},"modified":"2025-12-02T10:48:45","modified_gmt":"2025-12-02T03:48:45","slug":"voi-xa-bon-finoris","status":"publish","type":"product","link":"https:\/\/trading.hhg.vn\/en\/s\u1ea3n-ph\u1ea9m\/voi-xa-bon-finoris\/","title":{"rendered":"V\u00f2i x\u1ea3 b\u1ed3n Finoris"},"content":{"rendered":"<p><img fetchpriority=\"high\" decoding=\"async\" class=\"alignnone wp-image-7559 aligncenter\" src=\"https:\/\/trading.hhg.vn\/wp-content\/uploads\/2025\/11\/Finoris.jpg\" alt=\"\" width=\"606\" height=\"454\" \/>Finoris t\u1ed1i gi\u1ea3n cung c\u1ea5p s\u1ef1 linh ho\u1ea1t t\u1ed1i \u0111a , \u0111\u1eb7c bi\u1ec7t l\u00e0 xung quanh b\u1ed3n r\u1eeda. V\u00f2i ch\u1eadu Finoris Flex v\u1edbi \u0111\u1ea7u d\u00e2y r\u00fat d\u00e0i mang \u0111\u1ebfn s\u1ef1 linh ho\u1ea1t t\u1ed1i \u0111a cho nhi\u1ec1u ho\u1ea1t \u0111\u1ed9ng m\u00e0 c\u00e1c lo\u1ea1i v\u00f2i th\u00f4ng th\u01b0\u1eddng kh\u00f3 \u0111\u00e1p \u1ee9ng: g\u1ed9i \u0111\u1ea7u tr\u1ef1c ti\u1ebfp t\u1ea1i ch\u1eadu, t\u1eafm cho em b\u00e9, hay gi\u1eb7t nhanh m\u1ed9t m\u00f3n \u0111\u1ed3 nh\u1ecf. T\u1ea5t c\u1ea3 \u0111\u1ec1u tr\u1edf n\u00ean d\u1ec5 d\u00e0ng nh\u1edd hai ch\u1ebf \u0111\u1ed9 phun n\u01b0\u1edbc \u2013 PowderRain \u00eam d\u1ecbu nh\u01b0 m\u00e0n s\u01b0\u01a1ng v\u00e0 d\u00f2ng ch\u1ea3y laminar m\u1ea1nh m\u1ebd, trong su\u1ed1t. Ng\u01b0\u1eddi d\u00f9ng c\u00f3 th\u1ec3 chuy\u1ec3n \u0111\u1ed5i linh ho\u1ea1t gi\u1eefa hai ch\u1ebf \u0111\u1ed9 ch\u1ec9 v\u1edbi m\u1ed9t n\u00fat g\u1ea1t t\u00edch h\u1ee3p ngay tr\u00ean \u0111\u1ea7u d\u00e2y r\u00fat, mang l\u1ea1i tr\u1ea3i nghi\u1ec7m ti\u1ec7n nghi v\u00e0 tho\u1ea3i m\u00e1i trong t\u1eebng thao t\u00e1c.<\/p>\n","protected":false},"excerpt":{"rendered":"<p>Finoris kh\u00f4ng ch\u1ec9 l\u00e0 v\u00f2i x\u1ea3 m\u00e0 l\u00e0 bi\u1ec3u t\u01b0\u1ee3ng c\u1ee7a s\u1ef1 tinh t\u1ebf, n\u00e2ng t\u1ea7m kh\u00f4ng gian ph\u00f2ng t\u1eafm v\u1edbi thi\u1ebft k\u1ebf thanh m\u1ea3nh, t\u1ed1i gi\u1ea3n nh\u01b0ng \u0111\u1ea7y cu\u1ed1n h\u00fat. M\u1ed7i \u0111\u01b0\u1eddng n\u00e9t \u0111\u1ec1u \u0111\u01b0\u1ee3c chau chu\u1ed1t t\u1ec9 m\u1ec9, t\u1ea1o n\u00ean v\u1ebb \u0111\u1eb9p v\u01b0\u1ee3t th\u1eddi gian, h\u00f2a quy\u1ec7n ho\u00e0n h\u1ea3o v\u00e0o m\u1ecdi phong c\u00e1ch n\u1ed9i th\u1ea5t. Tr\u1ea3i nghi\u1ec7m s\u1ef1 ti\u1ec7n nghi v\u01b0\u1ee3t tr\u1ed9i v\u1edbi c\u00f4ng ngh\u1ec7 ch\u1ecdn ch\u1ebf \u0111\u1ed9 x\u1ea3 n\u01b0\u1edbc intuitive, d\u1ec5 d\u00e0ng \u0111i\u1ec1u ch\u1ec9nh d\u00f2ng ch\u1ea3y theo \u00fd mu\u1ed1n, mang l\u1ea1i c\u1ea3m gi\u00e1c th\u01b0 gi\u00e3n v\u00e0 s\u1ea3ng kho\u00e1i t\u1ed1i \u0111a. Finoris l\u00e0 s\u1ef1 k\u1ebft h\u1ee3p ho\u00e0n h\u1ea3o gi\u1eefa c\u00f4ng n\u0103ng v\u00e0 m\u1ef9 thu\u1eadt, ki\u1ebfn t\u1ea1o tr\u1ea3i nghi\u1ec7m s\u1ed1ng \u0111\u1eb3ng c\u1ea5p cho b\u1ea1n.<\/p>\n","protected":false},"featured_media":96541,"comment_status":"open","ping_status":"closed","template":"","meta":{"_acf_changed":false},"product_cat":[851],"product_tag":[],"class_list":{"0":"post-96452","1":"product","2":"type-product","3":"status-publish","4":"has-post-thumbnail","6":"product_cat-bo-tron-voi-xa-bon","7":"pa_mau-sac-chrome","8":"pa_mau-sac-chrome-den-xuoc","9":"pa_mau-sac-den-mo","10":"pa_mau-sac-dong-xuoc","11":"pa_mau-sac-trang-mo","13":"first","14":"instock","15":"shipping-taxable","16":"purchasable","17":"product-type-variable"},"acf":[],"featured_media_urls":{"thumbnail":["https:\/\/trading.hhg.vn\/wp-content\/uploads\/2025\/11\/154__hpr03354_tif-150x150.png",150,150,true],"medium":["https:\/\/trading.hhg.vn\/wp-content\/uploads\/2025\/11\/154__hpr03354_tif-262x300.png",262,300,true],"medium_large":["https:\/\/trading.hhg.vn\/wp-content\/uploads\/2025\/11\/154__hpr03354_tif-768x878.png",768,878,true],"large":["https:\/\/trading.hhg.vn\/wp-content\/uploads\/2025\/11\/154__hpr03354_tif-896x1024.png",896,1024,true],"1536x1536":["https:\/\/trading.hhg.vn\/wp-content\/uploads\/2025\/11\/154__hpr03354_tif-1344x1536.png",1344,1536,true],"2048x2048":["https:\/\/trading.hhg.vn\/wp-content\/uploads\/2025\/11\/154__hpr03354_tif.png",1440,1646,false],"woocommerce_thumbnail":["https:\/\/trading.hhg.vn\/wp-content\/uploads\/2025\/11\/154__hpr03354_tif-600x600.png",600,600,true],"woocommerce_single":["https:\/\/trading.hhg.vn\/wp-content\/uploads\/2025\/11\/154__hpr03354_tif-1200x1372.png",1200,1372,true],"woocommerce_gallery_thumbnail":["https:\/\/trading.hhg.vn\/wp-content\/uploads\/2025\/11\/154__hpr03354_tif-150x171.png",150,171,true],"portfolio_item-thumbnail":["https:\/\/trading.hhg.vn\/wp-content\/uploads\/2025\/11\/154__hpr03354_tif.png",350,400,false],"portfolio_item-thumbnail@2x":["https:\/\/trading.hhg.vn\/wp-content\/uploads\/2025\/11\/154__hpr03354_tif.png",700,800,false],"portfolio_item-masonry":["https:\/\/trading.hhg.vn\/wp-content\/uploads\/2025\/11\/154__hpr03354_tif.png",600,686,false],"portfolio_item-masonry@2x":["https:\/\/trading.hhg.vn\/wp-content\/uploads\/2025\/11\/154__hpr03354_tif.png",1200,1372,false],"portfolio_item-thumbnail_cinema":["https:\/\/trading.hhg.vn\/wp-content\/uploads\/2025\/11\/154__hpr03354_tif.png",293,335,false],"portfolio_item-thumbnail_portrait":["https:\/\/trading.hhg.vn\/wp-content\/uploads\/2025\/11\/154__hpr03354_tif.png",600,686,false],"portfolio_item-thumbnail_portrait@2x":["https:\/\/trading.hhg.vn\/wp-content\/uploads\/2025\/11\/154__hpr03354_tif.png",1200,1372,false],"portfolio_item-thumbnail_square":["https:\/\/trading.hhg.vn\/wp-content\/uploads\/2025\/11\/154__hpr03354_tif.png",700,800,false]},"_links":{"self":[{"href":"https:\/\/trading.hhg.vn\/en\/wp-json\/wp\/v2\/product\/96452","targetHints":{"allow":["GET"]}}],"collection":[{"href":"https:\/\/trading.hhg.vn\/en\/wp-json\/wp\/v2\/product"}],"about":[{"href":"https:\/\/trading.hhg.vn\/en\/wp-json\/wp\/v2\/types\/product"}],"replies":[{"embeddable":true,"href":"https:\/\/trading.hhg.vn\/en\/wp-json\/wp\/v2\/comments?post=96452"}],"version-history":[{"count":2,"href":"https:\/\/trading.hhg.vn\/en\/wp-json\/wp\/v2\/product\/96452\/revisions"}],"predecessor-version":[{"id":117995,"href":"https:\/\/trading.hhg.vn\/en\/wp-json\/wp\/v2\/product\/96452\/revisions\/117995"}],"wp:featuredmedia":[{"embeddable":true,"href":"https:\/\/trading.hhg.vn\/en\/wp-json\/wp\/v2\/media\/96541"}],"wp:attachment":[{"href":"https:\/\/trading.hhg.vn\/en\/wp-json\/wp\/v2\/media?parent=96452"}],"wp:term":[{"taxonomy":"product_cat","embeddable":true,"href":"https:\/\/trading.hhg.vn\/en\/wp-json\/wp\/v2\/product_cat?post=96452"},{"taxonomy":"product_tag","embeddable":true,"href":"https:\/\/trading.hhg.vn\/en\/wp-json\/wp\/v2\/product_tag?post=96452"}],"curies":[{"name":"wp","href":"https:\/\/api.w.org\/{rel}","templated":true}]}}