{"id":96737,"date":"2025-11-28T05:36:05","date_gmt":"2025-11-27T22:36:05","guid":{"rendered":"https:\/\/trading.hhg.vn\/product\/bo-chia-ngan-keo-340-cho-tu-chau-480-475-480-530-470-dung-cho-1-ngan-keo-intrastoris\/"},"modified":"2025-11-28T05:36:06","modified_gmt":"2025-11-27T22:36:06","slug":"bo-chia-ngan-keo-340-cho-tu-chau-480-475-480-530-470-dung-cho-1-ngan-keo-intrastoris","status":"publish","type":"product","link":"https:\/\/trading.hhg.vn\/en\/s\u1ea3n-ph\u1ea9m\/bo-chia-ngan-keo-340-cho-tu-chau-480-475-480-530-470-dung-cho-1-ngan-keo-intrastoris\/","title":{"rendered":"B\u1ed9 chia ng\u0103n k\u00e9o 340 cho t\u1ee7 ch\u1eadu 480\/475, 480-530\/470 d\u00f9ng cho 1 ng\u0103n k\u00e9o IntraStoris"},"content":{"rendered":"","protected":false},"excerpt":{"rendered":"<p>IntraStoris l\u00e0 m\u1ed9t tuy\u00ean ng\u00f4n c\u1ee7a s\u1ef1 tinh gi\u1ea3n v\u00e0 ti\u1ec7n nghi. Thi\u1ebft k\u1ebf t\u1ed1i \u01b0u cho kh\u00f4ng gian t\u1ee7 ch\u1eadu, b\u1ed9 chia ng\u0103n k\u00e9o n\u00e0y kh\u00f4ng ch\u1ec9 s\u1eafp x\u1ebfp m\u1ecdi v\u1eadt d\u1ee5ng m\u1ed9t c\u00e1ch khoa h\u1ecdc m\u00e0 c\u00f2n bi\u1ebfn m\u1ed7i l\u1ea7n m\u1edf ng\u0103n k\u00e9o th\u00e0nh tr\u1ea3i nghi\u1ec7m th\u01b0\u1edfng th\u1ee9c v\u1ebb \u0111\u1eb9p ng\u0103n n\u1eafp. Ch\u1ea5t li\u1ec7u cao c\u1ea5p c\u00f9ng \u0111\u01b0\u1eddng n\u00e9t thanh l\u1ecbch h\u00f2a quy\u1ec7n, ki\u1ebfn t\u1ea1o n\u00ean s\u1ef1 ti\u1ec7n nghi v\u01b0\u1ee3t tr\u1ed9i, gi\u00fap b\u1ea1n t\u1eadn h\u01b0\u1edfng t\u1eebng kho\u1ea3nh kh\u1eafc th\u01b0 th\u00e1i trong kh\u00f4ng gian ri\u00eang t\u01b0.<\/p>\n","protected":false},"featured_media":31472,"comment_status":"open","ping_status":"closed","template":"","meta":{"_acf_changed":false},"product_cat":[869],"product_tag":[],"class_list":{"0":"post-96737","1":"product","2":"type-product","3":"status-publish","4":"has-post-thumbnail","6":"product_cat-khay-chia-ngan","7":"pa_mau-sac-go-soi-tu-nhien","9":"first","10":"instock","11":"shipping-taxable","12":"product-type-simple"},"acf":[],"featured_media_urls":{"thumbnail":["https:\/\/trading.hhg.vn\/wp-content\/uploads\/2025\/11\/154__hpr05754_tif-150x150.png",150,150,true],"medium":["https:\/\/trading.hhg.vn\/wp-content\/uploads\/2025\/11\/154__hpr05754_tif-262x300.png",262,300,true],"medium_large":["https:\/\/trading.hhg.vn\/wp-content\/uploads\/2025\/11\/154__hpr05754_tif-768x878.png",768,878,true],"large":["https:\/\/trading.hhg.vn\/wp-content\/uploads\/2025\/11\/154__hpr05754_tif-896x1024.png",896,1024,true],"1536x1536":["https:\/\/trading.hhg.vn\/wp-content\/uploads\/2025\/11\/154__hpr05754_tif-1344x1536.png",1344,1536,true],"2048x2048":["https:\/\/trading.hhg.vn\/wp-content\/uploads\/2025\/11\/154__hpr05754_tif.png",1440,1646,false],"woocommerce_thumbnail":["https:\/\/trading.hhg.vn\/wp-content\/uploads\/2025\/11\/154__hpr05754_tif-600x600.png",600,600,true],"woocommerce_single":["https:\/\/trading.hhg.vn\/wp-content\/uploads\/2025\/11\/154__hpr05754_tif-1200x1372.png",1200,1372,true],"woocommerce_gallery_thumbnail":["https:\/\/trading.hhg.vn\/wp-content\/uploads\/2025\/11\/154__hpr05754_tif-150x171.png",150,171,true],"portfolio_item-thumbnail":["https:\/\/trading.hhg.vn\/wp-content\/uploads\/2025\/11\/154__hpr05754_tif.png",350,400,false],"portfolio_item-thumbnail@2x":["https:\/\/trading.hhg.vn\/wp-content\/uploads\/2025\/11\/154__hpr05754_tif.png",700,800,false],"portfolio_item-masonry":["https:\/\/trading.hhg.vn\/wp-content\/uploads\/2025\/11\/154__hpr05754_tif.png",600,686,false],"portfolio_item-masonry@2x":["https:\/\/trading.hhg.vn\/wp-content\/uploads\/2025\/11\/154__hpr05754_tif.png",1200,1372,false],"portfolio_item-thumbnail_cinema":["https:\/\/trading.hhg.vn\/wp-content\/uploads\/2025\/11\/154__hpr05754_tif.png",293,335,false],"portfolio_item-thumbnail_portrait":["https:\/\/trading.hhg.vn\/wp-content\/uploads\/2025\/11\/154__hpr05754_tif.png",600,686,false],"portfolio_item-thumbnail_portrait@2x":["https:\/\/trading.hhg.vn\/wp-content\/uploads\/2025\/11\/154__hpr05754_tif.png",1200,1372,false],"portfolio_item-thumbnail_square":["https:\/\/trading.hhg.vn\/wp-content\/uploads\/2025\/11\/154__hpr05754_tif.png",700,800,false]},"_links":{"self":[{"href":"https:\/\/trading.hhg.vn\/en\/wp-json\/wp\/v2\/product\/96737","targetHints":{"allow":["GET"]}}],"collection":[{"href":"https:\/\/trading.hhg.vn\/en\/wp-json\/wp\/v2\/product"}],"about":[{"href":"https:\/\/trading.hhg.vn\/en\/wp-json\/wp\/v2\/types\/product"}],"replies":[{"embeddable":true,"href":"https:\/\/trading.hhg.vn\/en\/wp-json\/wp\/v2\/comments?post=96737"}],"version-history":[{"count":0,"href":"https:\/\/trading.hhg.vn\/en\/wp-json\/wp\/v2\/product\/96737\/revisions"}],"wp:featuredmedia":[{"embeddable":true,"href":"https:\/\/trading.hhg.vn\/en\/wp-json\/wp\/v2\/media\/31472"}],"wp:attachment":[{"href":"https:\/\/trading.hhg.vn\/en\/wp-json\/wp\/v2\/media?parent=96737"}],"wp:term":[{"taxonomy":"product_cat","embeddable":true,"href":"https:\/\/trading.hhg.vn\/en\/wp-json\/wp\/v2\/product_cat?post=96737"},{"taxonomy":"product_tag","embeddable":true,"href":"https:\/\/trading.hhg.vn\/en\/wp-json\/wp\/v2\/product_tag?post=96737"}],"curies":[{"name":"wp","href":"https:\/\/api.w.org\/{rel}","templated":true}]}}