{"id":97369,"date":"2025-11-28T05:59:49","date_gmt":"2025-11-27T22:59:49","guid":{"rendered":"https:\/\/trading.hhg.vn\/product\/bon-cau-treo-tuong-aquachannel-flush-gladelake-s\/"},"modified":"2025-12-18T08:50:06","modified_gmt":"2025-12-18T01:50:06","slug":"bon-cau-treo-tuong-aquachannel-flush-gladelake-s","status":"publish","type":"product","link":"https:\/\/trading.hhg.vn\/en\/s\u1ea3n-ph\u1ea9m\/bon-cau-treo-tuong-aquachannel-flush-gladelake-s\/","title":{"rendered":"B\u1ed3n c\u1ea7u treo t\u01b0\u1eddng AquaChannel Flush GladeLake S"},"content":{"rendered":"","protected":false},"excerpt":{"rendered":"<p>GladeLake S kh\u00f4ng ch\u1ec9 l\u00e0 b\u1ed3n c\u1ea7u, m\u00e0 l\u00e0 tuy\u00ean ng\u00f4n c\u1ee7a s\u1ef1 tinh t\u1ebf. Thi\u1ebft k\u1ebf treo t\u01b0\u1eddng t\u1ed1i gi\u1ea3n h\u00f2a quy\u1ec7n ho\u00e0n h\u1ea3o v\u00e0o kh\u00f4ng gian, ki\u1ebfn t\u1ea1o v\u1ebb \u0111\u1eb9p thanh tho\u00e1t v\u00e0 m\u1edf r\u1ed9ng t\u1ea7m nh\u00ecn. C\u00f4ng ngh\u1ec7 AquaChannel Flush \u0111\u1ed9c quy\u1ec1n cu\u1ed1n tr\u00f4i m\u1ecdi lo ng\u1ea1i v\u1edbi d\u00f2ng n\u01b0\u1edbc xo\u00e1y m\u1ea1nh m\u1ebd, \u00eam \u00e1i, \u0111\u1ea3m b\u1ea3o v\u1ec7 sinh t\u1ed1i \u01b0u v\u00e0 ti\u1ebft ki\u1ec7m n\u01b0\u1edbc \u0111\u00e1ng k\u1ec3. Tr\u1ea3i nghi\u1ec7m s\u1eed d\u1ee5ng \u00eam \u00e1i, y\u00ean t\u0129nh c\u00f9ng v\u1edbi v\u1ebb \u0111\u1eb9p v\u01b0\u1ee3t th\u1eddi gian bi\u1ebfn GladeLake S th\u00e0nh \u0111i\u1ec3m nh\u1ea5n sang tr\u1ecdng, n\u00e2ng t\u1ea7m phong c\u00e1ch s\u1ed1ng \u0111\u1eb3ng c\u1ea5p c\u1ee7a b\u1ea1n.<\/p>\n","protected":false},"featured_media":97367,"comment_status":"open","ping_status":"closed","template":"","meta":{"_acf_changed":false},"product_cat":[888],"product_tag":[],"class_list":{"0":"post-97369","1":"product","2":"type-product","3":"status-publish","4":"has-post-thumbnail","6":"product_cat-bon-cau-khoi","7":"pa_mau-sac-trang","9":"first","10":"instock","11":"shipping-taxable","12":"product-type-simple"},"acf":[],"featured_media_urls":{"thumbnail":["https:\/\/trading.hhg.vn\/wp-content\/uploads\/2025\/11\/154__hpr06033_tif-150x150.png",150,150,true],"medium":["https:\/\/trading.hhg.vn\/wp-content\/uploads\/2025\/11\/154__hpr06033_tif-262x300.png",262,300,true],"medium_large":["https:\/\/trading.hhg.vn\/wp-content\/uploads\/2025\/11\/154__hpr06033_tif-768x878.png",768,878,true],"large":["https:\/\/trading.hhg.vn\/wp-content\/uploads\/2025\/11\/154__hpr06033_tif-896x1024.png",896,1024,true],"1536x1536":["https:\/\/trading.hhg.vn\/wp-content\/uploads\/2025\/11\/154__hpr06033_tif-1344x1536.png",1344,1536,true],"2048x2048":["https:\/\/trading.hhg.vn\/wp-content\/uploads\/2025\/11\/154__hpr06033_tif.png",1440,1646,false],"woocommerce_thumbnail":["https:\/\/trading.hhg.vn\/wp-content\/uploads\/2025\/11\/154__hpr06033_tif-600x600.png",600,600,true],"woocommerce_single":["https:\/\/trading.hhg.vn\/wp-content\/uploads\/2025\/11\/154__hpr06033_tif-1200x1372.png",1200,1372,true],"woocommerce_gallery_thumbnail":["https:\/\/trading.hhg.vn\/wp-content\/uploads\/2025\/11\/154__hpr06033_tif-150x171.png",150,171,true],"portfolio_item-thumbnail":["https:\/\/trading.hhg.vn\/wp-content\/uploads\/2025\/11\/154__hpr06033_tif.png",350,400,false],"portfolio_item-thumbnail@2x":["https:\/\/trading.hhg.vn\/wp-content\/uploads\/2025\/11\/154__hpr06033_tif.png",700,800,false],"portfolio_item-masonry":["https:\/\/trading.hhg.vn\/wp-content\/uploads\/2025\/11\/154__hpr06033_tif.png",600,686,false],"portfolio_item-masonry@2x":["https:\/\/trading.hhg.vn\/wp-content\/uploads\/2025\/11\/154__hpr06033_tif.png",1200,1372,false],"portfolio_item-thumbnail_cinema":["https:\/\/trading.hhg.vn\/wp-content\/uploads\/2025\/11\/154__hpr06033_tif.png",293,335,false],"portfolio_item-thumbnail_portrait":["https:\/\/trading.hhg.vn\/wp-content\/uploads\/2025\/11\/154__hpr06033_tif.png",600,686,false],"portfolio_item-thumbnail_portrait@2x":["https:\/\/trading.hhg.vn\/wp-content\/uploads\/2025\/11\/154__hpr06033_tif.png",1200,1372,false],"portfolio_item-thumbnail_square":["https:\/\/trading.hhg.vn\/wp-content\/uploads\/2025\/11\/154__hpr06033_tif.png",700,800,false]},"_links":{"self":[{"href":"https:\/\/trading.hhg.vn\/en\/wp-json\/wp\/v2\/product\/97369","targetHints":{"allow":["GET"]}}],"collection":[{"href":"https:\/\/trading.hhg.vn\/en\/wp-json\/wp\/v2\/product"}],"about":[{"href":"https:\/\/trading.hhg.vn\/en\/wp-json\/wp\/v2\/types\/product"}],"replies":[{"embeddable":true,"href":"https:\/\/trading.hhg.vn\/en\/wp-json\/wp\/v2\/comments?post=97369"}],"version-history":[{"count":1,"href":"https:\/\/trading.hhg.vn\/en\/wp-json\/wp\/v2\/product\/97369\/revisions"}],"predecessor-version":[{"id":118031,"href":"https:\/\/trading.hhg.vn\/en\/wp-json\/wp\/v2\/product\/97369\/revisions\/118031"}],"wp:featuredmedia":[{"embeddable":true,"href":"https:\/\/trading.hhg.vn\/en\/wp-json\/wp\/v2\/media\/97367"}],"wp:attachment":[{"href":"https:\/\/trading.hhg.vn\/en\/wp-json\/wp\/v2\/media?parent=97369"}],"wp:term":[{"taxonomy":"product_cat","embeddable":true,"href":"https:\/\/trading.hhg.vn\/en\/wp-json\/wp\/v2\/product_cat?post=97369"},{"taxonomy":"product_tag","embeddable":true,"href":"https:\/\/trading.hhg.vn\/en\/wp-json\/wp\/v2\/product_tag?post=97369"}],"curies":[{"name":"wp","href":"https:\/\/api.w.org\/{rel}","templated":true}]}}