{"id":97412,"date":"2025-11-28T06:04:13","date_gmt":"2025-11-27T23:04:13","guid":{"rendered":"https:\/\/trading.hhg.vn\/?post_type=product&#038;p=97412"},"modified":"2026-01-28T07:43:23","modified_gmt":"2026-01-28T00:43:23","slug":"voi-lavabo-tay-gat-don-110-ecosmart-kem-bo-xa-pop-up-tecturis-s","status":"publish","type":"product","link":"https:\/\/trading.hhg.vn\/en\/s\u1ea3n-ph\u1ea9m\/voi-lavabo-tay-gat-don-110-ecosmart-kem-bo-xa-pop-up-tecturis-s\/","title":{"rendered":"V\u00f2i lavabo tay g\u1ea1t \u0111\u01a1n 110 EcoSmart+ k\u00e8m b\u1ed9 x\u1ea3 pop-up Tecturis S"},"content":{"rendered":"<p><img fetchpriority=\"high\" decoding=\"async\" class=\"alignnone wp-image-7559 aligncenter\" src=\"https:\/\/trading.hhg.vn\/wp-content\/uploads\/2025\/11\/tecturis.png\" alt=\"\" width=\"606\" height=\"454\" \/>D\u00f2ng s\u1ea3n ph\u1ea9m Hansgrohe\u202fTecturis l\u00e0 l\u1ef1a ch\u1ecdn l\u00fd t\u01b0\u1edfng cho kh\u00f4ng gian ph\u00f2ng t\u1eafm hi\u1ec7n \u0111\u1ea1i, k\u1ebft h\u1ee3p ho\u00e0n h\u1ea3o gi\u1eefa thi\u1ebft k\u1ebf ki\u1ebfn tr\u00fac t\u1ed1i gi\u1ea3n v\u00e0 c\u00f4ng ngh\u1ec7 ti\u1ebft ki\u1ec7m n\u01b0\u1edbc ti\u00ean ti\u1ebfn. B\u1ea1n c\u00f3 hai phi\u00ean b\u1ea3n \u0111\u1ec3 l\u1ef1a ch\u1ecdn: Tecturis S, v\u1edbi \u0111\u01b0\u1eddng n\u00e9t bo tr\u00f2n thanh tho\u00e1t, mang \u0111\u1ebfn c\u1ea3m gi\u00e1c m\u1ec1m m\u1ea1i v\u00e0 th\u01b0 gi\u00e3n; v\u00e0 Tecturis E, v\u1edbi thi\u1ebft k\u1ebf h\u00ecnh kh\u1ed1i g\u00f3c c\u1ea1nh r\u00f5 r\u00e0ng, th\u1ec3 hi\u1ec7n phong c\u00e1ch m\u1ea1nh m\u1ebd v\u00e0 tinh t\u1ebf.<\/p>\n<p>C\u1ea3 hai phi\u00ean b\u1ea3n \u0111\u1ec1u t\u00edch h\u1ee3p c\u00f4ng ngh\u1ec7 EcoSmart+, gi\u00fap gi\u1edbi h\u1ea1n l\u01b0u l\u01b0\u1ee3ng n\u01b0\u1edbc t\u1ed1i \u0111a ch\u1ec9 kho\u1ea3ng 4 l\u00edt\/ph\u00fat m\u00e0 v\u1eabn \u0111\u1ea3m b\u1ea3o tr\u1ea3i nghi\u1ec7m tho\u1ea3i m\u00e1i. Ngo\u00e0i ra, v\u1edbi c\u00f4ng ngh\u1ec7 CoolStart v\u00e0 AirPower, Tecturis kh\u00f4ng ch\u1ec9 ti\u1ebft ki\u1ec7m n\u01b0\u1edbc v\u00e0 n\u0103ng l\u01b0\u1ee3ng m\u00e0 c\u00f2n t\u1ea1o ra d\u00f2ng n\u01b0\u1edbc gi\u00e0u kh\u00ed, nh\u1eb9 nh\u00e0ng tr\u00ean da.<\/p>\n<p>B\u1ec1 m\u1eb7t ho\u00e0n thi\u1ec7n c\u1ee7a Tecturis phong ph\u00fa v\u1edbi c\u00e1c t\u00f9y ch\u1ecdn nh\u01b0 Chrome, Brushed Nickel, Matte Black, Brushed Bronze, cho ph\u00e9p h\u00f2a nh\u1eadp linh ho\u1ea1t v\u1edbi m\u1ecdi phong c\u00e1ch n\u1ed9i th\u1ea5t.<\/p>\n","protected":false},"excerpt":{"rendered":"<p>Tecturis S m\u1edf ra tr\u1ea3i nghi\u1ec7m thanh l\u1ecbch cho kh\u00f4ng gian ph\u00f2ng t\u1eafm v\u1edbi thi\u1ebft k\u1ebf v\u00f2i lavabo tay g\u1ea1t \u0111\u01a1n tinh t\u1ebf, h\u00e0i h\u00f2a c\u00f9ng b\u1ed9 x\u1ea3 pop-up \u0111\u1ed3ng \u0111i\u1ec7u. S\u1ef1 t\u1ed1i gi\u1ea3n trong t\u1eebng \u0111\u01b0\u1eddng n\u00e9t kh\u00f4ng ch\u1ec9 kh\u1eb3ng \u0111\u1ecbnh v\u1ebb \u0111\u1eb9p hi\u1ec7n \u0111\u1ea1i m\u00e0 c\u00f2n t\u1ed1i \u01b0u h\u00f3a c\u00f4ng n\u0103ng. C\u00f4ng ngh\u1ec7 EcoSmart+ ti\u00ean ti\u1ebfn \u0111\u1ea3m b\u1ea3o d\u00f2ng ch\u1ea3y \u00eam \u00e1i, ti\u1ebft ki\u1ec7m n\u01b0\u1edbc v\u01b0\u1ee3t tr\u1ed9i m\u00e0 v\u1eabn gi\u1eef nguy\u00ean c\u1ea3m gi\u00e1c th\u01b0 th\u00e1i, d\u1ec5 ch\u1ecbu. Tecturis S kh\u00f4ng ch\u1ec9 l\u00e0 m\u1ed9t thi\u1ebft b\u1ecb, m\u00e0 c\u00f2n l\u00e0 \u0111i\u1ec3m nh\u1ea5n sang tr\u1ecdng, n\u00e2ng t\u1ea7m phong c\u00e1ch s\u1ed1ng c\u1ee7a b\u1ea1n.<\/p>\n","protected":false},"featured_media":88583,"comment_status":"open","ping_status":"closed","template":"","meta":{"_acf_changed":false},"product_cat":[883],"product_tag":[],"class_list":{"0":"post-97412","1":"product","2":"type-product","3":"status-publish","4":"has-post-thumbnail","6":"product_cat-voi-chau-2","7":"pa_mau-sac-chrome","8":"pa_mau-sac-den-mo","9":"pa_mau-sac-dong-xuoc","10":"pa_mau-sac-trang-mo","12":"first","13":"instock","14":"shipping-taxable","15":"purchasable","16":"product-type-variable"},"acf":[],"featured_media_urls":{"thumbnail":["https:\/\/trading.hhg.vn\/wp-content\/uploads\/2025\/11\/154__hpr05866_tif-150x150.png",150,150,true],"medium":["https:\/\/trading.hhg.vn\/wp-content\/uploads\/2025\/11\/154__hpr05866_tif-263x300.png",263,300,true],"medium_large":["https:\/\/trading.hhg.vn\/wp-content\/uploads\/2025\/11\/154__hpr05866_tif-768x878.png",768,878,true],"large":["https:\/\/trading.hhg.vn\/wp-content\/uploads\/2025\/11\/154__hpr05866_tif-896x1024.png",896,1024,true],"1536x1536":["https:\/\/trading.hhg.vn\/wp-content\/uploads\/2025\/11\/154__hpr05866_tif.png",1260,1440,false],"2048x2048":["https:\/\/trading.hhg.vn\/wp-content\/uploads\/2025\/11\/154__hpr05866_tif.png",1260,1440,false],"woocommerce_thumbnail":["https:\/\/trading.hhg.vn\/wp-content\/uploads\/2025\/11\/154__hpr05866_tif-600x600.png",600,600,true],"woocommerce_single":["https:\/\/trading.hhg.vn\/wp-content\/uploads\/2025\/11\/154__hpr05866_tif-1200x1371.png",1200,1371,true],"woocommerce_gallery_thumbnail":["https:\/\/trading.hhg.vn\/wp-content\/uploads\/2025\/11\/154__hpr05866_tif-150x171.png",150,171,true],"portfolio_item-thumbnail":["https:\/\/trading.hhg.vn\/wp-content\/uploads\/2025\/11\/154__hpr05866_tif.png",350,400,false],"portfolio_item-thumbnail@2x":["https:\/\/trading.hhg.vn\/wp-content\/uploads\/2025\/11\/154__hpr05866_tif.png",700,800,false],"portfolio_item-masonry":["https:\/\/trading.hhg.vn\/wp-content\/uploads\/2025\/11\/154__hpr05866_tif.png",600,686,false],"portfolio_item-masonry@2x":["https:\/\/trading.hhg.vn\/wp-content\/uploads\/2025\/11\/154__hpr05866_tif.png",1200,1371,false],"portfolio_item-thumbnail_cinema":["https:\/\/trading.hhg.vn\/wp-content\/uploads\/2025\/11\/154__hpr05866_tif.png",293,335,false],"portfolio_item-thumbnail_portrait":["https:\/\/trading.hhg.vn\/wp-content\/uploads\/2025\/11\/154__hpr05866_tif.png",600,686,false],"portfolio_item-thumbnail_portrait@2x":["https:\/\/trading.hhg.vn\/wp-content\/uploads\/2025\/11\/154__hpr05866_tif.png",1200,1371,false],"portfolio_item-thumbnail_square":["https:\/\/trading.hhg.vn\/wp-content\/uploads\/2025\/11\/154__hpr05866_tif.png",700,800,false]},"_links":{"self":[{"href":"https:\/\/trading.hhg.vn\/en\/wp-json\/wp\/v2\/product\/97412","targetHints":{"allow":["GET"]}}],"collection":[{"href":"https:\/\/trading.hhg.vn\/en\/wp-json\/wp\/v2\/product"}],"about":[{"href":"https:\/\/trading.hhg.vn\/en\/wp-json\/wp\/v2\/types\/product"}],"replies":[{"embeddable":true,"href":"https:\/\/trading.hhg.vn\/en\/wp-json\/wp\/v2\/comments?post=97412"}],"version-history":[{"count":2,"href":"https:\/\/trading.hhg.vn\/en\/wp-json\/wp\/v2\/product\/97412\/revisions"}],"predecessor-version":[{"id":118035,"href":"https:\/\/trading.hhg.vn\/en\/wp-json\/wp\/v2\/product\/97412\/revisions\/118035"}],"wp:featuredmedia":[{"embeddable":true,"href":"https:\/\/trading.hhg.vn\/en\/wp-json\/wp\/v2\/media\/88583"}],"wp:attachment":[{"href":"https:\/\/trading.hhg.vn\/en\/wp-json\/wp\/v2\/media?parent=97412"}],"wp:term":[{"taxonomy":"product_cat","embeddable":true,"href":"https:\/\/trading.hhg.vn\/en\/wp-json\/wp\/v2\/product_cat?post=97412"},{"taxonomy":"product_tag","embeddable":true,"href":"https:\/\/trading.hhg.vn\/en\/wp-json\/wp\/v2\/product_tag?post=97412"}],"curies":[{"name":"wp","href":"https:\/\/api.w.org\/{rel}","templated":true}]}}